{"id":7284,"date":"2020-07-03T16:51:06","date_gmt":"2020-07-03T16:51:06","guid":{"rendered":"https:\/\/greenhabitat.it\/contact\/"},"modified":"2023-04-20T09:53:52","modified_gmt":"2023-04-20T09:53:52","slug":"contact","status":"publish","type":"page","link":"https:\/\/greenhabitat.it\/fr\/contact\/","title":{"rendered":"Contact"},"content":{"rendered":"\t\t<div data-elementor-type=\"wp-page\" data-elementor-id=\"7284\" class=\"elementor elementor-7284 elementor-1016\" data-elementor-post-type=\"page\">\n\t\t\t\t\t\t<section class=\"elementor-section elementor-top-section elementor-element elementor-element-0ad2506 elementor-section-height-min-height elementor-section-boxed elementor-section-height-default elementor-section-items-middle\" data-id=\"0ad2506\" data-element_type=\"section\" data-settings=\"{&quot;background_background&quot;:&quot;classic&quot;}\">\n\t\t\t\t\t\t\t<div class=\"elementor-background-overlay\"><\/div>\n\t\t\t\t\t\t\t<div class=\"elementor-container elementor-column-gap-default\">\n\t\t\t\t\t<div class=\"elementor-column elementor-col-100 elementor-top-column elementor-element elementor-element-b520aaf\" data-id=\"b520aaf\" data-element_type=\"column\">\n\t\t\t<div class=\"elementor-widget-wrap elementor-element-populated\">\n\t\t\t\t\t\t<div class=\"elementor-element elementor-element-1a447f4 elementor-widget elementor-widget-heading\" data-id=\"1a447f4\" data-element_type=\"widget\" data-widget_type=\"heading.default\">\n\t\t\t\t<div class=\"elementor-widget-container\">\n\t\t\t\t\t<h1 class=\"elementor-heading-title elementor-size-default\">Nous contacter<\/h1>\t\t\t\t<\/div>\n\t\t\t\t<\/div>\n\t\t\t\t\t<\/div>\n\t\t<\/div>\n\t\t\t\t\t<\/div>\n\t\t<\/section>\n\t\t\t\t<section class=\"elementor-section elementor-top-section elementor-element elementor-element-2261e5e elementor-section-boxed elementor-section-height-default elementor-section-height-default\" data-id=\"2261e5e\" data-element_type=\"section\">\n\t\t\t\t\t\t<div class=\"elementor-container elementor-column-gap-default\">\n\t\t\t\t\t<div class=\"elementor-column elementor-col-100 elementor-top-column elementor-element elementor-element-7c2e9cc\" data-id=\"7c2e9cc\" data-element_type=\"column\">\n\t\t\t<div class=\"elementor-widget-wrap elementor-element-populated\">\n\t\t\t\t\t\t<div class=\"elementor-element elementor-element-fdbf3d4 elementor-widget elementor-widget-text-editor\" data-id=\"fdbf3d4\" data-element_type=\"widget\" data-widget_type=\"text-editor.default\">\n\t\t\t\t<div class=\"elementor-widget-container\">\n\t\t\t\t\t\t\t\t\t<nav aria-label=\"breadcrumbs\" class=\"rank-math-breadcrumb\"><p><span class=\"last\">Home<\/span><\/p><\/nav>\n\t\t\t\t\t\t\t\t<\/div>\n\t\t\t\t<\/div>\n\t\t\t\t\t<\/div>\n\t\t<\/div>\n\t\t\t\t\t<\/div>\n\t\t<\/section>\n\t\t\t\t<section class=\"elementor-section elementor-top-section elementor-element elementor-element-6bc832e elementor-section-boxed elementor-section-height-default elementor-section-height-default\" data-id=\"6bc832e\" data-element_type=\"section\">\n\t\t\t\t\t\t<div class=\"elementor-container elementor-column-gap-default\">\n\t\t\t\t\t<div class=\"elementor-column elementor-col-100 elementor-top-column elementor-element elementor-element-5ea4d90\" data-id=\"5ea4d90\" data-element_type=\"column\">\n\t\t\t<div class=\"elementor-widget-wrap elementor-element-populated\">\n\t\t\t\t\t\t<div class=\"elementor-element elementor-element-e7dfd6a elementor-widget elementor-widget-text-editor\" data-id=\"e7dfd6a\" data-element_type=\"widget\" data-widget_type=\"text-editor.default\">\n\t\t\t\t<div class=\"elementor-widget-container\">\n\t\t\t\t\t\t\t\t\t<p>Green Habitat s.r.l. a son si\u00e8ge \u00e0 Bologne et travaille dans toute l&rsquo;Europe avec de nombreuses r\u00e9alit\u00e9s.<br \/>Sp\u00e9cialis\u00e9s dans les technologies vertes, nous produisons et commercialisons, prot\u00e9g\u00e9s par des brevets, des syst\u00e8mes et des produits destin\u00e9s \u00e0 am\u00e9liorer la sant\u00e9 dans les environnements int\u00e9rieurs et ext\u00e9rieurs.<\/p><p>Si vous souhaitez obtenir des informations sur notre gamme de produits et les solutions que nous pouvons mettre en \u0153uvre, veuillez remplir le formulaire.<br \/>Si, au contraire, vous avez d\u00e9j\u00e0 des id\u00e9es claires, vous pouvez nous demander directement un devis.\u00a0<a href=\"https:\/\/greenhabitat.it\/preventivo\/\" target=\"_blank\" rel=\"noopener\">devis<\/a>.<\/p><p><em>Le personnel de Green Habitat<\/em><\/p><p>\u00a0<\/p><p><script charset=\"utf-8\" type=\"text\/javascript\" src=\"\/\/js.hsforms.net\/forms\/embed\/v2.js\"><\/script><br \/><script>\n  hbspt.forms.create({\n    region: \"na1\",\n    portalId: \"9406678\",\n    formId: \"ad303ffd-f09e-4bfd-8ee9-e9a3bd162f56\"\n  });\n<\/script><\/p>\t\t\t\t\t\t\t\t<\/div>\n\t\t\t\t<\/div>\n\t\t\t\t<section class=\"elementor-section elementor-inner-section elementor-element elementor-element-0dc4968 elementor-section-boxed elementor-section-height-default elementor-section-height-default\" data-id=\"0dc4968\" data-element_type=\"section\">\n\t\t\t\t\t\t<div class=\"elementor-container elementor-column-gap-default\">\n\t\t\t\t\t<div class=\"elementor-column elementor-col-50 elementor-inner-column elementor-element elementor-element-85f65f3\" data-id=\"85f65f3\" data-element_type=\"column\">\n\t\t\t<div class=\"elementor-widget-wrap elementor-element-populated\">\n\t\t\t\t\t\t<div class=\"elementor-element elementor-element-92d4b60 elementor-widget elementor-widget-google_maps\" data-id=\"92d4b60\" data-element_type=\"widget\" data-widget_type=\"google_maps.default\">\n\t\t\t\t<div class=\"elementor-widget-container\">\n\t\t\t\t\t\t\t<div class=\"elementor-custom-embed\">\n\t\t\t<iframe loading=\"lazy\"\n\t\t\t\t\tsrc=\"https:\/\/maps.google.com\/maps?q=Via%20Fiume%20Vecchio%20128%2FA%2C%20Marmorta%2C%20italia&#038;t=m&#038;z=10&#038;output=embed&#038;iwloc=near\"\n\t\t\t\t\ttitle=\"Via Fiume Vecchio 128\/A, Marmorta, italia\"\n\t\t\t\t\taria-label=\"Via Fiume Vecchio 128\/A, Marmorta, italia\"\n\t\t\t><\/iframe>\n\t\t<\/div>\n\t\t\t\t\t\t<\/div>\n\t\t\t\t<\/div>\n\t\t\t\t\t<\/div>\n\t\t<\/div>\n\t\t\t\t<div class=\"elementor-column elementor-col-50 elementor-inner-column elementor-element elementor-element-9cb5f42\" data-id=\"9cb5f42\" data-element_type=\"column\">\n\t\t\t<div class=\"elementor-widget-wrap elementor-element-populated\">\n\t\t\t\t\t\t<div class=\"elementor-element elementor-element-3625466 elementor-widget elementor-widget-heading\" data-id=\"3625466\" data-element_type=\"widget\" data-widget_type=\"heading.default\">\n\t\t\t\t<div class=\"elementor-widget-container\">\n\t\t\t\t\t<div class=\"elementor-heading-title elementor-size-default\">O\u00f9 nous sommes<\/div>\t\t\t\t<\/div>\n\t\t\t\t<\/div>\n\t\t\t\t<div class=\"elementor-element elementor-element-9c9a820 elementor-widget elementor-widget-heading\" data-id=\"9c9a820\" data-element_type=\"widget\" data-widget_type=\"heading.default\">\n\t\t\t\t<div class=\"elementor-widget-container\">\n\t\t\t\t\t<div class=\"elementor-heading-title elementor-size-default\">Attention : Nous recevons les visites uniquement sur rendez-vous<\/div>\t\t\t\t<\/div>\n\t\t\t\t<\/div>\n\t\t\t\t<div class=\"elementor-element elementor-element-68b8e14 elementor-widget elementor-widget-text-editor\" data-id=\"68b8e14\" data-element_type=\"widget\" data-widget_type=\"text-editor.default\">\n\t\t\t\t<div class=\"elementor-widget-container\">\n\t\t\t\t\t\t\t\t\t<p>Via Fiume Vecchio, 128\/A 40062 Marmorta (BO) &#8211; Italie<\/p>\n\t\t\t\t\t\t\t\t<\/div>\n\t\t\t\t<\/div>\n\t\t\t\t<div class=\"elementor-element elementor-element-b15dffb elementor-widget elementor-widget-heading\" data-id=\"b15dffb\" data-element_type=\"widget\" data-widget_type=\"heading.default\">\n\t\t\t\t<div class=\"elementor-widget-container\">\n\t\t\t\t\t<div class=\"elementor-heading-title elementor-size-default\">Comment nous contacter<\/div>\t\t\t\t<\/div>\n\t\t\t\t<\/div>\n\t\t\t\t<div class=\"elementor-element elementor-element-c8ae96f elementor-widget elementor-widget-text-editor\" data-id=\"c8ae96f\" data-element_type=\"widget\" data-widget_type=\"text-editor.default\">\n\t\t\t\t<div class=\"elementor-widget-container\">\n\t\t\t\t\t\t\t\t\t<p><strong>T\u00e9l\u00e9phone<\/strong>: +39 051 0471901<\/p>\n\t\t\t\t\t\t\t\t<\/div>\n\t\t\t\t<\/div>\n\t\t\t\t\t<\/div>\n\t\t<\/div>\n\t\t\t\t\t<\/div>\n\t\t<\/section>\n\t\t\t\t\t<\/div>\n\t\t<\/div>\n\t\t\t\t\t<\/div>\n\t\t<\/section>\n\t\t\t\t<\/div>\n\t\t","protected":false},"excerpt":{"rendered":"<p>Nous contacter Green Habitat s.r.l. a son si\u00e8ge \u00e0 Bologne et travaille dans toute l&rsquo;Europe avec de nombreuses r\u00e9alit\u00e9s.Sp\u00e9cialis\u00e9s dans les technologies vertes, nous produisons et commercialisons, prot\u00e9g\u00e9s par des brevets, des syst\u00e8mes et des produits destin\u00e9s \u00e0 am\u00e9liorer la sant\u00e9 dans les environnements int\u00e9rieurs et ext\u00e9rieurs. Si vous souhaitez obtenir des informations sur notre [&hellip;]<\/p>\n","protected":false},"author":3,"featured_media":0,"parent":0,"menu_order":0,"comment_status":"closed","ping_status":"closed","template":"","meta":{"_acf_changed":false,"content-type":"","footnotes":""},"class_list":["post-7284","page","type-page","status-publish","hentry"],"acf":[],"_links":{"self":[{"href":"https:\/\/greenhabitat.it\/fr\/wp-json\/wp\/v2\/pages\/7284","targetHints":{"allow":["GET"]}}],"collection":[{"href":"https:\/\/greenhabitat.it\/fr\/wp-json\/wp\/v2\/pages"}],"about":[{"href":"https:\/\/greenhabitat.it\/fr\/wp-json\/wp\/v2\/types\/page"}],"author":[{"embeddable":true,"href":"https:\/\/greenhabitat.it\/fr\/wp-json\/wp\/v2\/users\/3"}],"replies":[{"embeddable":true,"href":"https:\/\/greenhabitat.it\/fr\/wp-json\/wp\/v2\/comments?post=7284"}],"version-history":[{"count":3,"href":"https:\/\/greenhabitat.it\/fr\/wp-json\/wp\/v2\/pages\/7284\/revisions"}],"predecessor-version":[{"id":9638,"href":"https:\/\/greenhabitat.it\/fr\/wp-json\/wp\/v2\/pages\/7284\/revisions\/9638"}],"wp:attachment":[{"href":"https:\/\/greenhabitat.it\/fr\/wp-json\/wp\/v2\/media?parent=7284"}],"curies":[{"name":"wp","href":"https:\/\/api.w.org\/{rel}","templated":true}]}}