{"id":7266,"date":"2020-07-06T09:00:58","date_gmt":"2020-07-06T09:00:58","guid":{"rendered":"https:\/\/greenhabitat.it\/zone-de-telechargement\/"},"modified":"2023-04-20T09:55:10","modified_gmt":"2023-04-20T09:55:10","slug":"zone-de-telechargement","status":"publish","type":"page","link":"https:\/\/greenhabitat.it\/fr\/zone-de-telechargement\/","title":{"rendered":"Zone de t\u00e9l\u00e9chargement"},"content":{"rendered":"\t\t<div data-elementor-type=\"wp-page\" data-elementor-id=\"7266\" class=\"elementor elementor-7266\" data-elementor-post-type=\"page\">\n\t\t\t\t\t\t<section class=\"elementor-section elementor-top-section elementor-element elementor-element-83fdeb0 elementor-section-height-min-height elementor-section-boxed elementor-section-height-default elementor-section-items-middle\" data-id=\"83fdeb0\" data-element_type=\"section\" data-e-type=\"section\" data-settings=\"{&quot;background_background&quot;:&quot;classic&quot;}\">\n\t\t\t\t\t\t\t<div class=\"elementor-background-overlay\"><\/div>\n\t\t\t\t\t\t\t<div class=\"elementor-container elementor-column-gap-default\">\n\t\t\t\t\t<div class=\"elementor-column elementor-col-100 elementor-top-column elementor-element elementor-element-9d63288\" data-id=\"9d63288\" data-element_type=\"column\" data-e-type=\"column\">\n\t\t\t<div class=\"elementor-widget-wrap elementor-element-populated\">\n\t\t\t\t\t\t<div class=\"elementor-element elementor-element-25af131 elementor-widget elementor-widget-heading\" data-id=\"25af131\" data-element_type=\"widget\" data-e-type=\"widget\" data-widget_type=\"heading.default\">\n\t\t\t\t<div class=\"elementor-widget-container\">\n\t\t\t\t\t<h1 class=\"elementor-heading-title elementor-size-default\">Zone de t\u00e9l\u00e9chargement<\/h1>\t\t\t\t<\/div>\n\t\t\t\t<\/div>\n\t\t\t\t\t<\/div>\n\t\t<\/div>\n\t\t\t\t\t<\/div>\n\t\t<\/section>\n\t\t\t\t<section class=\"elementor-section elementor-top-section elementor-element elementor-element-30d0c42 elementor-section-full_width elementor-section-height-default elementor-section-height-default\" data-id=\"30d0c42\" data-element_type=\"section\" data-e-type=\"section\">\n\t\t\t\t\t\t<div class=\"elementor-container elementor-column-gap-default\">\n\t\t\t\t\t<div class=\"elementor-column elementor-col-50 elementor-top-column elementor-element elementor-element-bc4a2f9\" data-id=\"bc4a2f9\" data-element_type=\"column\" data-e-type=\"column\">\n\t\t\t<div class=\"elementor-widget-wrap elementor-element-populated\">\n\t\t\t\t\t\t<div class=\"elementor-element elementor-element-20c18e6 elementor-widget elementor-widget-image\" data-id=\"20c18e6\" data-element_type=\"widget\" data-e-type=\"widget\" data-widget_type=\"image.default\">\n\t\t\t\t<div class=\"elementor-widget-container\">\n\t\t\t\t\t\t\t\t\t\t\t\t\t\t\t<img fetchpriority=\"high\" decoding=\"async\" width=\"954\" height=\"1093\" src=\"https:\/\/greenhabitat.it\/wp-content\/uploads\/2021\/11\/copertina_catalogo_sito_web.jpg\" class=\"attachment-full size-full wp-image-7011\" alt=\"\" srcset=\"https:\/\/greenhabitat.it\/wp-content\/uploads\/2021\/11\/copertina_catalogo_sito_web.jpg 954w, https:\/\/greenhabitat.it\/wp-content\/uploads\/2021\/11\/copertina_catalogo_sito_web-262x300.jpg 262w, https:\/\/greenhabitat.it\/wp-content\/uploads\/2021\/11\/copertina_catalogo_sito_web-894x1024.jpg 894w, https:\/\/greenhabitat.it\/wp-content\/uploads\/2021\/11\/copertina_catalogo_sito_web-768x880.jpg 768w, https:\/\/greenhabitat.it\/wp-content\/uploads\/2021\/11\/copertina_catalogo_sito_web-600x687.jpg 600w\" sizes=\"(max-width: 954px) 100vw, 954px\" \/>\t\t\t\t\t\t\t\t\t\t\t\t\t\t\t<\/div>\n\t\t\t\t<\/div>\n\t\t\t\t\t<\/div>\n\t\t<\/div>\n\t\t\t\t<div class=\"elementor-column elementor-col-50 elementor-top-column elementor-element elementor-element-3914785\" data-id=\"3914785\" data-element_type=\"column\" data-e-type=\"column\">\n\t\t\t<div class=\"elementor-widget-wrap elementor-element-populated\">\n\t\t\t\t\t\t<div class=\"elementor-element elementor-element-887ff84 elementor-widget elementor-widget-heading\" data-id=\"887ff84\" data-element_type=\"widget\" data-e-type=\"widget\" data-widget_type=\"heading.default\">\n\t\t\t\t<div class=\"elementor-widget-container\">\n\t\t\t\t\t<h2 class=\"elementor-heading-title elementor-size-default\">T\u00e9l\u00e9charger notre catalogue<\/h2>\t\t\t\t<\/div>\n\t\t\t\t<\/div>\n\t\t\t\t<div class=\"elementor-element elementor-element-005ac40 elementor-widget elementor-widget-text-editor\" data-id=\"005ac40\" data-element_type=\"widget\" data-e-type=\"widget\" data-widget_type=\"text-editor.default\">\n\t\t\t\t<div class=\"elementor-widget-container\">\n\t\t\t\t\t\t\t\t\t<p><span data-sheets-value=\"{\" data-sheets-userformat=\"{\">Laissez-vous inspirer par le nouveau catalogue GreenHabitat, des solutions de conception \u00e9cologique ax\u00e9es sur la biophilie et la sant\u00e9 humaine, les \u00e9conomies d&rsquo;\u00e9nergie et la construction durable. <\/span><span data-sheets-value=\"{\" data-sheets-userformat=\"{\"><br \/><\/span><\/p><p>T\u00e9l\u00e9chargez la fiche technique maintenant, en remplissant le formulaire ci-dessous :<\/p><p>\u00a0<\/p><p><script charset=\"utf-8\" type=\"text\/javascript\" src=\"\/\/js.hsforms.net\/forms\/embed\/v2.js\"><\/script><br \/><script>\n  hbspt.forms.create({\n    region: \"na1\",\n    portalId: \"9406678\",\n    formId: \"8fb3b039-8432-4add-a48f-8a9110e7c37d\"\n  });\n<\/script><\/p>\t\t\t\t\t\t\t\t<\/div>\n\t\t\t\t<\/div>\n\t\t\t\t\t<\/div>\n\t\t<\/div>\n\t\t\t\t\t<\/div>\n\t\t<\/section>\n\t\t\t\t<\/div>\n\t\t","protected":false},"excerpt":{"rendered":"<p>Zone de t\u00e9l\u00e9chargement T\u00e9l\u00e9charger notre catalogue Laissez-vous inspirer par le nouveau catalogue GreenHabitat, des solutions de conception \u00e9cologique ax\u00e9es sur la biophilie et la sant\u00e9 humaine, les \u00e9conomies d&rsquo;\u00e9nergie et la construction durable. T\u00e9l\u00e9chargez la fiche technique maintenant, en remplissant le formulaire ci-dessous : \u00a0<\/p>\n","protected":false},"author":3,"featured_media":0,"parent":0,"menu_order":0,"comment_status":"closed","ping_status":"closed","template":"","meta":{"_acf_changed":false,"content-type":"","footnotes":""},"class_list":["post-7266","page","type-page","status-publish","hentry"],"acf":[],"_links":{"self":[{"href":"https:\/\/greenhabitat.it\/fr\/wp-json\/wp\/v2\/pages\/7266","targetHints":{"allow":["GET"]}}],"collection":[{"href":"https:\/\/greenhabitat.it\/fr\/wp-json\/wp\/v2\/pages"}],"about":[{"href":"https:\/\/greenhabitat.it\/fr\/wp-json\/wp\/v2\/types\/page"}],"author":[{"embeddable":true,"href":"https:\/\/greenhabitat.it\/fr\/wp-json\/wp\/v2\/users\/3"}],"replies":[{"embeddable":true,"href":"https:\/\/greenhabitat.it\/fr\/wp-json\/wp\/v2\/comments?post=7266"}],"version-history":[{"count":3,"href":"https:\/\/greenhabitat.it\/fr\/wp-json\/wp\/v2\/pages\/7266\/revisions"}],"predecessor-version":[{"id":9644,"href":"https:\/\/greenhabitat.it\/fr\/wp-json\/wp\/v2\/pages\/7266\/revisions\/9644"}],"wp:attachment":[{"href":"https:\/\/greenhabitat.it\/fr\/wp-json\/wp\/v2\/media?parent=7266"}],"curies":[{"name":"wp","href":"https:\/\/api.w.org\/{rel}","templated":true}]}}