{"id":9321,"date":"2021-06-07T13:42:28","date_gmt":"2021-06-07T13:42:28","guid":{"rendered":"https:\/\/greenhabitat.it\/condiciones-generales-de-venta\/"},"modified":"2023-03-27T14:06:49","modified_gmt":"2023-03-27T14:06:49","slug":"condiciones-generales-de-venta","status":"publish","type":"page","link":"https:\/\/greenhabitat.it\/es\/condiciones-generales-de-venta\/","title":{"rendered":"Condiciones generales de venta"},"content":{"rendered":"\t\t<div data-elementor-type=\"wp-page\" data-elementor-id=\"9321\" class=\"elementor elementor-9321 elementor-2828\" data-elementor-post-type=\"page\">\n\t\t\t\t\t\t<section class=\"elementor-section elementor-top-section elementor-element elementor-element-675718da elementor-section-boxed elementor-section-height-default elementor-section-height-default\" data-id=\"675718da\" data-element_type=\"section\" data-e-type=\"section\">\n\t\t\t\t\t\t<div class=\"elementor-container elementor-column-gap-default\">\n\t\t\t\t\t<div class=\"elementor-column elementor-col-100 elementor-top-column elementor-element elementor-element-54879909\" data-id=\"54879909\" data-element_type=\"column\" data-e-type=\"column\">\n\t\t\t<div class=\"elementor-widget-wrap elementor-element-populated\">\n\t\t\t\t\t\t<div class=\"elementor-element elementor-element-ed1583e elementor-widget elementor-widget-heading\" data-id=\"ed1583e\" data-element_type=\"widget\" data-e-type=\"widget\" data-widget_type=\"heading.default\">\n\t\t\t\t<div class=\"elementor-widget-container\">\n\t\t\t\t\t<h1 class=\"elementor-heading-title elementor-size-default\">Condiciones generales de venta<\/h1>\t\t\t\t<\/div>\n\t\t\t\t<\/div>\n\t\t\t\t<div class=\"elementor-element elementor-element-1730c511 elementor-widget elementor-widget-text-editor\" data-id=\"1730c511\" data-element_type=\"widget\" data-e-type=\"widget\" data-widget_type=\"text-editor.default\">\n\t\t\t\t<div class=\"elementor-widget-container\">\n\t\t\t\t\t\t\t\t\t<p>Las presentes condiciones generales de venta en l\u00ednea rigen el contrato de venta (en adelante, el \u00abContrato\u00bb) de productos (en adelante, el \u00abproducto\u00bb o los \u00abproductos\u00bb) ofrecidos por GREEN HABITAT SRL via Fiume Vecchio 128\/A &#8211; 40062 Molinella (Bo) &#8211; Italia, CF\/VAT n\u00ba 03460751203, &#8211; a trav\u00e9s de su sitio Internet http:\/\/www.greenhabitat.it (en adelante, el \u00absitio\u00bb) a los usuarios del sitio (en adelante, los \u00abclientes\u00bb o el \u00abcliente\u00bb). Las presentes condiciones generales de venta se aplicar\u00e1n exclusivamente a los clientes que tengan la condici\u00f3n de \u00abconsumidores\u00bb en el sentido del Art. 3(1)(a) del Decreto Legislativo n\u00fam. 6 de septiembre de 2005, no. 206, es decir, \u00abpersonas f\u00edsicas que act\u00faen con fines ajenos a su actividad empresarial o profesional\u00bb. Toda la informaci\u00f3n del sitio est\u00e1 en italiano. El cliente declara haber le\u00eddo toda la informaci\u00f3n anterior y las condiciones generales de venta antes de realizar el pedido. Asimismo, el cliente declara tener capacidad legal para comprometerse de conformidad con las presentes condiciones generales.<\/p>\n<ol>\n<li><strong>Objeto<\/strong>\n<p>Las presentes condiciones generales de venta tienen por objeto definir los derechos y obligaciones de las partes en el marco de una venta a distancia de bienes ofrecidos en la tienda en l\u00ednea http:\/\/www.greenhabitat.it.<\/p>\n<\/li>\n<li><strong>Cobertura territorial y de abastecimiento<\/strong>\n<p>Esta versi\u00f3n de las condiciones generales de venta se refiere exclusivamente a las ventas realizadas a consumidores que tengan su domicilio o residencia en Italia.<\/p>\n<\/li>\n<li><strong>Documentos contractuales<\/strong>\n<p>El presente contrato consta de los siguientes documentos las presentes condiciones generales de venta 2. la confirmaci\u00f3n del pedido. Las fotograf\u00edas que ilustran los productos del sitio web est\u00e1n fuera del \u00e1mbito del contrato y se facilitan \u00fanicamente con fines descriptivos.<\/p>\n<\/li>\n<li><strong>Recepci\u00f3n de pedidos<\/strong>\n<p>Toda confirmaci\u00f3n de pedido firmada por el clic de validaci\u00f3n constituye un compromiso irrevocable por parte del cliente que s\u00f3lo podr\u00e1 cuestionarse en los casos previstos en el presente contrato en los art\u00edculos \u00abDerecho de retractaci\u00f3n\u00bb y \u00abEjecuci\u00f3n del pedido\u00bb. Si el usuario no est\u00e1 de acuerdo con alguno de los t\u00e9rminos expuestos en las condiciones generales de venta, se le invita a no realizar el pedido y a ponerse en contacto con el personal de GREEN HABITAT SRL para cualquier aclaraci\u00f3n.<\/p>\n<\/li>\n<li><strong>Aceptaci\u00f3n del pedido<\/strong>\n<p>El contrato s\u00f3lo se perfeccionar\u00e1 tras la confirmaci\u00f3n del pedido por parte de GREEN HABITAT SRL . El cliente recibir\u00e1 un acuse de recibo por correo electr\u00f3nico que contendr\u00e1 la confirmaci\u00f3n del pedido con todos los elementos constitutivos del contrato (incluidos los productos solicitados, los precios, las fechas de entrega y los gastos de env\u00edo). GREEN HABITAT SRL se reserva el derecho de no confirmar un pedido por cualquier raz\u00f3n relacionada en particular con un problema de suministro de productos, o un problema con el pedido recibido. GREEN HABITAT SRL no se hace responsable de los errores de entrega debidos a inexactitudes o a la cumplimentaci\u00f3n incompleta de la orden de compra por parte del cliente. Adem\u00e1s, GREEN HABITAT SRL no podr\u00e1 ser considerada responsable de los da\u00f1os que puedan sufrir los productos despu\u00e9s de la entrega al transportista encargado de su transporte, ni de los retrasos en la entrega imputables a este \u00faltimo.<\/p>\n<\/li>\n<li><strong>Disponibilidad del producto<\/strong>\n<p>Las ofertas de este sitio ser\u00e1n v\u00e1lidas mientras los productos enumerados sigan en l\u00ednea y hasta agotar existencias. GREEN HABITAT tambi\u00e9n se reserva el derecho de informar al cliente, dentro de los 20 d\u00edas siguientes a la compra, en la direcci\u00f3n de correo electr\u00f3nico asociada a su perfil, de la posible indisponibilidad de uno o varios de los productos adquiridos. En el caso de la compra de un producto que ya no est\u00e1 disponible, GREEN HABITAT SRL reembolsar\u00e1 (a la tarjeta de pago o cuenta Pay Pal indicada por el cliente en el momento de la compra o por transferencia bancaria, cuyos detalles se comunicar\u00e1n despu\u00e9s del registro) el precio y los gastos de env\u00edo incurridos por el cliente. No obstante, la indisponibilidad de uno o varios de los productos solicitados no dar\u00e1 derecho al cliente a anular la totalidad del pedido.<\/p>\n<\/li>\n<li><strong>Precios &#8211; factura<\/strong>\n<p>Los precios son en euros e incluyen el IVA al 4%, 10% o 22% seg\u00fan el tipo de mercanc\u00eda. El precio garantizado al comprador es el publicado en el sitio en el momento de realizar el pedido. Los precios de los productos son finales. No incluyen los gastos de env\u00edo, que se indicar\u00e1n en la confirmaci\u00f3n del pedido. En el caso de precios promocionales o descuentos, el precio inicial sobre el que se aplica el descuento o la promoci\u00f3n es el precio de cat\u00e1logo oficial facilitado por la marca.<\/p>\n<\/li>\n<li><strong>Pago<\/strong>\n<p>El cliente que desee proceder a la compra de los productos deber\u00e1 expresar este deseo mediante una solicitud realizada directamente en el sitio, en la secci\u00f3n dedicada, donde, siguiendo los procedimientos indicados en la misma, enviar\u00e1 su orden de compra y efectuar\u00e1 el pago. El pago debe efectuarse en el momento de realizar el pedido. El cliente se compromete a pagar el precio acordado por el producto solicitado en el sitio (precio de los productos y transporte) utilizando los m\u00e9todos de pago disponibles. El cliente garantiza a GREEN HABITAT SRL que dispone de las autorizaciones necesarias para utilizar el instrumento de pago indicado en el pedido. En caso de que GREEN HABITAT SRL no reciba el pago, GREEN HABITAT SRL se reserva el derecho de anular el pedido. En el caso de pago con tarjeta de cr\u00e9dito, GREEN HABITAT SRL se reserva el derecho de solicitar el env\u00edo, en un plazo de 24 horas, de una copia del documento de identidad que acredite la titularidad real de la tarjeta de cr\u00e9dito utilizada, entendi\u00e9ndose que, en ausencia de la presentaci\u00f3n requerida, GREEN HABITAT SRL podr\u00e1 rechazar el pago y cancelar el pedido. Los datos de pago se procesar\u00e1n a trav\u00e9s de una conexi\u00f3n segura de servidor a servidor mediante el protocolo SSL (Secure Sockets Layer).<\/p>\n<\/li>\n<li><strong>Transferencia de riesgos<\/strong>\n<p>La transferencia del riesgo al cliente se produce en el momento de la entrega de los productos al transportista por GREEN HABITAT SRL. Durante el periodo de desistimiento mencionado en el art\u00edculo 13, el cliente es responsable del objeto en calidad de depositario. En caso de da\u00f1o o destrucci\u00f3n del producto mientras se encuentre bajo la custodia del cliente, \u00e9ste asumir\u00e1 todas las consecuencias.<\/p>\n<\/li>\n<li><strong>Ejecuci\u00f3n de pedidos<\/strong>\n<p>El pedido se llevar\u00e1 a cabo en los t\u00e9rminos especificados en el Sitio y tras la aceptaci\u00f3n del pedido por GREEN HABITAT SRL y, en cualquier caso, dentro de los 30 d\u00edas siguientes a la confirmaci\u00f3n del pedido a reserva de la disponibilidad del producto solicitado y salvo acuerdo espec\u00edfico entre las partes. En caso de agotamiento de las existencias o de indisponibilidad del producto pedido, GREEN HABITAT SRL se compromete a informar al cliente lo antes posible y a precisar un posible plazo de nueva disponibilidad. V\u00e9ase el art\u00edculo 6 relativo a la disponibilidad de los productos.<\/p>\n<\/li>\n<li><strong>Entrega<\/strong>\n<p>La zona geogr\u00e1fica de entrega corresponde a la zona geogr\u00e1fica de cobertura de la oferta. Las entregas se realizan de lunes a viernes. Los productos se entregan en la direcci\u00f3n indicada por el cliente. La entrega se realiza a pie de calle. A menos que se especifique lo contrario en el momento de la compra, GREEN HABITAT SRL no proporciona un servicio de instalaci\u00f3n de los productos vendidos. GREEN HABITAT SRL , con sujeci\u00f3n a lo dispuesto en el Art. 6, se compromete a entregar los productos en la direcci\u00f3n comunicada por el cliente en la orden de compra, mediante el transportista encargado de su transporte. GREEN HABITAT SRL no se hace responsable de los errores de entrega debidos a inexactitudes o a la cumplimentaci\u00f3n incompleta de la orden de compra por parte del cliente. Adem\u00e1s, GREEN HABITAT SRL no se hace responsable de los da\u00f1os que puedan sufrir los productos despu\u00e9s de la entrega al transportista encargado de transportarlos, ni de los retrasos en la entrega imputables a este \u00faltimo. GREEN HABITAT SRL realiza entregas en toda Italia. Las entregas en c\u00f3digos postales inconvenientes pueden dar lugar a variaciones en las tarifas de transporte indicadas. La entrega se realiza a trav\u00e9s de empresas de mensajer\u00eda seleccionadas por GREEN HABITAT SRL; los apartados de correos no se consideran direcciones v\u00e1lidas para la entrega. El documento de entrega expedido por el transportista, fechado y firmado por el cliente en el momento de la entrega del producto constituir\u00e1 la prueba del transporte y del levante de la mercanc\u00eda. En el momento de la entrega, el cliente deber\u00e1 comprobar el contenido, la conformidad y el estado del producto o productos. En caso de retrasos, aver\u00edas, p\u00e9rdida total o parcial u otros problemas, el cliente tiene derecho a recurrir al transportista sin que GREEN HABITAT SRL pueda ser considerada responsable. Por lo tanto, a la entrega, GREEN HABITAT SRL recomienda que el cliente proceda a comprobar el estado de los productos entregados antes de firmar el recibo. Si se detectan anomal\u00edas, el cliente debe negarse a aceptar la entrega de los productos o formular sus reservas, detalladas y fechadas, por escrito. Dichas reservas deber\u00e1n ser confirmadas a GREEN HABITAT SRL por carta certificada con acuse de recibo dentro de los tres (3) d\u00edas h\u00e1biles siguientes a la entrega de los productos.<\/p>\n<\/li>\n<li><strong>Retirada de productos en caso de ausencia del cliente<\/strong>\n<p>Si el destinatario est\u00e1 ausente durante la entrega, el transportista dejar\u00e1 una nota en la direcci\u00f3n de entrega indicada por el cliente. Si el destinatario est\u00e1 ausente incluso en el segundo intento de entrega, los productos se recoger\u00e1n en la direcci\u00f3n y de la forma especificada por el transportista. En caso de no recoger los productos en el plazo establecido por el transportista, los productos ser\u00e1n devueltos a GREEN HABITAT SRL, que se reserva el derecho de reembolsar el precio de los productos, deduciendo los gastos de almacenamiento y devoluci\u00f3n a cargo del cliente.<\/p>\n<\/li>\n<li><strong>Derecho de retractaci\u00f3n<\/strong>\n<p>El cliente tiene derecho a rescindir el Contrato, sin penalizaci\u00f3n y sin especificar el motivo, a partir de la recepci\u00f3n de la confirmaci\u00f3n del pedido enviada por GREEN HABITAT SRL en un plazo m\u00e1ximo de catorce (14) d\u00edas a partir de la recepci\u00f3n del producto en la direcci\u00f3n indicada para la entrega. El justificante de recepci\u00f3n es la fecha que figura en el albar\u00e1n de entrega. El cliente podr\u00e1 ejercer el derecho de desistimiento a trav\u00e9s del correspondiente procedimiento guiado disponible en el sitio en la secci\u00f3n \u00absu perfil\u00bb o, alternativamente, a trav\u00e9s de la direcci\u00f3n de correo electr\u00f3nico businnes@greenhabitat.it. Si el producto ya ha sido entregado, el cliente deber\u00e1 devolverlo a GREEN HABITAT SRL . Para ello: 1. el plazo para devolver el producto es de catorce d\u00edas a partir de la recepci\u00f3n del producto; la fecha que figure en el albar\u00e1n de entrega constituir\u00e1 prueba plena. A efectos del plazo, se considera que el producto ha sido devuelto en el momento en que se entrega a la oficina de correos aceptante. 2. en caso de que se haya producido la entrega del producto, la integridad sustancial del producto a devolver es una condici\u00f3n esencial para el ejercicio del derecho de desistimiento. el cliente debe enviar el producto debidamente embalado y empaquetado; GREEN HABITAT SRL no aceptar\u00e1 devoluciones da\u00f1adas, pero mantenido en un estado normal de conservaci\u00f3n, almacenados con el uso de la diligencia normal. No se sustituir\u00e1n ni reembolsar\u00e1n los productos da\u00f1ados por detergentes\/aditivos, ni los da\u00f1ados por el cliente debido a su inexperiencia. El cliente deber\u00e1 colocar una copia del documento de entrega recibido dentro de la caja de embalaje. Los riesgos de transporte para la devoluci\u00f3n de los productos corren enteramente a cargo del cliente. 3. Los gastos de devoluci\u00f3n de la mercanc\u00eda a GREEN HABITAT SRL correr\u00e1n a cargo del cliente. Si el cliente ejerce el derecho de desistimiento de conformidad con lo dispuesto en las presentes condiciones de venta, GREEN HABITAT SRL reembolsar\u00e1 las sumas pagadas por el cliente a la tarjeta de cr\u00e9dito o cuenta Pay Pal o a trav\u00e9s de los datos bancarios comunicados por el mismo. El reembolso se efectuar\u00e1 gratuitamente, en un plazo de 14 d\u00edas a partir de la fecha en que GREEN HABITAT SRL tuvo conocimiento del ejercicio del derecho de desistimiento por parte del cliente. Seg\u00fan lo dispuesto en el Decreto Legislativo 6\/9\/2005 n\u00ba. 206 y el art\u00edculo 55 del C\u00f3digo de Consumo, el derecho de retractaci\u00f3n regulado por las presentes condiciones de venta no se aplica a los bienes hechos a medida o claramente personalizados o que, por su naturaleza, no puedan devolverse o puedan deteriorarse o alterarse r\u00e1pidamente.<\/p>\n<\/li>\n<li><strong>Garant\u00edas y cl\u00e1usulas de exclusi\u00f3n<\/strong>\n<p>GREEN HABITAT garantiza los productos conforme a la ley. Queda excluida cualquier responsabilidad de GREEN HABITAT, como vendedor, por da\u00f1os no previstos por las disposiciones legales obligatorias.<br>El Comprador se compromete a no utilizar los productos para un uso distinto de aquel para el que est\u00e1n destinados y son adecuados, y a respetar las instrucciones proporcionadas por GREEN HABITAT junto con los productos para su uso, instalaci\u00f3n y mantenimiento, bajo pena de p\u00e9rdida de la garant\u00eda mencionada en la cl\u00e1usula anterior.<br>El comprador exime a GREEN HABITAT de toda responsabilidad por olores de maleza y cambios de tonalidad atribuibles al origen natural del producto, en particular para el \u00abverde natural estabilizado\u00bb.<br>Siempre con referencia a los suministros de \u00abverde natural estabilizado\u00bb, el Comprador, al firmar las presentes condiciones generales de venta, queda informado de que no debe exponer el producto a la luz directa del sol, de que no debe ponerlo en contacto con fuentes de calor o sistemas de calefacci\u00f3n, de que no debe regar ni rociar o limpiar el producto con agua que el producto s\u00f3lo puede ser utilizado en interiores con un nivel de humedad no inferior al 40%; en consecuencia, el Comprador exonera a GREEN HABITAT de toda responsabilidad por cualquier uso y\/o modo de almacenamiento del producto que difiera de las indicaciones proporcionadas por GREEN HABITAT.<\/p>\n<\/li>\n<li><strong>Uso del sitio<\/strong>\n<p>Las descripciones de los productos y las im\u00e1genes del sitio corresponden a las puestas a disposici\u00f3n por los proveedores de GREEN HABITAT SRL a la propia GREEN HABITAT SRL. Las fotograf\u00edas y v\u00eddeos de presentaci\u00f3n de los productos que acompa\u00f1an a la informaci\u00f3n descriptiva se publican en el sitio a modo de descripci\u00f3n, teniendo en cuenta que la calidad de las im\u00e1genes, incluida la visualizaci\u00f3n exacta de las variantes de color, puede depender del software y de las herramientas inform\u00e1ticas utilizadas por el cliente en el momento de conectarse al sitio. GREEN HABITAT SRL no acepta ninguna responsabilidad por los problemas causados al cliente por el uso del sitio y las tecnolog\u00edas utilizadas, ya que est\u00e1n fuera de su control.<\/p>\n<\/li>\n<li><strong>Derechos de propiedad intelectual e industrial<\/strong>\n<p>GREEN HABITAT SRL le informa de que el sitio, as\u00ed como todas las marcas y signos distintivos utilizados en relaci\u00f3n con la venta de los productos propuestos, est\u00e1n protegidos por los derechos de propiedad intelectual e industrial aplicables, quedando prohibida su reproducci\u00f3n, comunicaci\u00f3n, distribuci\u00f3n, publicaci\u00f3n, alteraci\u00f3n o transformaci\u00f3n, en cualquier forma y para cualquier fin. GREEN HABITAT SRL se reserva el derecho de emprender acciones legales para proteger estos aspectos. GREEN HABITAT SRL no asume ninguna responsabilidad por las marcas y otros signos distintivos que figuren en los productos que comercializa en el sitio, respecto de los cuales el cliente no adquiere ning\u00fan derecho tras la celebraci\u00f3n del Contrato.<\/p>\n<\/li>\n<li><strong>Protecci\u00f3n de datos personales<\/strong>\n<p>GREEN HABITAT SRL es el propietario de los datos personales recogidos en el momento del registro en el sitio, as\u00ed como los comunicados posteriormente en el momento de la compra por parte del cliente, con la excepci\u00f3n de los datos relativos al procedimiento de pago para el que se hace referencia a las instituciones bancarias a trav\u00e9s del cual la transacci\u00f3n se lleva a cabo. Para obtener informaci\u00f3n sobre el tratamiento de datos personales, incluidos los derechos contemplados en el art. 7 del Decreto Legislativo 196\/03, consulte la informaci\u00f3n detallada que ya se le facilit\u00f3 al inscribirse en http:\/\/www.greenhabitat.it.<\/p>\n<\/li>\n<li><strong>Firma electr\u00f3nica<\/strong>\n<p>El \u00abclic de validaci\u00f3n\u00bb constituye una firma electr\u00f3nica. Esta firma electr\u00f3nica tiene el mismo valor entre las partes que una firma manuscrita.<\/p>\n<\/li>\n<li><strong>Integridad del contrato<\/strong>\n<p>Las presentes condiciones generales constituyen la totalidad de las obligaciones de las partes. Ninguna otra condici\u00f3n general o particular comunicada por el cliente podr\u00e1 incluirse en las presentes condiciones generales ni apartarse de ellas.<\/p>\n<\/li>\n<li><strong>Nulidad<\/strong>\n<p>En caso de que una o varias disposiciones de las presentes condiciones generales sean consideradas nulas o declaradas inv\u00e1lidas por aplicaci\u00f3n de una ley, un reglamento o a ra\u00edz de una decisi\u00f3n definitiva de una jurisdicci\u00f3n competente, las dem\u00e1s disposiciones conservar\u00e1n toda su fuerza y efecto.<\/p>\n<\/li>\n<li><strong>Comunicaciones<\/strong>\n<p>Para cualquier comunicaci\u00f3n, p\u00f3ngase en contacto con GREEN HABITAT SRL en las siguientes direcciones: GREEN HABITAT SRL via Fiume Vecchio 128\/A &#8211; 40062 Molinella (Bo) &#8211; email: business@greenhabitat.it<\/p>\n<\/li>\n<li><strong>Im\u00e1genes y descripciones de productos<\/strong>\n<p>Las im\u00e1genes y las descripciones de los productos son meramente indicativas, por lo que pueden no ser totalmente representativas de las caracter\u00edsticas de los productos, diferir en color, tama\u00f1o o accesorios.<\/p>\n<\/li>\n<li><strong>Legislaci\u00f3n aplicable<\/strong>\n<p>El contrato de venta entre el Cliente y GREEN HABITAT SRL se celebra en Italia y se rige por la ley italiana.<\/p>\n<\/li>\n<\/ol>\t\t\t\t\t\t\t\t<\/div>\n\t\t\t\t<\/div>\n\t\t\t\t\t<\/div>\n\t\t<\/div>\n\t\t\t\t\t<\/div>\n\t\t<\/section>\n\t\t\t\t<\/div>\n\t\t","protected":false},"excerpt":{"rendered":"<p>Condiciones generales de venta Las presentes condiciones generales de venta en l\u00ednea rigen el contrato de venta (en adelante, el \u00abContrato\u00bb) de productos (en adelante, el \u00abproducto\u00bb o los \u00abproductos\u00bb) ofrecidos por GREEN HABITAT SRL via Fiume Vecchio 128\/A &#8211; 40062 Molinella (Bo) &#8211; Italia, CF\/VAT n\u00ba 03460751203, &#8211; a trav\u00e9s de su sitio Internet [&hellip;]<\/p>\n","protected":false},"author":3,"featured_media":0,"parent":0,"menu_order":0,"comment_status":"closed","ping_status":"closed","template":"","meta":{"_acf_changed":false,"content-type":"","footnotes":""},"class_list":["post-9321","page","type-page","status-publish","hentry"],"acf":[],"_links":{"self":[{"href":"https:\/\/greenhabitat.it\/es\/wp-json\/wp\/v2\/pages\/9321","targetHints":{"allow":["GET"]}}],"collection":[{"href":"https:\/\/greenhabitat.it\/es\/wp-json\/wp\/v2\/pages"}],"about":[{"href":"https:\/\/greenhabitat.it\/es\/wp-json\/wp\/v2\/types\/page"}],"author":[{"embeddable":true,"href":"https:\/\/greenhabitat.it\/es\/wp-json\/wp\/v2\/users\/3"}],"replies":[{"embeddable":true,"href":"https:\/\/greenhabitat.it\/es\/wp-json\/wp\/v2\/comments?post=9321"}],"version-history":[{"count":2,"href":"https:\/\/greenhabitat.it\/es\/wp-json\/wp\/v2\/pages\/9321\/revisions"}],"predecessor-version":[{"id":9323,"href":"https:\/\/greenhabitat.it\/es\/wp-json\/wp\/v2\/pages\/9321\/revisions\/9323"}],"wp:attachment":[{"href":"https:\/\/greenhabitat.it\/es\/wp-json\/wp\/v2\/media?parent=9321"}],"curies":[{"name":"wp","href":"https:\/\/api.w.org\/{rel}","templated":true}]}}