{"id":9213,"date":"2022-03-31T14:18:49","date_gmt":"2022-03-31T14:18:49","guid":{"rendered":"https:\/\/greenhabitat.it\/acustica-bolonesa\/"},"modified":"2023-04-28T13:51:11","modified_gmt":"2023-04-28T13:51:11","slug":"acustica-bolonesa","status":"publish","type":"page","link":"https:\/\/greenhabitat.it\/es\/viviendas\/acustica-bolonesa\/","title":{"rendered":"Ac\u00fastica bolo\u00f1esa"},"content":{"rendered":"\t\t<div data-elementor-type=\"wp-page\" data-elementor-id=\"9213\" class=\"elementor elementor-9213\" data-elementor-post-type=\"page\">\n\t\t\t\t\t\t<section class=\"elementor-section elementor-top-section elementor-element elementor-element-afd1205 elementor-section-full_width elementor-section-height-min-height elementor-hidden-tablet elementor-hidden-mobile elementor-section-height-default elementor-section-items-middle\" data-id=\"afd1205\" data-element_type=\"section\">\n\t\t\t\t\t\t<div class=\"elementor-container elementor-column-gap-no\">\n\t\t\t\t\t<div class=\"elementor-column elementor-col-100 elementor-top-column elementor-element elementor-element-8dfb66b\" data-id=\"8dfb66b\" data-element_type=\"column\" data-settings=\"{&quot;background_background&quot;:&quot;classic&quot;}\">\n\t\t\t<div class=\"elementor-widget-wrap elementor-element-populated\">\n\t\t\t\t\t\t<div class=\"elementor-element elementor-element-682383f elementor-widget elementor-widget-image\" data-id=\"682383f\" data-element_type=\"widget\" data-widget_type=\"image.default\">\n\t\t\t\t<div class=\"elementor-widget-container\">\n\t\t\t\t\t\t\t\t\t\t\t\t\t\t\t<img fetchpriority=\"high\" decoding=\"async\" width=\"1920\" height=\"767\" src=\"https:\/\/greenhabitat.it\/wp-content\/uploads\/2022\/03\/ACUSTICA-BOLOGNESE1.jpg\" class=\"attachment-full size-full wp-image-9029\" alt=\"\" srcset=\"https:\/\/greenhabitat.it\/wp-content\/uploads\/2022\/03\/ACUSTICA-BOLOGNESE1.jpg 1920w, https:\/\/greenhabitat.it\/wp-content\/uploads\/2022\/03\/ACUSTICA-BOLOGNESE1-300x120.jpg 300w, https:\/\/greenhabitat.it\/wp-content\/uploads\/2022\/03\/ACUSTICA-BOLOGNESE1-1024x409.jpg 1024w, https:\/\/greenhabitat.it\/wp-content\/uploads\/2022\/03\/ACUSTICA-BOLOGNESE1-768x307.jpg 768w, https:\/\/greenhabitat.it\/wp-content\/uploads\/2022\/03\/ACUSTICA-BOLOGNESE1-1536x614.jpg 1536w, https:\/\/greenhabitat.it\/wp-content\/uploads\/2022\/03\/ACUSTICA-BOLOGNESE1-600x240.jpg 600w\" sizes=\"(max-width: 1920px) 100vw, 1920px\" \/>\t\t\t\t\t\t\t\t\t\t\t\t\t\t\t<\/div>\n\t\t\t\t<\/div>\n\t\t\t\t\t<\/div>\n\t\t<\/div>\n\t\t\t\t\t<\/div>\n\t\t<\/section>\n\t\t\t\t<section class=\"elementor-section elementor-top-section elementor-element elementor-element-c216263 elementor-section-boxed elementor-section-height-default elementor-section-height-default\" data-id=\"c216263\" data-element_type=\"section\">\n\t\t\t\t\t\t<div class=\"elementor-container elementor-column-gap-default\">\n\t\t\t\t\t<div class=\"elementor-column elementor-col-100 elementor-top-column elementor-element elementor-element-4f0fb40\" data-id=\"4f0fb40\" data-element_type=\"column\">\n\t\t\t<div class=\"elementor-widget-wrap elementor-element-populated\">\n\t\t\t\t\t\t<div class=\"elementor-element elementor-element-a6234a5 elementor-widget elementor-widget-text-editor\" data-id=\"a6234a5\" data-element_type=\"widget\" data-widget_type=\"text-editor.default\">\n\t\t\t\t<div class=\"elementor-widget-container\">\n\t\t\t\t\t\t\t\t\t<nav aria-label=\"breadcrumbs\" class=\"rank-math-breadcrumb\"><p><span class=\"last\">Home<\/span><\/p><\/nav>\n\t\t\t\t\t\t\t\t<\/div>\n\t\t\t\t<\/div>\n\t\t\t\t\t<\/div>\n\t\t<\/div>\n\t\t\t\t\t<\/div>\n\t\t<\/section>\n\t\t\t\t<section class=\"elementor-section elementor-top-section elementor-element elementor-element-ebb23b9 elementor-section-boxed elementor-section-height-default elementor-section-height-default\" data-id=\"ebb23b9\" data-element_type=\"section\">\n\t\t\t\t\t\t<div class=\"elementor-container elementor-column-gap-default\">\n\t\t\t\t\t<div class=\"elementor-column elementor-col-100 elementor-top-column elementor-element elementor-element-709cb0f\" data-id=\"709cb0f\" data-element_type=\"column\">\n\t\t\t<div class=\"elementor-widget-wrap elementor-element-populated\">\n\t\t\t\t\t\t<div class=\"elementor-element elementor-element-ce35e4a elementor-widget elementor-widget-heading\" data-id=\"ce35e4a\" data-element_type=\"widget\" data-widget_type=\"heading.default\">\n\t\t\t\t<div class=\"elementor-widget-container\">\n\t\t\t\t\t<h2 class=\"elementor-heading-title elementor-size-default\">Ac\u00fastica bolo\u00f1esa,\nvegetaci\u00f3n vertical que absorbe el sonido.<\/h2>\t\t\t\t<\/div>\n\t\t\t\t<\/div>\n\t\t\t\t\t<\/div>\n\t\t<\/div>\n\t\t\t\t\t<\/div>\n\t\t<\/section>\n\t\t\t\t<section class=\"elementor-section elementor-top-section elementor-element elementor-element-dfcce38 elementor-section-boxed elementor-section-height-default elementor-section-height-default\" data-id=\"dfcce38\" data-element_type=\"section\">\n\t\t\t\t\t\t<div class=\"elementor-container elementor-column-gap-default\">\n\t\t\t\t\t<div class=\"elementor-column elementor-col-100 elementor-top-column elementor-element elementor-element-c38cee7\" data-id=\"c38cee7\" data-element_type=\"column\">\n\t\t\t<div class=\"elementor-widget-wrap elementor-element-populated\">\n\t\t\t\t\t\t<div class=\"elementor-element elementor-element-477866d elementor-widget elementor-widget-text-editor\" data-id=\"477866d\" data-element_type=\"widget\" data-widget_type=\"text-editor.default\">\n\t\t\t\t<div class=\"elementor-widget-container\">\n\t\t\t\t\t\t\t\t\t<p style=\"text-align: center;\">Acustica Bolognese es un equipo de audi\u00f3logos profesionales cuyo objetivo es mejorar la calidad de vida de las personas, ayud\u00e1ndoles a o\u00edr y a sentirse mejor en cada momento de su d\u00eda.<\/p>\n\t\t\t\t\t\t\t\t<\/div>\n\t\t\t\t<\/div>\n\t\t\t\t\t<\/div>\n\t\t<\/div>\n\t\t\t\t\t<\/div>\n\t\t<\/section>\n\t\t\t\t<section class=\"elementor-section elementor-top-section elementor-element elementor-element-acf3db5 elementor-section-boxed elementor-section-height-default elementor-section-height-default\" data-id=\"acf3db5\" data-element_type=\"section\">\n\t\t\t\t\t\t<div class=\"elementor-container elementor-column-gap-custom\">\n\t\t\t\t\t<div class=\"elementor-column elementor-col-50 elementor-top-column elementor-element elementor-element-135bf3e\" data-id=\"135bf3e\" data-element_type=\"column\">\n\t\t\t<div class=\"elementor-widget-wrap elementor-element-populated\">\n\t\t\t\t\t\t<div class=\"elementor-element elementor-element-d1ad5fc elementor-widget elementor-widget-image\" data-id=\"d1ad5fc\" data-element_type=\"widget\" data-widget_type=\"image.default\">\n\t\t\t\t<div class=\"elementor-widget-container\">\n\t\t\t\t\t\t\t\t\t\t\t\t\t\t\t<img decoding=\"async\" width=\"700\" height=\"467\" src=\"https:\/\/greenhabitat.it\/wp-content\/uploads\/2022\/03\/ACUSTICA-BOLOGNESE9.jpg\" class=\"attachment-full size-full wp-image-9037\" alt=\"\" srcset=\"https:\/\/greenhabitat.it\/wp-content\/uploads\/2022\/03\/ACUSTICA-BOLOGNESE9.jpg 700w, https:\/\/greenhabitat.it\/wp-content\/uploads\/2022\/03\/ACUSTICA-BOLOGNESE9-300x200.jpg 300w, https:\/\/greenhabitat.it\/wp-content\/uploads\/2022\/03\/ACUSTICA-BOLOGNESE9-600x400.jpg 600w\" sizes=\"(max-width: 700px) 100vw, 700px\" \/>\t\t\t\t\t\t\t\t\t\t\t\t\t\t\t<\/div>\n\t\t\t\t<\/div>\n\t\t\t\t\t<\/div>\n\t\t<\/div>\n\t\t\t\t<div class=\"elementor-column elementor-col-50 elementor-top-column elementor-element elementor-element-47c3187\" data-id=\"47c3187\" data-element_type=\"column\">\n\t\t\t<div class=\"elementor-widget-wrap elementor-element-populated\">\n\t\t\t\t\t\t<div class=\"elementor-element elementor-element-6e09a1a elementor-widget elementor-widget-text-editor\" data-id=\"6e09a1a\" data-element_type=\"widget\" data-widget_type=\"text-editor.default\">\n\t\t\t\t<div class=\"elementor-widget-container\">\n\t\t\t\t\t\t\t\t\t<p>Todas sus ramas se han dise\u00f1ado cuidadosamente y a medida a lo largo de los a\u00f1os, y con la ac\u00fastica como centro de atenci\u00f3n, era esencial centrarse en la mejora interna de la <strong>propagaci\u00f3n del sonido<\/strong>.<\/p>\n<p>La fuerza de la marca y su reconocibilidad se vieron reforzadas por el uso estrat\u00e9gico de paredes verdes en contraste con el logotipo naranja, una mezcla de colores vivos de gran afecto que recuerdan el concepto fundacional de la empresa e intrigan a los transe\u00fantes a trav\u00e9s del escaparate principal.<\/p>\n<p>El storytelling de la marca se retrata eficazmente en el interior de los locales: lo encontramos en muchos lugares, e incluso las paredes est\u00e1n personalizadas con el color distintivo e inconfundible de la empresa, y la experiencia del cliente mejora notablemente.<\/p>\n\t\t\t\t\t\t\t\t<\/div>\n\t\t\t\t<\/div>\n\t\t\t\t\t<\/div>\n\t\t<\/div>\n\t\t\t\t\t<\/div>\n\t\t<\/section>\n\t\t\t\t<section class=\"elementor-section elementor-top-section elementor-element elementor-element-cfedf59 elementor-section-boxed elementor-section-height-default elementor-section-height-default\" data-id=\"cfedf59\" data-element_type=\"section\">\n\t\t\t\t\t\t<div class=\"elementor-container elementor-column-gap-custom\">\n\t\t\t\t\t<div class=\"elementor-column elementor-col-50 elementor-top-column elementor-element elementor-element-8fede5a\" data-id=\"8fede5a\" data-element_type=\"column\">\n\t\t\t<div class=\"elementor-widget-wrap elementor-element-populated\">\n\t\t\t\t\t\t<div class=\"elementor-element elementor-element-e5c8fe0 elementor-widget elementor-widget-image\" data-id=\"e5c8fe0\" data-element_type=\"widget\" data-widget_type=\"image.default\">\n\t\t\t\t<div class=\"elementor-widget-container\">\n\t\t\t\t\t\t\t\t\t\t\t\t\t\t\t<img decoding=\"async\" width=\"700\" height=\"467\" src=\"https:\/\/greenhabitat.it\/wp-content\/uploads\/2022\/03\/ACUSTICA-BOLOGNESE3.jpg\" class=\"attachment-full size-full wp-image-9036\" alt=\"\" srcset=\"https:\/\/greenhabitat.it\/wp-content\/uploads\/2022\/03\/ACUSTICA-BOLOGNESE3.jpg 700w, https:\/\/greenhabitat.it\/wp-content\/uploads\/2022\/03\/ACUSTICA-BOLOGNESE3-300x200.jpg 300w, https:\/\/greenhabitat.it\/wp-content\/uploads\/2022\/03\/ACUSTICA-BOLOGNESE3-600x400.jpg 600w\" sizes=\"(max-width: 700px) 100vw, 700px\" \/>\t\t\t\t\t\t\t\t\t\t\t\t\t\t\t<\/div>\n\t\t\t\t<\/div>\n\t\t\t\t\t<\/div>\n\t\t<\/div>\n\t\t\t\t<div class=\"elementor-column elementor-col-50 elementor-top-column elementor-element elementor-element-4223163\" data-id=\"4223163\" data-element_type=\"column\">\n\t\t\t<div class=\"elementor-widget-wrap elementor-element-populated\">\n\t\t\t\t\t\t<div class=\"elementor-element elementor-element-6129591 elementor-widget elementor-widget-image\" data-id=\"6129591\" data-element_type=\"widget\" data-widget_type=\"image.default\">\n\t\t\t\t<div class=\"elementor-widget-container\">\n\t\t\t\t\t\t\t\t\t\t\t\t\t\t\t<img loading=\"lazy\" decoding=\"async\" width=\"700\" height=\"467\" src=\"https:\/\/greenhabitat.it\/wp-content\/uploads\/2022\/03\/ACUSTICA-BOLOGNESE5.jpg\" class=\"attachment-full size-full wp-image-9035\" alt=\"\" srcset=\"https:\/\/greenhabitat.it\/wp-content\/uploads\/2022\/03\/ACUSTICA-BOLOGNESE5.jpg 700w, https:\/\/greenhabitat.it\/wp-content\/uploads\/2022\/03\/ACUSTICA-BOLOGNESE5-300x200.jpg 300w, https:\/\/greenhabitat.it\/wp-content\/uploads\/2022\/03\/ACUSTICA-BOLOGNESE5-600x400.jpg 600w\" sizes=\"(max-width: 700px) 100vw, 700px\" \/>\t\t\t\t\t\t\t\t\t\t\t\t\t\t\t<\/div>\n\t\t\t\t<\/div>\n\t\t\t\t\t<\/div>\n\t\t<\/div>\n\t\t\t\t\t<\/div>\n\t\t<\/section>\n\t\t\t\t<section class=\"elementor-section elementor-top-section elementor-element elementor-element-df650a2 elementor-section-boxed elementor-section-height-default elementor-section-height-default\" data-id=\"df650a2\" data-element_type=\"section\">\n\t\t\t\t\t\t<div class=\"elementor-container elementor-column-gap-custom\">\n\t\t\t\t\t<div class=\"elementor-column elementor-col-50 elementor-top-column elementor-element elementor-element-87f1cd5\" data-id=\"87f1cd5\" data-element_type=\"column\">\n\t\t\t<div class=\"elementor-widget-wrap elementor-element-populated\">\n\t\t\t\t\t\t<div class=\"elementor-element elementor-element-389d38c elementor-widget elementor-widget-text-editor\" data-id=\"389d38c\" data-element_type=\"widget\" data-widget_type=\"text-editor.default\">\n\t\t\t\t<div class=\"elementor-widget-container\">\n\t\t\t\t\t\t\t\t\t<p>En las salas de espera, el ambiente es confortable, de dise\u00f1o \u00fanico y, sobre todo, beneficioso: las paredes verdes son <strong>hipoalerg\u00e9nicas<\/strong>, regulan perfectamente la humedad y estimulan el buen humor.<\/p>\n<p>Hemos podido jugar y experimentar con formas y colores, adaptando nuestros productos a las necesidades espec\u00edficas del cliente: <strong>el dise\u00f1o biof\u00edlico<\/strong> es capaz de crear infinitas posibilidades ecol\u00f3gicas innovadoras y desarrollar sus propios beneficios para cada tipo de entorno.<\/p>\n<p>La <strong>calidad del aire<\/strong> que respiramos mejora, el <strong>confort ac\u00fastico<\/strong> de las estancias aumenta, el <strong>bienestar percibido<\/strong> se amplifica: todo ello sin necesidad de mantenimiento del espacio.<\/p>\n\t\t\t\t\t\t\t\t<\/div>\n\t\t\t\t<\/div>\n\t\t\t\t<div class=\"elementor-element elementor-element-3827770 elementor-widget elementor-widget-image\" data-id=\"3827770\" data-element_type=\"widget\" data-widget_type=\"image.default\">\n\t\t\t\t<div class=\"elementor-widget-container\">\n\t\t\t\t\t\t\t\t\t\t\t\t\t\t\t<img loading=\"lazy\" decoding=\"async\" width=\"700\" height=\"467\" src=\"https:\/\/greenhabitat.it\/wp-content\/uploads\/2022\/03\/ACUSTICA-BOLOGNESE12.jpg\" class=\"attachment-full size-full wp-image-9033\" alt=\"\" srcset=\"https:\/\/greenhabitat.it\/wp-content\/uploads\/2022\/03\/ACUSTICA-BOLOGNESE12.jpg 700w, https:\/\/greenhabitat.it\/wp-content\/uploads\/2022\/03\/ACUSTICA-BOLOGNESE12-300x200.jpg 300w, https:\/\/greenhabitat.it\/wp-content\/uploads\/2022\/03\/ACUSTICA-BOLOGNESE12-600x400.jpg 600w\" sizes=\"(max-width: 700px) 100vw, 700px\" \/>\t\t\t\t\t\t\t\t\t\t\t\t\t\t\t<\/div>\n\t\t\t\t<\/div>\n\t\t\t\t\t<\/div>\n\t\t<\/div>\n\t\t\t\t<div class=\"elementor-column elementor-col-50 elementor-top-column elementor-element elementor-element-754508e\" data-id=\"754508e\" data-element_type=\"column\">\n\t\t\t<div class=\"elementor-widget-wrap elementor-element-populated\">\n\t\t\t\t\t\t<div class=\"elementor-element elementor-element-6891704 elementor-widget elementor-widget-image\" data-id=\"6891704\" data-element_type=\"widget\" data-widget_type=\"image.default\">\n\t\t\t\t<div class=\"elementor-widget-container\">\n\t\t\t\t\t\t\t\t\t\t\t\t\t\t\t<img loading=\"lazy\" decoding=\"async\" width=\"700\" height=\"1050\" src=\"https:\/\/greenhabitat.it\/wp-content\/uploads\/2022\/03\/ACUSTICA-BOLOGNESE18.jpg\" class=\"attachment-full size-full wp-image-9031\" alt=\"\" srcset=\"https:\/\/greenhabitat.it\/wp-content\/uploads\/2022\/03\/ACUSTICA-BOLOGNESE18.jpg 700w, https:\/\/greenhabitat.it\/wp-content\/uploads\/2022\/03\/ACUSTICA-BOLOGNESE18-200x300.jpg 200w, https:\/\/greenhabitat.it\/wp-content\/uploads\/2022\/03\/ACUSTICA-BOLOGNESE18-683x1024.jpg 683w, https:\/\/greenhabitat.it\/wp-content\/uploads\/2022\/03\/ACUSTICA-BOLOGNESE18-600x900.jpg 600w\" sizes=\"(max-width: 700px) 100vw, 700px\" \/>\t\t\t\t\t\t\t\t\t\t\t\t\t\t\t<\/div>\n\t\t\t\t<\/div>\n\t\t\t\t\t<\/div>\n\t\t<\/div>\n\t\t\t\t\t<\/div>\n\t\t<\/section>\n\t\t\t\t<section class=\"elementor-section elementor-top-section elementor-element elementor-element-2693c75 elementor-section-boxed elementor-section-height-default elementor-section-height-default\" data-id=\"2693c75\" data-element_type=\"section\">\n\t\t\t\t\t\t<div class=\"elementor-container elementor-column-gap-custom\">\n\t\t\t\t\t<div class=\"elementor-column elementor-col-50 elementor-top-column elementor-element elementor-element-dc18f78\" data-id=\"dc18f78\" data-element_type=\"column\">\n\t\t\t<div class=\"elementor-widget-wrap elementor-element-populated\">\n\t\t\t\t\t\t<div class=\"elementor-element elementor-element-c7f1ae7 elementor-widget elementor-widget-image\" data-id=\"c7f1ae7\" data-element_type=\"widget\" data-widget_type=\"image.default\">\n\t\t\t\t<div class=\"elementor-widget-container\">\n\t\t\t\t\t\t\t\t\t\t\t\t\t\t\t<img loading=\"lazy\" decoding=\"async\" width=\"700\" height=\"467\" src=\"https:\/\/greenhabitat.it\/wp-content\/uploads\/2022\/03\/ACUSTICA-BOLOGNESE11.jpg\" class=\"attachment-full size-full wp-image-9034\" alt=\"\" srcset=\"https:\/\/greenhabitat.it\/wp-content\/uploads\/2022\/03\/ACUSTICA-BOLOGNESE11.jpg 700w, https:\/\/greenhabitat.it\/wp-content\/uploads\/2022\/03\/ACUSTICA-BOLOGNESE11-300x200.jpg 300w, https:\/\/greenhabitat.it\/wp-content\/uploads\/2022\/03\/ACUSTICA-BOLOGNESE11-600x400.jpg 600w\" sizes=\"(max-width: 700px) 100vw, 700px\" \/>\t\t\t\t\t\t\t\t\t\t\t\t\t\t\t<\/div>\n\t\t\t\t<\/div>\n\t\t\t\t\t<\/div>\n\t\t<\/div>\n\t\t\t\t<div class=\"elementor-column elementor-col-50 elementor-top-column elementor-element elementor-element-b40c575\" data-id=\"b40c575\" data-element_type=\"column\">\n\t\t\t<div class=\"elementor-widget-wrap elementor-element-populated\">\n\t\t\t\t\t\t<div class=\"elementor-element elementor-element-faa6171 elementor-widget elementor-widget-image\" data-id=\"faa6171\" data-element_type=\"widget\" data-widget_type=\"image.default\">\n\t\t\t\t<div class=\"elementor-widget-container\">\n\t\t\t\t\t\t\t\t\t\t\t\t\t\t\t<img loading=\"lazy\" decoding=\"async\" width=\"700\" height=\"467\" src=\"https:\/\/greenhabitat.it\/wp-content\/uploads\/2022\/03\/ACUSTICA-BOLOGNESE14.jpg\" class=\"attachment-full size-full wp-image-9032\" alt=\"\" srcset=\"https:\/\/greenhabitat.it\/wp-content\/uploads\/2022\/03\/ACUSTICA-BOLOGNESE14.jpg 700w, https:\/\/greenhabitat.it\/wp-content\/uploads\/2022\/03\/ACUSTICA-BOLOGNESE14-300x200.jpg 300w, https:\/\/greenhabitat.it\/wp-content\/uploads\/2022\/03\/ACUSTICA-BOLOGNESE14-600x400.jpg 600w\" sizes=\"(max-width: 700px) 100vw, 700px\" \/>\t\t\t\t\t\t\t\t\t\t\t\t\t\t\t<\/div>\n\t\t\t\t<\/div>\n\t\t\t\t\t<\/div>\n\t\t<\/div>\n\t\t\t\t\t<\/div>\n\t\t<\/section>\n\t\t\t\t<section class=\"elementor-section elementor-top-section elementor-element elementor-element-19f3603 elementor-hidden-tablet elementor-hidden-mobile elementor-section-boxed elementor-section-height-default elementor-section-height-default\" data-id=\"19f3603\" data-element_type=\"section\">\n\t\t\t\t\t\t<div class=\"elementor-container elementor-column-gap-default\">\n\t\t\t\t\t<div class=\"elementor-column elementor-col-100 elementor-top-column elementor-element elementor-element-ea876ab\" data-id=\"ea876ab\" data-element_type=\"column\">\n\t\t\t<div class=\"elementor-widget-wrap elementor-element-populated\">\n\t\t\t\t\t\t<div class=\"elementor-element elementor-element-87e4d0e elementor-widget elementor-widget-spacer\" data-id=\"87e4d0e\" data-element_type=\"widget\" data-widget_type=\"spacer.default\">\n\t\t\t\t<div class=\"elementor-widget-container\">\n\t\t\t\t\t\t\t<div class=\"elementor-spacer\">\n\t\t\t<div class=\"elementor-spacer-inner\"><\/div>\n\t\t<\/div>\n\t\t\t\t\t\t<\/div>\n\t\t\t\t<\/div>\n\t\t\t\t\t<\/div>\n\t\t<\/div>\n\t\t\t\t\t<\/div>\n\t\t<\/section>\n\t\t\t\t<section class=\"elementor-section elementor-top-section elementor-element elementor-element-48fcf75 elementor-section-boxed elementor-section-height-default elementor-section-height-default\" data-id=\"48fcf75\" data-element_type=\"section\" data-settings=\"{&quot;background_background&quot;:&quot;classic&quot;}\">\n\t\t\t\t\t\t<div class=\"elementor-container elementor-column-gap-default\">\n\t\t\t\t\t<div class=\"elementor-column elementor-col-100 elementor-top-column elementor-element elementor-element-18d5a77\" data-id=\"18d5a77\" data-element_type=\"column\">\n\t\t\t<div class=\"elementor-widget-wrap elementor-element-populated\">\n\t\t\t\t\t\t<div class=\"elementor-element elementor-element-96ff3f8 elementor-widget elementor-widget-heading\" data-id=\"96ff3f8\" data-element_type=\"widget\" data-widget_type=\"heading.default\">\n\t\t\t\t<div class=\"elementor-widget-container\">\n\t\t\t\t\t<h2 class=\"elementor-heading-title elementor-size-default\">P\u00f3ngase en contacto con nosotros y solicite m\u00e1s informaci\u00f3n<\/h2>\t\t\t\t<\/div>\n\t\t\t\t<\/div>\n\t\t\t\t\t<\/div>\n\t\t<\/div>\n\t\t\t\t\t<\/div>\n\t\t<\/section>\n\t\t\t\t<section class=\"elementor-section elementor-top-section elementor-element elementor-element-2c8a37e elementor-section-boxed elementor-section-height-default elementor-section-height-default\" data-id=\"2c8a37e\" data-element_type=\"section\" data-settings=\"{&quot;background_background&quot;:&quot;classic&quot;}\">\n\t\t\t\t\t\t<div class=\"elementor-container elementor-column-gap-custom\">\n\t\t\t\t\t<div class=\"elementor-column elementor-col-100 elementor-top-column elementor-element elementor-element-f6bf1b9\" data-id=\"f6bf1b9\" data-element_type=\"column\">\n\t\t\t<div class=\"elementor-widget-wrap elementor-element-populated\">\n\t\t\t\t\t\t<div class=\"elementor-element elementor-element-11438c6 elementor-widget elementor-widget-html\" data-id=\"11438c6\" data-element_type=\"widget\" data-widget_type=\"html.default\">\n\t\t\t\t<div class=\"elementor-widget-container\">\n\t\t\t\t\t<script charset=\"utf-8\" type=\"text\/javascript\" src=\"\/\/js.hsforms.net\/forms\/embed\/v2.js\"><\/script>\n<script>\n  hbspt.forms.create({\n    region: \"na1\",\n    portalId: \"9406678\",\n    formId: \"dcd0a89f-a86b-43d6-a96a-b2b786d4c13b\"\n  });\n<\/script>\t\t\t\t<\/div>\n\t\t\t\t<\/div>\n\t\t\t\t\t<\/div>\n\t\t<\/div>\n\t\t\t\t\t<\/div>\n\t\t<\/section>\n\t\t\t\t<section class=\"elementor-section elementor-top-section elementor-element elementor-element-42dd015 elementor-section-boxed elementor-section-height-default elementor-section-height-default\" data-id=\"42dd015\" data-element_type=\"section\" data-settings=\"{&quot;background_background&quot;:&quot;classic&quot;}\">\n\t\t\t\t\t\t<div class=\"elementor-container elementor-column-gap-wider\">\n\t\t\t\t\t<div class=\"elementor-column elementor-col-50 elementor-top-column elementor-element elementor-element-f7c839c\" data-id=\"f7c839c\" data-element_type=\"column\">\n\t\t\t<div class=\"elementor-widget-wrap elementor-element-populated\">\n\t\t\t\t\t\t<div class=\"elementor-element elementor-element-b4160a0 elementor-cta--skin-cover elementor-cta--valign-middle elementor-animated-content elementor-bg-transform elementor-bg-transform-zoom-in elementor-widget elementor-widget-call-to-action\" data-id=\"b4160a0\" data-element_type=\"widget\" data-widget_type=\"call-to-action.default\">\n\t\t\t\t<div class=\"elementor-widget-container\">\n\t\t\t\t\t\t\t<a class=\"elementor-cta\" href=\"https:\/\/greenhabitat.it\/es\/?page_id=9205\">\n\t\t\t\t\t<div class=\"elementor-cta__bg-wrapper\">\n\t\t\t\t<div class=\"elementor-cta__bg elementor-bg\" style=\"background-image: url(https:\/\/greenhabitat.it\/wp-content\/uploads\/2022\/03\/DSC09052.jpg);\" role=\"img\" aria-label=\"DSC09052\"><\/div>\n\t\t\t\t<div class=\"elementor-cta__bg-overlay\"><\/div>\n\t\t\t<\/div>\n\t\t\t\t\t\t\t<div class=\"elementor-cta__content\">\n\t\t\t\t\n\t\t\t\t\t\t\t\t\t<h1 class=\"elementor-cta__title elementor-cta__content-item elementor-content-item elementor-animated-item--grow\">\n\t\t\t\t\t\tCASO\t\t\t\t\t<\/h1>\n\t\t\t\t\n\t\t\t\t\t\t\t\t\t<div class=\"elementor-cta__description elementor-cta__content-item elementor-content-item elementor-animated-item--grow\">\n\t\t\t\t\t\t<p>R-Everse<\/p>\n\t\t\t\t\t<\/div>\n\t\t\t\t\n\t\t\t\t\t\t\t\t\t<div class=\"elementor-cta__button-wrapper elementor-cta__content-item elementor-content-item elementor-animated-item--grow\">\n\t\t\t\t\t<span class=\"elementor-cta__button elementor-button elementor-size-\">\n\t\t\t\t\t\tDescubra el caso\t\t\t\t\t<\/span>\n\t\t\t\t\t<\/div>\n\t\t\t\t\t\t\t<\/div>\n\t\t\t\t\t\t<\/a>\n\t\t\t\t\t\t<\/div>\n\t\t\t\t<\/div>\n\t\t\t\t\t<\/div>\n\t\t<\/div>\n\t\t\t\t<div class=\"elementor-column elementor-col-50 elementor-top-column elementor-element elementor-element-a06c095\" data-id=\"a06c095\" data-element_type=\"column\">\n\t\t\t<div class=\"elementor-widget-wrap elementor-element-populated\">\n\t\t\t\t\t\t<div class=\"elementor-element elementor-element-8d7bedf elementor-cta--skin-cover elementor-cta--valign-middle elementor-animated-content elementor-bg-transform elementor-bg-transform-zoom-in elementor-widget elementor-widget-call-to-action\" data-id=\"8d7bedf\" data-element_type=\"widget\" data-widget_type=\"call-to-action.default\">\n\t\t\t\t<div class=\"elementor-widget-container\">\n\t\t\t\t\t\t\t<a class=\"elementor-cta\" href=\"https:\/\/greenhabitat.it\/case\/westpole\/\">\n\t\t\t\t\t<div class=\"elementor-cta__bg-wrapper\">\n\t\t\t\t<div class=\"elementor-cta__bg elementor-bg\" style=\"background-image: url(https:\/\/greenhabitat.it\/wp-content\/uploads\/2022\/03\/westpole.jpg);\" role=\"img\" aria-label=\"westpole\"><\/div>\n\t\t\t\t<div class=\"elementor-cta__bg-overlay\"><\/div>\n\t\t\t<\/div>\n\t\t\t\t\t\t\t<div class=\"elementor-cta__content\">\n\t\t\t\t\n\t\t\t\t\t\t\t\t\t<h1 class=\"elementor-cta__title elementor-cta__content-item elementor-content-item elementor-animated-item--grow\">\n\t\t\t\t\t\tCASO\t\t\t\t\t<\/h1>\n\t\t\t\t\n\t\t\t\t\t\t\t\t\t<div class=\"elementor-cta__description elementor-cta__content-item elementor-content-item elementor-animated-item--grow\">\n\t\t\t\t\t\t<p>Westpole<\/p>\n\t\t\t\t\t<\/div>\n\t\t\t\t\n\t\t\t\t\t\t\t\t\t<div class=\"elementor-cta__button-wrapper elementor-cta__content-item elementor-content-item elementor-animated-item--grow\">\n\t\t\t\t\t<span class=\"elementor-cta__button elementor-button elementor-size-\">\n\t\t\t\t\t\tDescubra el caso\t\t\t\t\t<\/span>\n\t\t\t\t\t<\/div>\n\t\t\t\t\t\t\t<\/div>\n\t\t\t\t\t\t<\/a>\n\t\t\t\t\t\t<\/div>\n\t\t\t\t<\/div>\n\t\t\t\t\t<\/div>\n\t\t<\/div>\n\t\t\t\t\t<\/div>\n\t\t<\/section>\n\t\t\t\t<\/div>\n\t\t","protected":false},"excerpt":{"rendered":"<p>Ac\u00fastica bolo\u00f1esa, vegetaci\u00f3n vertical que absorbe el sonido. Acustica Bolognese es un equipo de audi\u00f3logos profesionales cuyo objetivo es mejorar la calidad de vida de las personas, ayud\u00e1ndoles a o\u00edr y a sentirse mejor en cada momento de su d\u00eda. Todas sus ramas se han dise\u00f1ado cuidadosamente y a medida a lo largo de los [&hellip;]<\/p>\n","protected":false},"author":11,"featured_media":0,"parent":9222,"menu_order":0,"comment_status":"closed","ping_status":"closed","template":"","meta":{"_acf_changed":false,"content-type":"","footnotes":""},"class_list":["post-9213","page","type-page","status-publish","hentry"],"acf":[],"_links":{"self":[{"href":"https:\/\/greenhabitat.it\/es\/wp-json\/wp\/v2\/pages\/9213","targetHints":{"allow":["GET"]}}],"collection":[{"href":"https:\/\/greenhabitat.it\/es\/wp-json\/wp\/v2\/pages"}],"about":[{"href":"https:\/\/greenhabitat.it\/es\/wp-json\/wp\/v2\/types\/page"}],"author":[{"embeddable":true,"href":"https:\/\/greenhabitat.it\/es\/wp-json\/wp\/v2\/users\/11"}],"replies":[{"embeddable":true,"href":"https:\/\/greenhabitat.it\/es\/wp-json\/wp\/v2\/comments?post=9213"}],"version-history":[{"count":3,"href":"https:\/\/greenhabitat.it\/es\/wp-json\/wp\/v2\/pages\/9213\/revisions"}],"predecessor-version":[{"id":9948,"href":"https:\/\/greenhabitat.it\/es\/wp-json\/wp\/v2\/pages\/9213\/revisions\/9948"}],"up":[{"embeddable":true,"href":"https:\/\/greenhabitat.it\/es\/wp-json\/wp\/v2\/pages\/9222"}],"wp:attachment":[{"href":"https:\/\/greenhabitat.it\/es\/wp-json\/wp\/v2\/media?parent=9213"}],"curies":[{"name":"wp","href":"https:\/\/api.w.org\/{rel}","templated":true}]}}