{"id":8431,"date":"2022-03-31T15:20:37","date_gmt":"2022-03-31T15:20:37","guid":{"rendered":"https:\/\/greenhabitat.it\/haeuser\/r-versum\/"},"modified":"2023-04-28T13:14:59","modified_gmt":"2023-04-28T13:14:59","slug":"r-versum","status":"publish","type":"page","link":"https:\/\/greenhabitat.it\/de\/haeuser\/r-versum\/","title":{"rendered":"r-versum"},"content":{"rendered":"\t\t<div data-elementor-type=\"wp-page\" data-elementor-id=\"8431\" class=\"elementor elementor-8431 elementor-6292\" data-elementor-post-type=\"page\">\n\t\t\t\t\t\t<section class=\"elementor-section elementor-top-section elementor-element elementor-element-afd1205 elementor-section-full_width elementor-section-height-min-height elementor-hidden-tablet elementor-hidden-mobile elementor-section-height-default elementor-section-items-middle\" data-id=\"afd1205\" data-element_type=\"section\">\n\t\t\t\t\t\t<div class=\"elementor-container elementor-column-gap-no\">\n\t\t\t\t\t<div class=\"elementor-column elementor-col-100 elementor-top-column elementor-element elementor-element-8dfb66b\" data-id=\"8dfb66b\" data-element_type=\"column\" data-settings=\"{&quot;background_background&quot;:&quot;classic&quot;}\">\n\t\t\t<div class=\"elementor-widget-wrap elementor-element-populated\">\n\t\t\t\t\t\t<div class=\"elementor-element elementor-element-682383f elementor-widget elementor-widget-image\" data-id=\"682383f\" data-element_type=\"widget\" data-widget_type=\"image.default\">\n\t\t\t\t<div class=\"elementor-widget-container\">\n\t\t\t\t\t\t\t\t\t\t\t\t\t\t\t<img fetchpriority=\"high\" decoding=\"async\" width=\"1920\" height=\"767\" src=\"https:\/\/greenhabitat.it\/wp-content\/uploads\/2022\/03\/reverse1.jpg\" class=\"attachment-full size-full wp-image-8076\" alt=\"\" srcset=\"https:\/\/greenhabitat.it\/wp-content\/uploads\/2022\/03\/reverse1.jpg 1920w, https:\/\/greenhabitat.it\/wp-content\/uploads\/2022\/03\/reverse1-300x120.jpg 300w, https:\/\/greenhabitat.it\/wp-content\/uploads\/2022\/03\/reverse1-1024x409.jpg 1024w, https:\/\/greenhabitat.it\/wp-content\/uploads\/2022\/03\/reverse1-768x307.jpg 768w, https:\/\/greenhabitat.it\/wp-content\/uploads\/2022\/03\/reverse1-1536x614.jpg 1536w, https:\/\/greenhabitat.it\/wp-content\/uploads\/2022\/03\/reverse1-600x240.jpg 600w\" sizes=\"(max-width: 1920px) 100vw, 1920px\" \/>\t\t\t\t\t\t\t\t\t\t\t\t\t\t\t<\/div>\n\t\t\t\t<\/div>\n\t\t\t\t\t<\/div>\n\t\t<\/div>\n\t\t\t\t\t<\/div>\n\t\t<\/section>\n\t\t\t\t<section class=\"elementor-section elementor-top-section elementor-element elementor-element-c216263 elementor-section-boxed elementor-section-height-default elementor-section-height-default\" data-id=\"c216263\" data-element_type=\"section\">\n\t\t\t\t\t\t<div class=\"elementor-container elementor-column-gap-default\">\n\t\t\t\t\t<div class=\"elementor-column elementor-col-100 elementor-top-column elementor-element elementor-element-4f0fb40\" data-id=\"4f0fb40\" data-element_type=\"column\">\n\t\t\t<div class=\"elementor-widget-wrap elementor-element-populated\">\n\t\t\t\t\t\t<div class=\"elementor-element elementor-element-a6234a5 elementor-widget elementor-widget-text-editor\" data-id=\"a6234a5\" data-element_type=\"widget\" data-widget_type=\"text-editor.default\">\n\t\t\t\t<div class=\"elementor-widget-container\">\n\t\t\t\t\t\t\t\t\t<nav aria-label=\"breadcrumbs\" class=\"rank-math-breadcrumb\"><p><span class=\"last\">Home<\/span><\/p><\/nav>\n\t\t\t\t\t\t\t\t<\/div>\n\t\t\t\t<\/div>\n\t\t\t\t\t<\/div>\n\t\t<\/div>\n\t\t\t\t\t<\/div>\n\t\t<\/section>\n\t\t\t\t<section class=\"elementor-section elementor-top-section elementor-element elementor-element-ebb23b9 elementor-section-boxed elementor-section-height-default elementor-section-height-default\" data-id=\"ebb23b9\" data-element_type=\"section\">\n\t\t\t\t\t\t<div class=\"elementor-container elementor-column-gap-default\">\n\t\t\t\t\t<div class=\"elementor-column elementor-col-100 elementor-top-column elementor-element elementor-element-709cb0f\" data-id=\"709cb0f\" data-element_type=\"column\">\n\t\t\t<div class=\"elementor-widget-wrap elementor-element-populated\">\n\t\t\t\t\t\t<div class=\"elementor-element elementor-element-ce35e4a elementor-widget elementor-widget-heading\" data-id=\"ce35e4a\" data-element_type=\"widget\" data-widget_type=\"heading.default\">\n\t\t\t\t<div class=\"elementor-widget-container\">\n\t\t\t\t\t<h2 class=\"elementor-heading-title elementor-size-default\">R-Everse, stabilisiertes Gr\u00fcn f\u00fcr die Verwendung in Innenr\u00e4umen.<\/h2>\t\t\t\t<\/div>\n\t\t\t\t<\/div>\n\t\t\t\t\t<\/div>\n\t\t<\/div>\n\t\t\t\t\t<\/div>\n\t\t<\/section>\n\t\t\t\t<section class=\"elementor-section elementor-top-section elementor-element elementor-element-dfcce38 elementor-section-boxed elementor-section-height-default elementor-section-height-default\" data-id=\"dfcce38\" data-element_type=\"section\">\n\t\t\t\t\t\t<div class=\"elementor-container elementor-column-gap-default\">\n\t\t\t\t\t<div class=\"elementor-column elementor-col-100 elementor-top-column elementor-element elementor-element-c38cee7\" data-id=\"c38cee7\" data-element_type=\"column\">\n\t\t\t<div class=\"elementor-widget-wrap elementor-element-populated\">\n\t\t\t\t\t\t<div class=\"elementor-element elementor-element-477866d elementor-widget elementor-widget-text-editor\" data-id=\"477866d\" data-element_type=\"widget\" data-widget_type=\"text-editor.default\">\n\t\t\t\t<div class=\"elementor-widget-container\">\n\t\t\t\t\t\t\t\t\t<p style=\"text-align: center;\">R-Everse unterst\u00fctzt Unternehmen bei der Personalauswahl mit einem engagierten, flexiblen, digitalen und spezialisierten Recruiting- und Headhunting-Service.<\/p>\n\t\t\t\t\t\t\t\t<\/div>\n\t\t\t\t<\/div>\n\t\t\t\t\t<\/div>\n\t\t<\/div>\n\t\t\t\t\t<\/div>\n\t\t<\/section>\n\t\t\t\t<section class=\"elementor-section elementor-top-section elementor-element elementor-element-acf3db5 elementor-section-boxed elementor-section-height-default elementor-section-height-default\" data-id=\"acf3db5\" data-element_type=\"section\">\n\t\t\t\t\t\t<div class=\"elementor-container elementor-column-gap-custom\">\n\t\t\t\t\t<div class=\"elementor-column elementor-col-50 elementor-top-column elementor-element elementor-element-135bf3e\" data-id=\"135bf3e\" data-element_type=\"column\">\n\t\t\t<div class=\"elementor-widget-wrap elementor-element-populated\">\n\t\t\t\t\t\t<div class=\"elementor-element elementor-element-d1ad5fc elementor-widget elementor-widget-image\" data-id=\"d1ad5fc\" data-element_type=\"widget\" data-widget_type=\"image.default\">\n\t\t\t\t<div class=\"elementor-widget-container\">\n\t\t\t\t\t\t\t\t\t\t\t\t\t\t\t<img decoding=\"async\" width=\"700\" height=\"467\" src=\"https:\/\/greenhabitat.it\/wp-content\/uploads\/2022\/03\/reverse3.jpg\" class=\"attachment-full size-full wp-image-8071\" alt=\"\" srcset=\"https:\/\/greenhabitat.it\/wp-content\/uploads\/2022\/03\/reverse3.jpg 700w, https:\/\/greenhabitat.it\/wp-content\/uploads\/2022\/03\/reverse3-300x200.jpg 300w, https:\/\/greenhabitat.it\/wp-content\/uploads\/2022\/03\/reverse3-600x400.jpg 600w\" sizes=\"(max-width: 700px) 100vw, 700px\" \/>\t\t\t\t\t\t\t\t\t\t\t\t\t\t\t<\/div>\n\t\t\t\t<\/div>\n\t\t\t\t\t<\/div>\n\t\t<\/div>\n\t\t\t\t<div class=\"elementor-column elementor-col-50 elementor-top-column elementor-element elementor-element-47c3187\" data-id=\"47c3187\" data-element_type=\"column\">\n\t\t\t<div class=\"elementor-widget-wrap elementor-element-populated\">\n\t\t\t\t\t\t<div class=\"elementor-element elementor-element-6e09a1a elementor-widget elementor-widget-text-editor\" data-id=\"6e09a1a\" data-element_type=\"widget\" data-widget_type=\"text-editor.default\">\n\t\t\t\t<div class=\"elementor-widget-container\">\n\t\t\t\t\t\t\t\t\t<p>Es ging darum, ein komfortableres und angenehmeres Umfeld zu schaffen, das die Arbeitszeit des Teams im B\u00fcro verk\u00fcrzt.  <br \/>Wir schenken der Tatsache, dass wir 90 Prozent unseres Tages in Innenr\u00e4umen verbringen, die f\u00fcnfmal st\u00e4rker verschmutzt sind als die Au\u00dfenluft, oft nicht allzu viel Aufmerksamkeit.<br \/>Durch kleine und gro\u00dfe Eingriffe, die den R-Everse-R\u00e4umen ein v\u00f6llig neues Aussehen verliehen, konnten wir jeden einzelnen Raum optimal nutzen und seine Zweckm\u00e4\u00dfigkeit und Vorteile aussch\u00f6pfen.  <br \/>Ihre tadellose Verarbeitung, die sich jeder Ecke mit Leichtigkeit anpasst, erm\u00f6glicht es, jede ungenutzte Fl\u00e4che zu versch\u00f6nern und sie einzigartig und leicht erkennbar zu machen.<\/p>\n\t\t\t\t\t\t\t\t<\/div>\n\t\t\t\t<\/div>\n\t\t\t\t\t<\/div>\n\t\t<\/div>\n\t\t\t\t\t<\/div>\n\t\t<\/section>\n\t\t\t\t<section class=\"elementor-section elementor-top-section elementor-element elementor-element-cfedf59 elementor-section-boxed elementor-section-height-default elementor-section-height-default\" data-id=\"cfedf59\" data-element_type=\"section\">\n\t\t\t\t\t\t<div class=\"elementor-container elementor-column-gap-custom\">\n\t\t\t\t\t<div class=\"elementor-column elementor-col-50 elementor-top-column elementor-element elementor-element-8fede5a\" data-id=\"8fede5a\" data-element_type=\"column\">\n\t\t\t<div class=\"elementor-widget-wrap elementor-element-populated\">\n\t\t\t\t\t\t<div class=\"elementor-element elementor-element-e5c8fe0 elementor-widget elementor-widget-image\" data-id=\"e5c8fe0\" data-element_type=\"widget\" data-widget_type=\"image.default\">\n\t\t\t\t<div class=\"elementor-widget-container\">\n\t\t\t\t\t\t\t\t\t\t\t\t\t\t\t<img decoding=\"async\" width=\"700\" height=\"467\" src=\"https:\/\/greenhabitat.it\/wp-content\/uploads\/2022\/03\/reverse4.jpg\" class=\"attachment-full size-full wp-image-8072\" alt=\"\" srcset=\"https:\/\/greenhabitat.it\/wp-content\/uploads\/2022\/03\/reverse4.jpg 700w, https:\/\/greenhabitat.it\/wp-content\/uploads\/2022\/03\/reverse4-300x200.jpg 300w, https:\/\/greenhabitat.it\/wp-content\/uploads\/2022\/03\/reverse4-600x400.jpg 600w\" sizes=\"(max-width: 700px) 100vw, 700px\" \/>\t\t\t\t\t\t\t\t\t\t\t\t\t\t\t<\/div>\n\t\t\t\t<\/div>\n\t\t\t\t\t<\/div>\n\t\t<\/div>\n\t\t\t\t<div class=\"elementor-column elementor-col-50 elementor-top-column elementor-element elementor-element-4223163\" data-id=\"4223163\" data-element_type=\"column\">\n\t\t\t<div class=\"elementor-widget-wrap elementor-element-populated\">\n\t\t\t\t\t\t<div class=\"elementor-element elementor-element-6129591 elementor-widget elementor-widget-image\" data-id=\"6129591\" data-element_type=\"widget\" data-widget_type=\"image.default\">\n\t\t\t\t<div class=\"elementor-widget-container\">\n\t\t\t\t\t\t\t\t\t\t\t\t\t\t\t<img loading=\"lazy\" decoding=\"async\" width=\"700\" height=\"467\" src=\"https:\/\/greenhabitat.it\/wp-content\/uploads\/2022\/03\/reverse2.jpg\" class=\"attachment-full size-full wp-image-8070\" alt=\"\" srcset=\"https:\/\/greenhabitat.it\/wp-content\/uploads\/2022\/03\/reverse2.jpg 700w, https:\/\/greenhabitat.it\/wp-content\/uploads\/2022\/03\/reverse2-300x200.jpg 300w, https:\/\/greenhabitat.it\/wp-content\/uploads\/2022\/03\/reverse2-600x400.jpg 600w\" sizes=\"(max-width: 700px) 100vw, 700px\" \/>\t\t\t\t\t\t\t\t\t\t\t\t\t\t\t<\/div>\n\t\t\t\t<\/div>\n\t\t\t\t\t<\/div>\n\t\t<\/div>\n\t\t\t\t\t<\/div>\n\t\t<\/section>\n\t\t\t\t<section class=\"elementor-section elementor-top-section elementor-element elementor-element-df650a2 elementor-section-boxed elementor-section-height-default elementor-section-height-default\" data-id=\"df650a2\" data-element_type=\"section\">\n\t\t\t\t\t\t<div class=\"elementor-container elementor-column-gap-custom\">\n\t\t\t\t\t<div class=\"elementor-column elementor-col-50 elementor-top-column elementor-element elementor-element-87f1cd5\" data-id=\"87f1cd5\" data-element_type=\"column\">\n\t\t\t<div class=\"elementor-widget-wrap elementor-element-populated\">\n\t\t\t\t\t\t<div class=\"elementor-element elementor-element-389d38c elementor-widget elementor-widget-text-editor\" data-id=\"389d38c\" data-element_type=\"widget\" data-widget_type=\"text-editor.default\">\n\t\t\t\t<div class=\"elementor-widget-container\">\n\t\t\t\t\t\t\t\t\t<p>Die <strong>nat\u00fcrlich stabilisierten gr\u00fcnen Bilder<\/strong> sind aus hochwertigen, wiederverwertbaren Produkten hergestellt, elegant in ihrer Schlichtheit und ideal f\u00fcr alle, die sich stilvoll einrichten und gleichzeitig umweltbewusst denken wollen.  <br \/>So zum Beispiel die Pflanzgef\u00e4\u00dfe f\u00fcr M\u00f6bel, die je nach Projekt individuell gestaltet werden k\u00f6nnen, oder die vielseitigen und praktischen selbsttragenden Trennw\u00e4nde, die sich perfekt f\u00fcr eine nat\u00fcrliche Schalld\u00e4mmung eignen und f\u00fcr eine <strong>komfortablere und weniger stressige Umgebung<\/strong> notwendig sind.<br \/>In Gesch\u00e4ftsr\u00e4umen ist es sicherlich unerl\u00e4sslich, der Akustik besondere Aufmerksamkeit zu schenken, um sicherzustellen, dass alle Mitarbeiter ohne Ablenkungen und Unterbrechungen arbeiten k\u00f6nnen.<br \/>Gr\u00fcne W\u00e4nde wurden auch wegen ihres gesundheitlichen <strong>Nutzens<\/strong> ausgew\u00e4hlt, denn sie k\u00f6nnen die Luftfeuchtigkeit regulieren und \u00fcberwachen, ob das Raumklima zu trocken und damit f\u00fcr unser Wohlbefinden ungeeignet ist.<\/p>\n\t\t\t\t\t\t\t\t<\/div>\n\t\t\t\t<\/div>\n\t\t\t\t<div class=\"elementor-element elementor-element-3827770 elementor-widget elementor-widget-image\" data-id=\"3827770\" data-element_type=\"widget\" data-widget_type=\"image.default\">\n\t\t\t\t<div class=\"elementor-widget-container\">\n\t\t\t\t\t\t\t\t\t\t\t\t\t\t\t<img loading=\"lazy\" decoding=\"async\" width=\"700\" height=\"467\" src=\"https:\/\/greenhabitat.it\/wp-content\/uploads\/2022\/03\/reverse5.jpg\" class=\"attachment-full size-full wp-image-8073\" alt=\"\" srcset=\"https:\/\/greenhabitat.it\/wp-content\/uploads\/2022\/03\/reverse5.jpg 700w, https:\/\/greenhabitat.it\/wp-content\/uploads\/2022\/03\/reverse5-300x200.jpg 300w, https:\/\/greenhabitat.it\/wp-content\/uploads\/2022\/03\/reverse5-600x400.jpg 600w\" sizes=\"(max-width: 700px) 100vw, 700px\" \/>\t\t\t\t\t\t\t\t\t\t\t\t\t\t\t<\/div>\n\t\t\t\t<\/div>\n\t\t\t\t\t<\/div>\n\t\t<\/div>\n\t\t\t\t<div class=\"elementor-column elementor-col-50 elementor-top-column elementor-element elementor-element-754508e\" data-id=\"754508e\" data-element_type=\"column\">\n\t\t\t<div class=\"elementor-widget-wrap elementor-element-populated\">\n\t\t\t\t\t\t<div class=\"elementor-element elementor-element-6891704 elementor-widget elementor-widget-image\" data-id=\"6891704\" data-element_type=\"widget\" data-widget_type=\"image.default\">\n\t\t\t\t<div class=\"elementor-widget-container\">\n\t\t\t\t\t\t\t\t\t\t\t\t\t\t\t<img loading=\"lazy\" decoding=\"async\" width=\"700\" height=\"1050\" src=\"https:\/\/greenhabitat.it\/wp-content\/uploads\/2022\/03\/reverse6.jpg\" class=\"attachment-full size-full wp-image-8069\" alt=\"\" srcset=\"https:\/\/greenhabitat.it\/wp-content\/uploads\/2022\/03\/reverse6.jpg 700w, https:\/\/greenhabitat.it\/wp-content\/uploads\/2022\/03\/reverse6-200x300.jpg 200w, https:\/\/greenhabitat.it\/wp-content\/uploads\/2022\/03\/reverse6-683x1024.jpg 683w, https:\/\/greenhabitat.it\/wp-content\/uploads\/2022\/03\/reverse6-600x900.jpg 600w\" sizes=\"(max-width: 700px) 100vw, 700px\" \/>\t\t\t\t\t\t\t\t\t\t\t\t\t\t\t<\/div>\n\t\t\t\t<\/div>\n\t\t\t\t\t<\/div>\n\t\t<\/div>\n\t\t\t\t\t<\/div>\n\t\t<\/section>\n\t\t\t\t<section class=\"elementor-section elementor-top-section elementor-element elementor-element-2693c75 elementor-section-boxed elementor-section-height-default elementor-section-height-default\" data-id=\"2693c75\" data-element_type=\"section\">\n\t\t\t\t\t\t<div class=\"elementor-container elementor-column-gap-custom\">\n\t\t\t\t\t<div class=\"elementor-column elementor-col-50 elementor-top-column elementor-element elementor-element-dc18f78\" data-id=\"dc18f78\" data-element_type=\"column\">\n\t\t\t<div class=\"elementor-widget-wrap elementor-element-populated\">\n\t\t\t\t\t\t<div class=\"elementor-element elementor-element-c7f1ae7 elementor-widget elementor-widget-image\" data-id=\"c7f1ae7\" data-element_type=\"widget\" data-widget_type=\"image.default\">\n\t\t\t\t<div class=\"elementor-widget-container\">\n\t\t\t\t\t\t\t\t\t\t\t\t\t\t\t<img loading=\"lazy\" decoding=\"async\" width=\"700\" height=\"467\" src=\"https:\/\/greenhabitat.it\/wp-content\/uploads\/2022\/03\/reverse7.jpg\" class=\"attachment-full size-full wp-image-8074\" alt=\"\" srcset=\"https:\/\/greenhabitat.it\/wp-content\/uploads\/2022\/03\/reverse7.jpg 700w, https:\/\/greenhabitat.it\/wp-content\/uploads\/2022\/03\/reverse7-300x200.jpg 300w, https:\/\/greenhabitat.it\/wp-content\/uploads\/2022\/03\/reverse7-600x400.jpg 600w\" sizes=\"(max-width: 700px) 100vw, 700px\" \/>\t\t\t\t\t\t\t\t\t\t\t\t\t\t\t<\/div>\n\t\t\t\t<\/div>\n\t\t\t\t\t<\/div>\n\t\t<\/div>\n\t\t\t\t<div class=\"elementor-column elementor-col-50 elementor-top-column elementor-element elementor-element-b40c575\" data-id=\"b40c575\" data-element_type=\"column\">\n\t\t\t<div class=\"elementor-widget-wrap elementor-element-populated\">\n\t\t\t\t\t\t<div class=\"elementor-element elementor-element-faa6171 elementor-widget elementor-widget-image\" data-id=\"faa6171\" data-element_type=\"widget\" data-widget_type=\"image.default\">\n\t\t\t\t<div class=\"elementor-widget-container\">\n\t\t\t\t\t\t\t\t\t\t\t\t\t\t\t<img loading=\"lazy\" decoding=\"async\" width=\"700\" height=\"467\" src=\"https:\/\/greenhabitat.it\/wp-content\/uploads\/2022\/03\/reverse8.jpg\" class=\"attachment-full size-full wp-image-8075\" alt=\"\" srcset=\"https:\/\/greenhabitat.it\/wp-content\/uploads\/2022\/03\/reverse8.jpg 700w, https:\/\/greenhabitat.it\/wp-content\/uploads\/2022\/03\/reverse8-300x200.jpg 300w, https:\/\/greenhabitat.it\/wp-content\/uploads\/2022\/03\/reverse8-600x400.jpg 600w\" sizes=\"(max-width: 700px) 100vw, 700px\" \/>\t\t\t\t\t\t\t\t\t\t\t\t\t\t\t<\/div>\n\t\t\t\t<\/div>\n\t\t\t\t\t<\/div>\n\t\t<\/div>\n\t\t\t\t\t<\/div>\n\t\t<\/section>\n\t\t\t\t<section class=\"elementor-section elementor-top-section elementor-element elementor-element-19f3603 elementor-hidden-tablet elementor-hidden-mobile elementor-section-boxed elementor-section-height-default elementor-section-height-default\" data-id=\"19f3603\" data-element_type=\"section\">\n\t\t\t\t\t\t<div class=\"elementor-container elementor-column-gap-default\">\n\t\t\t\t\t<div class=\"elementor-column elementor-col-100 elementor-top-column elementor-element elementor-element-ea876ab\" data-id=\"ea876ab\" data-element_type=\"column\">\n\t\t\t<div class=\"elementor-widget-wrap elementor-element-populated\">\n\t\t\t\t\t\t<div class=\"elementor-element elementor-element-87e4d0e elementor-widget elementor-widget-spacer\" data-id=\"87e4d0e\" data-element_type=\"widget\" data-widget_type=\"spacer.default\">\n\t\t\t\t<div class=\"elementor-widget-container\">\n\t\t\t\t\t\t\t<div class=\"elementor-spacer\">\n\t\t\t<div class=\"elementor-spacer-inner\"><\/div>\n\t\t<\/div>\n\t\t\t\t\t\t<\/div>\n\t\t\t\t<\/div>\n\t\t\t\t\t<\/div>\n\t\t<\/div>\n\t\t\t\t\t<\/div>\n\t\t<\/section>\n\t\t\t\t<section class=\"elementor-section elementor-top-section elementor-element elementor-element-48fcf75 elementor-section-boxed elementor-section-height-default elementor-section-height-default\" data-id=\"48fcf75\" data-element_type=\"section\" data-settings=\"{&quot;background_background&quot;:&quot;classic&quot;}\">\n\t\t\t\t\t\t<div class=\"elementor-container elementor-column-gap-default\">\n\t\t\t\t\t<div class=\"elementor-column elementor-col-100 elementor-top-column elementor-element elementor-element-18d5a77\" data-id=\"18d5a77\" data-element_type=\"column\">\n\t\t\t<div class=\"elementor-widget-wrap elementor-element-populated\">\n\t\t\t\t\t\t<div class=\"elementor-element elementor-element-96ff3f8 elementor-widget elementor-widget-heading\" data-id=\"96ff3f8\" data-element_type=\"widget\" data-widget_type=\"heading.default\">\n\t\t\t\t<div class=\"elementor-widget-container\">\n\t\t\t\t\t<h2 class=\"elementor-heading-title elementor-size-default\">Kontaktieren Sie uns und fordern Sie weitere Informationen an<\/h2>\t\t\t\t<\/div>\n\t\t\t\t<\/div>\n\t\t\t\t\t<\/div>\n\t\t<\/div>\n\t\t\t\t\t<\/div>\n\t\t<\/section>\n\t\t\t\t<section class=\"elementor-section elementor-top-section elementor-element elementor-element-2c8a37e elementor-section-boxed elementor-section-height-default elementor-section-height-default\" data-id=\"2c8a37e\" data-element_type=\"section\" data-settings=\"{&quot;background_background&quot;:&quot;classic&quot;}\">\n\t\t\t\t\t\t<div class=\"elementor-container elementor-column-gap-custom\">\n\t\t\t\t\t<div class=\"elementor-column elementor-col-100 elementor-top-column elementor-element elementor-element-f6bf1b9\" data-id=\"f6bf1b9\" data-element_type=\"column\">\n\t\t\t<div class=\"elementor-widget-wrap elementor-element-populated\">\n\t\t\t\t\t\t<div class=\"elementor-element elementor-element-11438c6 elementor-widget elementor-widget-html\" data-id=\"11438c6\" data-element_type=\"widget\" data-widget_type=\"html.default\">\n\t\t\t\t<div class=\"elementor-widget-container\">\n\t\t\t\t\t<script charset=\"utf-8\" type=\"text\/javascript\" src=\"\/\/js.hsforms.net\/forms\/embed\/v2.js\"><\/script>\n<script>\n  hbspt.forms.create({\n    region: \"na1\",\n    portalId: \"9406678\",\n    formId: \"c622a68d-32a7-4aa6-953f-ba17b45cf5a5\"\n  });\n<\/script>\t\t\t\t<\/div>\n\t\t\t\t<\/div>\n\t\t\t\t\t<\/div>\n\t\t<\/div>\n\t\t\t\t\t<\/div>\n\t\t<\/section>\n\t\t\t\t<section class=\"elementor-section elementor-top-section elementor-element elementor-element-42dd015 elementor-section-boxed elementor-section-height-default elementor-section-height-default\" data-id=\"42dd015\" data-element_type=\"section\" data-settings=\"{&quot;background_background&quot;:&quot;classic&quot;}\">\n\t\t\t\t\t\t<div class=\"elementor-container elementor-column-gap-wider\">\n\t\t\t\t\t<div class=\"elementor-column elementor-col-50 elementor-top-column elementor-element elementor-element-f7c839c\" data-id=\"f7c839c\" data-element_type=\"column\">\n\t\t\t<div class=\"elementor-widget-wrap elementor-element-populated\">\n\t\t\t\t\t\t<div class=\"elementor-element elementor-element-b4160a0 elementor-cta--skin-cover elementor-cta--valign-middle elementor-animated-content elementor-bg-transform elementor-bg-transform-zoom-in elementor-widget elementor-widget-call-to-action\" data-id=\"b4160a0\" data-element_type=\"widget\" data-widget_type=\"call-to-action.default\">\n\t\t\t\t<div class=\"elementor-widget-container\">\n\t\t\t\t\t\t\t<a class=\"elementor-cta\" href=\"https:\/\/greenhabitat.it\/case\/acustica-bolognese\/\">\n\t\t\t\t\t<div class=\"elementor-cta__bg-wrapper\">\n\t\t\t\t<div class=\"elementor-cta__bg elementor-bg\" style=\"background-image: url(https:\/\/greenhabitat.it\/wp-content\/uploads\/2022\/03\/ACUSTICA-BOLOGNESE-CTA.jpg);\" role=\"img\" aria-label=\"Parete verde per Acustica Bolognese\"><\/div>\n\t\t\t\t<div class=\"elementor-cta__bg-overlay\"><\/div>\n\t\t\t<\/div>\n\t\t\t\t\t\t\t<div class=\"elementor-cta__content\">\n\t\t\t\t\n\t\t\t\t\t\t\t\t\t<h1 class=\"elementor-cta__title elementor-cta__content-item elementor-content-item elementor-animated-item--grow\">\n\t\t\t\t\t\tCASE\t\t\t\t\t<\/h1>\n\t\t\t\t\n\t\t\t\t\t\t\t\t\t<div class=\"elementor-cta__description elementor-cta__content-item elementor-content-item elementor-animated-item--grow\">\n\t\t\t\t\t\t<p>Bologneser Akustik<\/p>\n\t\t\t\t\t<\/div>\n\t\t\t\t\n\t\t\t\t\t\t\t\t\t<div class=\"elementor-cta__button-wrapper elementor-cta__content-item elementor-content-item elementor-animated-item--grow\">\n\t\t\t\t\t<span class=\"elementor-cta__button elementor-button elementor-size-\">\n\t\t\t\t\t\tEntdecken Sie den Fall\t\t\t\t\t<\/span>\n\t\t\t\t\t<\/div>\n\t\t\t\t\t\t\t<\/div>\n\t\t\t\t\t\t<\/a>\n\t\t\t\t\t\t<\/div>\n\t\t\t\t<\/div>\n\t\t\t\t\t<\/div>\n\t\t<\/div>\n\t\t\t\t<div class=\"elementor-column elementor-col-50 elementor-top-column elementor-element elementor-element-a06c095\" data-id=\"a06c095\" data-element_type=\"column\">\n\t\t\t<div class=\"elementor-widget-wrap elementor-element-populated\">\n\t\t\t\t\t\t<div class=\"elementor-element elementor-element-8d7bedf elementor-cta--skin-cover elementor-cta--valign-middle elementor-animated-content elementor-bg-transform elementor-bg-transform-zoom-in elementor-widget elementor-widget-call-to-action\" data-id=\"8d7bedf\" data-element_type=\"widget\" data-widget_type=\"call-to-action.default\">\n\t\t\t\t<div class=\"elementor-widget-container\">\n\t\t\t\t\t\t\t<a class=\"elementor-cta\" href=\"https:\/\/greenhabitat.it\/case\/westpole\/\">\n\t\t\t\t\t<div class=\"elementor-cta__bg-wrapper\">\n\t\t\t\t<div class=\"elementor-cta__bg elementor-bg\" style=\"background-image: url(https:\/\/greenhabitat.it\/wp-content\/uploads\/2022\/03\/westpole.jpg);\" role=\"img\" aria-label=\"westpole\"><\/div>\n\t\t\t\t<div class=\"elementor-cta__bg-overlay\"><\/div>\n\t\t\t<\/div>\n\t\t\t\t\t\t\t<div class=\"elementor-cta__content\">\n\t\t\t\t\n\t\t\t\t\t\t\t\t\t<h1 class=\"elementor-cta__title elementor-cta__content-item elementor-content-item elementor-animated-item--grow\">\n\t\t\t\t\t\tCASE\t\t\t\t\t<\/h1>\n\t\t\t\t\n\t\t\t\t\t\t\t\t\t<div class=\"elementor-cta__description elementor-cta__content-item elementor-content-item elementor-animated-item--grow\">\n\t\t\t\t\t\t<p>Westpole<\/p>\n\t\t\t\t\t<\/div>\n\t\t\t\t\n\t\t\t\t\t\t\t\t\t<div class=\"elementor-cta__button-wrapper elementor-cta__content-item elementor-content-item elementor-animated-item--grow\">\n\t\t\t\t\t<span class=\"elementor-cta__button elementor-button elementor-size-\">\n\t\t\t\t\t\tEntdecken Sie den Fall\t\t\t\t\t<\/span>\n\t\t\t\t\t<\/div>\n\t\t\t\t\t\t\t<\/div>\n\t\t\t\t\t\t<\/a>\n\t\t\t\t\t\t<\/div>\n\t\t\t\t<\/div>\n\t\t\t\t\t<\/div>\n\t\t<\/div>\n\t\t\t\t\t<\/div>\n\t\t<\/section>\n\t\t\t\t<\/div>\n\t\t","protected":false},"excerpt":{"rendered":"<p>R-Everse, stabilisiertes Gr\u00fcn f\u00fcr die Verwendung in Innenr\u00e4umen. R-Everse unterst\u00fctzt Unternehmen bei der Personalauswahl mit einem engagierten, flexiblen, digitalen und spezialisierten Recruiting- und Headhunting-Service. Es ging darum, ein komfortableres und angenehmeres Umfeld zu schaffen, das die Arbeitszeit des Teams im B\u00fcro verk\u00fcrzt. Wir schenken der Tatsache, dass wir 90 Prozent unseres Tages in Innenr\u00e4umen verbringen, [&hellip;]<\/p>\n","protected":false},"author":11,"featured_media":0,"parent":8409,"menu_order":0,"comment_status":"closed","ping_status":"closed","template":"","meta":{"_acf_changed":false,"content-type":"","footnotes":""},"class_list":["post-8431","page","type-page","status-publish","hentry"],"acf":[],"_links":{"self":[{"href":"https:\/\/greenhabitat.it\/de\/wp-json\/wp\/v2\/pages\/8431","targetHints":{"allow":["GET"]}}],"collection":[{"href":"https:\/\/greenhabitat.it\/de\/wp-json\/wp\/v2\/pages"}],"about":[{"href":"https:\/\/greenhabitat.it\/de\/wp-json\/wp\/v2\/types\/page"}],"author":[{"embeddable":true,"href":"https:\/\/greenhabitat.it\/de\/wp-json\/wp\/v2\/users\/11"}],"replies":[{"embeddable":true,"href":"https:\/\/greenhabitat.it\/de\/wp-json\/wp\/v2\/comments?post=8431"}],"version-history":[{"count":3,"href":"https:\/\/greenhabitat.it\/de\/wp-json\/wp\/v2\/pages\/8431\/revisions"}],"predecessor-version":[{"id":9894,"href":"https:\/\/greenhabitat.it\/de\/wp-json\/wp\/v2\/pages\/8431\/revisions\/9894"}],"up":[{"embeddable":true,"href":"https:\/\/greenhabitat.it\/de\/wp-json\/wp\/v2\/pages\/8409"}],"wp:attachment":[{"href":"https:\/\/greenhabitat.it\/de\/wp-json\/wp\/v2\/media?parent=8431"}],"curies":[{"name":"wp","href":"https:\/\/api.w.org\/{rel}","templated":true}]}}