{"id":8306,"date":"2021-05-24T07:44:44","date_gmt":"2021-05-24T07:44:44","guid":{"rendered":"https:\/\/greenhabitat.it\/luftentfeuchter\/"},"modified":"2023-03-27T13:31:29","modified_gmt":"2023-03-27T13:31:29","slug":"luftentfeuchter","status":"publish","type":"page","link":"https:\/\/greenhabitat.it\/de\/luftentfeuchter\/","title":{"rendered":"Luftentfeuchter"},"content":{"rendered":"\t\t<div data-elementor-type=\"wp-page\" data-elementor-id=\"8306\" class=\"elementor elementor-8306 elementor-2498\" data-elementor-post-type=\"page\">\n\t\t\t\t\t\t<section class=\"elementor-section elementor-top-section elementor-element elementor-element-2924278 elementor-section-height-min-height elementor-section-boxed elementor-section-height-default elementor-section-items-middle\" data-id=\"2924278\" data-element_type=\"section\" data-e-type=\"section\" data-settings=\"{&quot;background_background&quot;:&quot;classic&quot;}\">\n\t\t\t\t\t\t\t<div class=\"elementor-background-overlay\"><\/div>\n\t\t\t\t\t\t\t<div class=\"elementor-container elementor-column-gap-default\">\n\t\t\t\t\t<div class=\"elementor-column elementor-col-100 elementor-top-column elementor-element elementor-element-174cdfd\" data-id=\"174cdfd\" data-element_type=\"column\" data-e-type=\"column\">\n\t\t\t<div class=\"elementor-widget-wrap elementor-element-populated\">\n\t\t\t\t\t\t<div class=\"elementor-element elementor-element-9399a35 elementor-widget elementor-widget-heading\" data-id=\"9399a35\" data-element_type=\"widget\" data-e-type=\"widget\" data-widget_type=\"heading.default\">\n\t\t\t\t<div class=\"elementor-widget-container\">\n\t\t\t\t\t<h1 class=\"elementor-heading-title elementor-size-default\">Luftentfeuchter<\/h1>\t\t\t\t<\/div>\n\t\t\t\t<\/div>\n\t\t\t\t\t<\/div>\n\t\t<\/div>\n\t\t\t\t\t<\/div>\n\t\t<\/section>\n\t\t\t\t<section class=\"elementor-section elementor-top-section elementor-element elementor-element-22c40ed elementor-section-boxed elementor-section-height-default elementor-section-height-default\" data-id=\"22c40ed\" data-element_type=\"section\" data-e-type=\"section\">\n\t\t\t\t\t\t<div class=\"elementor-container elementor-column-gap-default\">\n\t\t\t\t\t<div class=\"elementor-column elementor-col-100 elementor-top-column elementor-element elementor-element-e68c069\" data-id=\"e68c069\" data-element_type=\"column\" data-e-type=\"column\">\n\t\t\t<div class=\"elementor-widget-wrap elementor-element-populated\">\n\t\t\t\t\t\t<div class=\"elementor-element elementor-element-81ca288 elementor-widget elementor-widget-text-editor\" data-id=\"81ca288\" data-element_type=\"widget\" data-e-type=\"widget\" data-widget_type=\"text-editor.default\">\n\t\t\t\t<div class=\"elementor-widget-container\">\n\t\t\t\t\t\t\t\t\t<nav aria-label=\"breadcrumbs\" class=\"rank-math-breadcrumb\"><p><span class=\"last\">Home<\/span><\/p><\/nav>\n\t\t\t\t\t\t\t\t<\/div>\n\t\t\t\t<\/div>\n\t\t\t\t\t<\/div>\n\t\t<\/div>\n\t\t\t\t\t<\/div>\n\t\t<\/section>\n\t\t\t\t<section class=\"elementor-section elementor-top-section elementor-element elementor-element-137cefe elementor-section-boxed elementor-section-height-default elementor-section-height-default\" data-id=\"137cefe\" data-element_type=\"section\" data-e-type=\"section\">\n\t\t\t\t\t\t<div class=\"elementor-container elementor-column-gap-default\">\n\t\t\t\t\t<div class=\"elementor-column elementor-col-50 elementor-top-column elementor-element elementor-element-203c495\" data-id=\"203c495\" data-element_type=\"column\" data-e-type=\"column\">\n\t\t\t<div class=\"elementor-widget-wrap elementor-element-populated\">\n\t\t\t\t\t\t<div class=\"elementor-element elementor-element-96ae3c8 elementor-widget elementor-widget-image\" data-id=\"96ae3c8\" data-element_type=\"widget\" data-e-type=\"widget\" data-widget_type=\"image.default\">\n\t\t\t\t<div class=\"elementor-widget-container\">\n\t\t\t\t\t\t\t\t\t\t\t\t\t\t\t<img fetchpriority=\"high\" decoding=\"async\" width=\"400\" height=\"698\" src=\"https:\/\/greenhabitat.it\/wp-content\/uploads\/2021\/11\/sanifica_aria_beghelli_GreenHabitat.jpg\" class=\"attachment-large size-large wp-image-7920\" alt=\"\" srcset=\"https:\/\/greenhabitat.it\/wp-content\/uploads\/2021\/11\/sanifica_aria_beghelli_GreenHabitat.jpg 400w, https:\/\/greenhabitat.it\/wp-content\/uploads\/2021\/11\/sanifica_aria_beghelli_GreenHabitat-172x300.jpg 172w\" sizes=\"(max-width: 400px) 100vw, 400px\" \/>\t\t\t\t\t\t\t\t\t\t\t\t\t\t\t<\/div>\n\t\t\t\t<\/div>\n\t\t\t\t\t<\/div>\n\t\t<\/div>\n\t\t\t\t<div class=\"elementor-column elementor-col-50 elementor-top-column elementor-element elementor-element-f1bc278\" data-id=\"f1bc278\" data-element_type=\"column\" data-e-type=\"column\">\n\t\t\t<div class=\"elementor-widget-wrap elementor-element-populated\">\n\t\t\t\t\t\t<div class=\"elementor-element elementor-element-e696151 elementor-widget elementor-widget-text-editor\" data-id=\"e696151\" data-element_type=\"widget\" data-e-type=\"widget\" data-widget_type=\"text-editor.default\">\n\t\t\t\t<div class=\"elementor-widget-container\">\n\t\t\t\t\t\t\t\t\t<p><b>GREEN HABITAT AIR PURE 360\u00b0 LINE.  <\/b><\/p>\n<p>Die <a href=\"https:\/\/greenhabitat.it\/de\/?post_type=product&#038;p=8232\"><b>L\u00f6sung<\/b> <b>Gr\u00fcner Lebensraum<\/b><\/a> in Zusammenarbeit mit Beghelli f\u00fcr eine kontinuierliche Luftreinigung.<\/p>\n<p>Green Air 30 ist die L\u00f6sung f\u00fcr die Desinfektion der Luft in jeder Art von Umgebung, auch in Anwesenheit von Menschen, mit der <b>patentierten uvOxy\u00ae-Technologie<\/b>, die eine wirksame Behandlung und maximale Sicherheit garantiert.<\/p>\n<p>Dieses System, das in die nat\u00fcrlichen W\u00e4nde von Green Habitat integriert ist, erfordert keine Pflege und Wartung und bietet zahlreiche <a href=\"https:\/\/greenhabitat.it\/benefici\/\">\n  <b>Vorteile<\/b>\n<\/a> f\u00fcr die Umwelt.<\/p>\t\t\t\t\t\t\t\t<\/div>\n\t\t\t\t<\/div>\n\t\t\t\t\t<\/div>\n\t\t<\/div>\n\t\t\t\t\t<\/div>\n\t\t<\/section>\n\t\t\t\t<section class=\"elementor-section elementor-top-section elementor-element elementor-element-8fa1c58 elementor-section-boxed elementor-section-height-default elementor-section-height-default\" data-id=\"8fa1c58\" data-element_type=\"section\" data-e-type=\"section\">\n\t\t\t\t\t\t<div class=\"elementor-container elementor-column-gap-default\">\n\t\t\t\t\t<div class=\"elementor-column elementor-col-33 elementor-top-column elementor-element elementor-element-b0fdeef\" data-id=\"b0fdeef\" data-element_type=\"column\" data-e-type=\"column\">\n\t\t\t<div class=\"elementor-widget-wrap elementor-element-populated\">\n\t\t\t\t\t\t<div class=\"elementor-element elementor-element-e301ebd elementor-widget elementor-widget-text-editor\" data-id=\"e301ebd\" data-element_type=\"widget\" data-e-type=\"widget\" data-widget_type=\"text-editor.default\">\n\t\t\t\t<div class=\"elementor-widget-container\">\n\t\t\t\t\t\t\t\t\t<h5><span style=\"color: var( --e-global-color-text );\">Eine weitere Hilfe gegen die<\/span><\/h5>\n\t\t\t\t\t\t\t\t<\/div>\n\t\t\t\t<\/div>\n\t\t\t\t<div class=\"elementor-element elementor-element-b62555d elementor-widget elementor-widget-text-editor\" data-id=\"b62555d\" data-element_type=\"widget\" data-e-type=\"widget\" data-widget_type=\"text-editor.default\">\n\t\t\t\t<div class=\"elementor-widget-container\">\n\t\t\t\t\t\t\t\t\t<h3><span style=\"color: var( --e-global-color-text );\"><b>COVID-19.<\/b><\/span><\/h3>\n\t\t\t\t\t\t\t\t<\/div>\n\t\t\t\t<\/div>\n\t\t\t\t\t<\/div>\n\t\t<\/div>\n\t\t\t\t<div class=\"elementor-column elementor-col-33 elementor-top-column elementor-element elementor-element-764bdf6\" data-id=\"764bdf6\" data-element_type=\"column\" data-e-type=\"column\">\n\t\t\t<div class=\"elementor-widget-wrap elementor-element-populated\">\n\t\t\t\t\t\t<div class=\"elementor-element elementor-element-78ff005 elementor-widget elementor-widget-text-editor\" data-id=\"78ff005\" data-element_type=\"widget\" data-e-type=\"widget\" data-widget_type=\"text-editor.default\">\n\t\t\t\t<div class=\"elementor-widget-container\">\n\t\t\t\t\t\t\t\t\t<h5 style=\"font-family: Muli, sans-serif; color: #7a7a7a;\">Wirksamkeit gegen Viren, Bakterien und <span style=\"font-weight: 600;\">COVID-19<\/span> getestet<\/h5>\n\t\t\t\t\t\t\t\t<\/div>\n\t\t\t\t<\/div>\n\t\t\t\t<div class=\"elementor-element elementor-element-0aaa978 elementor-widget elementor-widget-text-editor\" data-id=\"0aaa978\" data-element_type=\"widget\" data-e-type=\"widget\" data-widget_type=\"text-editor.default\">\n\t\t\t\t<div class=\"elementor-widget-container\">\n\t\t\t\t\t\t\t\t\t<h3 style=\"font-family: Muli, sans-serif; color: #7a7a7a;\"><b><span class=\"xsmall\">bis zu<\/span> 99,6 Prozent.<\/b><\/h3>\n\t\t\t\t\t\t\t\t<\/div>\n\t\t\t\t<\/div>\n\t\t\t\t\t<\/div>\n\t\t<\/div>\n\t\t\t\t<div class=\"elementor-column elementor-col-33 elementor-top-column elementor-element elementor-element-dd36219\" data-id=\"dd36219\" data-element_type=\"column\" data-e-type=\"column\">\n\t\t\t<div class=\"elementor-widget-wrap elementor-element-populated\">\n\t\t\t\t\t\t<div class=\"elementor-element elementor-element-bcc7a4b elementor-widget elementor-widget-text-editor\" data-id=\"bcc7a4b\" data-element_type=\"widget\" data-e-type=\"widget\" data-widget_type=\"text-editor.default\">\n\t\t\t\t<div class=\"elementor-widget-container\">\n\t\t\t\t\t\t\t\t\t<h5 style=\"font-family: Muli, sans-serif; color: #7a7a7a;\">Kontinuierliche Luftreinigung bis zu<\/h5>\n\t\t\t\t\t\t\t\t<\/div>\n\t\t\t\t<\/div>\n\t\t\t\t<div class=\"elementor-element elementor-element-16a52ce elementor-widget elementor-widget-text-editor\" data-id=\"16a52ce\" data-element_type=\"widget\" data-e-type=\"widget\" data-widget_type=\"text-editor.default\">\n\t\t\t\t<div class=\"elementor-widget-container\">\n\t\t\t\t\t\t\t\t\t<h3><b><span style=\"color: inherit; font-family: inherit; font-size: 2.5rem;\">50<\/span><span class=\"medium\" style=\"color: inherit; font-family: inherit; font-size: 2.5rem;\"><sup>m2<\/sup><\/span><span style=\"color: inherit; font-family: inherit; font-size: 2.5rem;\"> <\/span><span class=\"xsmall\" style=\"color: inherit; font-family: inherit; font-size: 2.5rem;\">in 4 Stunden.<\/span><sup style=\"color: inherit; font-family: inherit;\"> <\/sup><\/b><\/h3>\n\t\t\t\t\t\t\t\t<\/div>\n\t\t\t\t<\/div>\n\t\t\t\t\t<\/div>\n\t\t<\/div>\n\t\t\t\t\t<\/div>\n\t\t<\/section>\n\t\t\t\t<section class=\"elementor-section elementor-top-section elementor-element elementor-element-080bbb0 elementor-section-boxed elementor-section-height-default elementor-section-height-default\" data-id=\"080bbb0\" data-element_type=\"section\" data-e-type=\"section\">\n\t\t\t\t\t\t<div class=\"elementor-container elementor-column-gap-default\">\n\t\t\t\t\t<div class=\"elementor-column elementor-col-50 elementor-top-column elementor-element elementor-element-f822cdd\" data-id=\"f822cdd\" data-element_type=\"column\" data-e-type=\"column\">\n\t\t\t<div class=\"elementor-widget-wrap elementor-element-populated\">\n\t\t\t\t\t\t<div class=\"elementor-element elementor-element-ea3b6c0 elementor-widget elementor-widget-text-editor\" data-id=\"ea3b6c0\" data-element_type=\"widget\" data-e-type=\"widget\" data-widget_type=\"text-editor.default\">\n\t\t\t\t<div class=\"elementor-widget-container\">\n\t\t\t\t\t\t\t\t\t<p><b>VIELSEITIG:<\/b><\/p>\n<p>kann horizontal oder vertikal an der Wand montiert werden oder dank des integrierten Sockels in der freistehenden Version auf jede beliebige Fl\u00e4che gestellt werden.<\/p>\n<p><b>INNOVATIV:<\/b><\/p>\n<p>Ein Gebl\u00e4sesystem leitet die Luft im Inneren von Green Air 360\u00b0 und bei Kontakt mit ultraviolettem Licht wird sie dank der neuen, patentierten UVOXY-Technologie desinfiziert.<\/p>\n<p class=\"p1\"><b>WIRKLICH:<\/b><\/p>\n<p class=\"p1\">seine Wirksamkeit ist bis zu 99,9 % auf Viren und Bakterien getestet und hilft, der Verbreitung von Covid-19 entgegenzuwirken. Es baut Luftschadstoffe ab, verhindert die Bildung von Schimmel und beseitigt unangenehme Ger\u00fcche.<\/p>\n<p class=\"p1\"><b>SAFE:<\/b><\/p>\n<p class=\"p1\"><span style=\"color: var( --e-global-color-text );\">Keine Ozonemissionen &#8211; Keine Exposition gegen\u00fcber UV-C-Quellen.<\/span><\/p>\n\t\t\t\t\t\t\t\t<\/div>\n\t\t\t\t<\/div>\n\t\t\t\t\t<\/div>\n\t\t<\/div>\n\t\t\t\t<div class=\"elementor-column elementor-col-50 elementor-top-column elementor-element elementor-element-07ae320\" data-id=\"07ae320\" data-element_type=\"column\" data-e-type=\"column\">\n\t\t\t<div class=\"elementor-widget-wrap elementor-element-populated\">\n\t\t\t\t\t\t<div class=\"elementor-element elementor-element-8228720 elementor-widget__width-initial elementor-widget elementor-widget-video\" data-id=\"8228720\" data-element_type=\"widget\" data-e-type=\"widget\" data-settings=\"{&quot;video_type&quot;:&quot;hosted&quot;,&quot;autoplay&quot;:&quot;yes&quot;,&quot;play_on_mobile&quot;:&quot;yes&quot;,&quot;mute&quot;:&quot;yes&quot;,&quot;loop&quot;:&quot;yes&quot;}\" data-widget_type=\"video.default\">\n\t\t\t\t<div class=\"elementor-widget-container\">\n\t\t\t\t\t\t\t<div class=\"e-hosted-video elementor-wrapper elementor-open-inline\">\n\t\t\t\t\t<video class=\"elementor-video\" src=\"https:\/\/greenhabitat.it\/wp-content\/uploads\/2021\/05\/how-work_sanifica_aria-1.mp4\" autoplay=\"\" loop=\"\" muted=\"muted\" playsinline=\"\"><\/video>\n\t\t\t\t<\/div>\n\t\t\t\t\t\t<\/div>\n\t\t\t\t<\/div>\n\t\t\t\t\t<\/div>\n\t\t<\/div>\n\t\t\t\t\t<\/div>\n\t\t<\/section>\n\t\t\t\t<section class=\"elementor-section elementor-top-section elementor-element elementor-element-5a8e61c elementor-section-boxed elementor-section-height-default elementor-section-height-default\" data-id=\"5a8e61c\" data-element_type=\"section\" data-e-type=\"section\">\n\t\t\t\t\t\t<div class=\"elementor-container elementor-column-gap-default\">\n\t\t\t\t\t<div class=\"elementor-column elementor-col-50 elementor-top-column elementor-element elementor-element-f632a22\" data-id=\"f632a22\" data-element_type=\"column\" data-e-type=\"column\">\n\t\t\t<div class=\"elementor-widget-wrap elementor-element-populated\">\n\t\t\t\t\t\t<div class=\"elementor-element elementor-element-5d71fd4 elementor-widget elementor-widget-text-editor\" data-id=\"5d71fd4\" data-element_type=\"widget\" data-e-type=\"widget\" data-widget_type=\"text-editor.default\">\n\t\t\t\t<div class=\"elementor-widget-container\">\n\t\t\t\t\t\t\t\t\t<h5><span style=\"color: inherit; font-family: inherit;\"><span style=\"color: var( --e-global-color-text );\">Sehen Sie sich die Ergebnisse von Tests auf Viren und Bakterien an.<br \/>Die Wirksamkeit von wurde von akkreditierten Labors getestet.<\/span><\/span><\/h5>\n\t\t\t\t\t\t\t\t<\/div>\n\t\t\t\t<\/div>\n\t\t\t\t\t<\/div>\n\t\t<\/div>\n\t\t\t\t<div class=\"elementor-column elementor-col-50 elementor-top-column elementor-element elementor-element-06abdea\" data-id=\"06abdea\" data-element_type=\"column\" data-e-type=\"column\">\n\t\t\t<div class=\"elementor-widget-wrap elementor-element-populated\">\n\t\t\t\t\t\t<div class=\"elementor-element elementor-element-e877b8e elementor-widget elementor-widget-image\" data-id=\"e877b8e\" data-element_type=\"widget\" data-e-type=\"widget\" data-widget_type=\"image.default\">\n\t\t\t\t<div class=\"elementor-widget-container\">\n\t\t\t\t\t\t\t\t\t\t\t\t\t\t\t<img decoding=\"async\" width=\"800\" height=\"347\" src=\"https:\/\/greenhabitat.it\/wp-content\/uploads\/2021\/05\/logo-UVOXY.png\" class=\"attachment-large size-large wp-image-7822\" alt=\"\" srcset=\"https:\/\/greenhabitat.it\/wp-content\/uploads\/2021\/05\/logo-UVOXY.png 966w, https:\/\/greenhabitat.it\/wp-content\/uploads\/2021\/05\/logo-UVOXY-600x260.png 600w, https:\/\/greenhabitat.it\/wp-content\/uploads\/2021\/05\/logo-UVOXY-300x130.png 300w, https:\/\/greenhabitat.it\/wp-content\/uploads\/2021\/05\/logo-UVOXY-768x333.png 768w\" sizes=\"(max-width: 800px) 100vw, 800px\" \/>\t\t\t\t\t\t\t\t\t\t\t\t\t\t\t<\/div>\n\t\t\t\t<\/div>\n\t\t\t\t<div class=\"elementor-element elementor-element-adb72fb elementor-align-center elementor-widget elementor-widget-button\" data-id=\"adb72fb\" data-element_type=\"widget\" data-e-type=\"widget\" data-widget_type=\"button.default\">\n\t\t\t\t<div class=\"elementor-widget-container\">\n\t\t\t\t\t\t\t\t\t<div class=\"elementor-button-wrapper\">\n\t\t\t\t\t<a class=\"elementor-button elementor-button-link elementor-size-md\" href=\"https:\/\/greenhabitat.it\/wp-content\/uploads\/2021\/06\/SanificaAria30Beghelli.pdf\">\n\t\t\t\t\t\t<span class=\"elementor-button-content-wrapper\">\n\t\t\t\t\t\t\t\t\t<span class=\"elementor-button-text\">DATENBLATT HERUNTERLADEN<\/span>\n\t\t\t\t\t<\/span>\n\t\t\t\t\t<\/a>\n\t\t\t\t<\/div>\n\t\t\t\t\t\t\t\t<\/div>\n\t\t\t\t<\/div>\n\t\t\t\t\t<\/div>\n\t\t<\/div>\n\t\t\t\t\t<\/div>\n\t\t<\/section>\n\t\t\t\t<section class=\"elementor-section elementor-top-section elementor-element elementor-element-308c469 elementor-section-boxed elementor-section-height-default elementor-section-height-default\" data-id=\"308c469\" data-element_type=\"section\" data-e-type=\"section\">\n\t\t\t\t\t\t<div class=\"elementor-container elementor-column-gap-default\">\n\t\t\t\t\t<div class=\"elementor-column elementor-col-100 elementor-top-column elementor-element elementor-element-59c1a49\" data-id=\"59c1a49\" data-element_type=\"column\" data-e-type=\"column\">\n\t\t\t<div class=\"elementor-widget-wrap elementor-element-populated\">\n\t\t\t\t\t\t<div class=\"elementor-element elementor-element-bf449da elementor-widget__width-inherit elementor-widget elementor-widget-image\" data-id=\"bf449da\" data-element_type=\"widget\" data-e-type=\"widget\" data-widget_type=\"image.default\">\n\t\t\t\t<div class=\"elementor-widget-container\">\n\t\t\t\t\t\t\t\t\t\t\t\t\t\t\t<img decoding=\"async\" width=\"1200\" height=\"732\" src=\"https:\/\/greenhabitat.it\/wp-content\/uploads\/2021\/11\/Sanificatore-daria-con-piedistallo.jpg\" class=\"attachment-full size-full wp-image-7921\" alt=\"\" srcset=\"https:\/\/greenhabitat.it\/wp-content\/uploads\/2021\/11\/Sanificatore-daria-con-piedistallo.jpg 1200w, https:\/\/greenhabitat.it\/wp-content\/uploads\/2021\/11\/Sanificatore-daria-con-piedistallo-300x183.jpg 300w, https:\/\/greenhabitat.it\/wp-content\/uploads\/2021\/11\/Sanificatore-daria-con-piedistallo-1024x625.jpg 1024w, https:\/\/greenhabitat.it\/wp-content\/uploads\/2021\/11\/Sanificatore-daria-con-piedistallo-768x468.jpg 768w, https:\/\/greenhabitat.it\/wp-content\/uploads\/2021\/11\/Sanificatore-daria-con-piedistallo-600x366.jpg 600w\" sizes=\"(max-width: 1200px) 100vw, 1200px\" \/>\t\t\t\t\t\t\t\t\t\t\t\t\t\t\t<\/div>\n\t\t\t\t<\/div>\n\t\t\t\t\t<\/div>\n\t\t<\/div>\n\t\t\t\t\t<\/div>\n\t\t<\/section>\n\t\t\t\t<section class=\"elementor-section elementor-top-section elementor-element elementor-element-f983a67 elementor-section-boxed elementor-section-height-default elementor-section-height-default\" data-id=\"f983a67\" data-element_type=\"section\" data-e-type=\"section\">\n\t\t\t\t\t\t<div class=\"elementor-container elementor-column-gap-default\">\n\t\t\t\t\t<div class=\"elementor-column elementor-col-100 elementor-top-column elementor-element elementor-element-1ff1a9b\" data-id=\"1ff1a9b\" data-element_type=\"column\" data-e-type=\"column\">\n\t\t\t<div class=\"elementor-widget-wrap elementor-element-populated\">\n\t\t\t\t\t\t<div class=\"elementor-element elementor-element-4a50195 elementor-align-center elementor-widget elementor-widget-button\" data-id=\"4a50195\" data-element_type=\"widget\" data-e-type=\"widget\" data-widget_type=\"button.default\">\n\t\t\t\t<div class=\"elementor-widget-container\">\n\t\t\t\t\t\t\t\t\t<div class=\"elementor-button-wrapper\">\n\t\t\t\t\t<a class=\"elementor-button elementor-button-link elementor-size-lg\" href=\"https:\/\/greenhabitat.it\/shop\">\n\t\t\t\t\t\t<span class=\"elementor-button-content-wrapper\">\n\t\t\t\t\t\t\t\t\t<span class=\"elementor-button-text\">Jetzt kaufen<\/span>\n\t\t\t\t\t<\/span>\n\t\t\t\t\t<\/a>\n\t\t\t\t<\/div>\n\t\t\t\t\t\t\t\t<\/div>\n\t\t\t\t<\/div>\n\t\t\t\t\t<\/div>\n\t\t<\/div>\n\t\t\t\t\t<\/div>\n\t\t<\/section>\n\t\t\t\t<\/div>\n\t\t","protected":false},"excerpt":{"rendered":"<p>Luftentfeuchter GREEN HABITAT AIR PURE 360\u00b0 LINE. Die L\u00f6sung Gr\u00fcner Lebensraum in Zusammenarbeit mit Beghelli f\u00fcr eine kontinuierliche Luftreinigung. Green Air 30 ist die L\u00f6sung f\u00fcr die Desinfektion der Luft in jeder Art von Umgebung, auch in Anwesenheit von Menschen, mit der patentierten uvOxy\u00ae-Technologie, die eine wirksame Behandlung und maximale Sicherheit garantiert. Dieses System, das [&hellip;]<\/p>\n","protected":false},"author":3,"featured_media":0,"parent":0,"menu_order":0,"comment_status":"closed","ping_status":"closed","template":"","meta":{"_acf_changed":false,"content-type":"","footnotes":""},"class_list":["post-8306","page","type-page","status-publish","hentry"],"acf":[],"_links":{"self":[{"href":"https:\/\/greenhabitat.it\/de\/wp-json\/wp\/v2\/pages\/8306","targetHints":{"allow":["GET"]}}],"collection":[{"href":"https:\/\/greenhabitat.it\/de\/wp-json\/wp\/v2\/pages"}],"about":[{"href":"https:\/\/greenhabitat.it\/de\/wp-json\/wp\/v2\/types\/page"}],"author":[{"embeddable":true,"href":"https:\/\/greenhabitat.it\/de\/wp-json\/wp\/v2\/users\/3"}],"replies":[{"embeddable":true,"href":"https:\/\/greenhabitat.it\/de\/wp-json\/wp\/v2\/comments?post=8306"}],"version-history":[{"count":2,"href":"https:\/\/greenhabitat.it\/de\/wp-json\/wp\/v2\/pages\/8306\/revisions"}],"predecessor-version":[{"id":8314,"href":"https:\/\/greenhabitat.it\/de\/wp-json\/wp\/v2\/pages\/8306\/revisions\/8314"}],"wp:attachment":[{"href":"https:\/\/greenhabitat.it\/de\/wp-json\/wp\/v2\/media?parent=8306"}],"curies":[{"name":"wp","href":"https:\/\/api.w.org\/{rel}","templated":true}]}}