{"id":8304,"date":"2021-06-11T10:20:51","date_gmt":"2021-06-11T10:20:51","guid":{"rendered":"https:\/\/greenhabitat.it\/gruene-stabilisierte-pflanzgefaesse\/"},"modified":"2023-03-27T13:31:30","modified_gmt":"2023-03-27T13:31:30","slug":"gruene-stabilisierte-pflanzgefaesse","status":"publish","type":"page","link":"https:\/\/greenhabitat.it\/de\/gruene-stabilisierte-pflanzgefaesse\/","title":{"rendered":"Gr\u00fcne stabilisierte Pflanzgef\u00e4\u00dfe"},"content":{"rendered":"\t\t<div data-elementor-type=\"wp-page\" data-elementor-id=\"8304\" class=\"elementor elementor-8304 elementor-3054\" data-elementor-post-type=\"page\">\n\t\t\t\t\t\t<section class=\"elementor-section elementor-top-section elementor-element elementor-element-28024254 elementor-section-height-min-height elementor-section-boxed elementor-section-height-default elementor-section-items-middle\" data-id=\"28024254\" data-element_type=\"section\" data-e-type=\"section\" data-settings=\"{&quot;background_background&quot;:&quot;classic&quot;}\">\n\t\t\t\t\t\t\t<div class=\"elementor-background-overlay\"><\/div>\n\t\t\t\t\t\t\t<div class=\"elementor-container elementor-column-gap-default\">\n\t\t\t\t\t<div class=\"elementor-column elementor-col-100 elementor-top-column elementor-element elementor-element-1e90acb3\" data-id=\"1e90acb3\" data-element_type=\"column\" data-e-type=\"column\">\n\t\t\t<div class=\"elementor-widget-wrap elementor-element-populated\">\n\t\t\t\t\t\t<div class=\"elementor-element elementor-element-2a87d8a1 elementor-widget elementor-widget-heading\" data-id=\"2a87d8a1\" data-element_type=\"widget\" data-e-type=\"widget\" data-widget_type=\"heading.default\">\n\t\t\t\t<div class=\"elementor-widget-container\">\n\t\t\t\t\t<h1 class=\"elementor-heading-title elementor-size-default\">Pflanzgef\u00e4\u00dfe mit stabilisierter Begr\u00fcnung<\/h1>\t\t\t\t<\/div>\n\t\t\t\t<\/div>\n\t\t\t\t\t<\/div>\n\t\t<\/div>\n\t\t\t\t\t<\/div>\n\t\t<\/section>\n\t\t\t\t<section class=\"elementor-section elementor-top-section elementor-element elementor-element-cba02d3 elementor-section-boxed elementor-section-height-default elementor-section-height-default\" data-id=\"cba02d3\" data-element_type=\"section\" data-e-type=\"section\">\n\t\t\t\t\t\t<div class=\"elementor-container elementor-column-gap-default\">\n\t\t\t\t\t<div class=\"elementor-column elementor-col-100 elementor-top-column elementor-element elementor-element-b16d7e1\" data-id=\"b16d7e1\" data-element_type=\"column\" data-e-type=\"column\">\n\t\t\t<div class=\"elementor-widget-wrap elementor-element-populated\">\n\t\t\t\t\t\t<div class=\"elementor-element elementor-element-c3cc097 elementor-widget elementor-widget-text-editor\" data-id=\"c3cc097\" data-element_type=\"widget\" data-e-type=\"widget\" data-widget_type=\"text-editor.default\">\n\t\t\t\t<div class=\"elementor-widget-container\">\n\t\t\t\t\t\t\t\t\t<nav aria-label=\"breadcrumbs\" class=\"rank-math-breadcrumb\"><p><span class=\"last\">Home<\/span><\/p><\/nav>\n\t\t\t\t\t\t\t\t<\/div>\n\t\t\t\t<\/div>\n\t\t\t\t\t<\/div>\n\t\t<\/div>\n\t\t\t\t\t<\/div>\n\t\t<\/section>\n\t\t\t\t<section class=\"elementor-section elementor-top-section elementor-element elementor-element-6abfc7e1 elementor-section-boxed elementor-section-height-default elementor-section-height-default\" data-id=\"6abfc7e1\" data-element_type=\"section\" data-e-type=\"section\">\n\t\t\t\t\t\t<div class=\"elementor-container elementor-column-gap-default\">\n\t\t\t\t\t<div class=\"elementor-column elementor-col-50 elementor-top-column elementor-element elementor-element-15dbdd1a\" data-id=\"15dbdd1a\" data-element_type=\"column\" data-e-type=\"column\">\n\t\t\t<div class=\"elementor-widget-wrap elementor-element-populated\">\n\t\t\t\t\t\t<div class=\"elementor-element elementor-element-35a4f88e elementor-widget elementor-widget-image\" data-id=\"35a4f88e\" data-element_type=\"widget\" data-e-type=\"widget\" data-widget_type=\"image.default\">\n\t\t\t\t<div class=\"elementor-widget-container\">\n\t\t\t\t\t\t\t\t\t\t\t\t\t\t\t<img fetchpriority=\"high\" decoding=\"async\" width=\"679\" height=\"1024\" src=\"https:\/\/greenhabitat.it\/wp-content\/uploads\/2021\/11\/pianta-ufficio.jpg\" class=\"attachment-full size-full wp-image-7970\" alt=\"\" srcset=\"https:\/\/greenhabitat.it\/wp-content\/uploads\/2021\/11\/pianta-ufficio.jpg 679w, https:\/\/greenhabitat.it\/wp-content\/uploads\/2021\/11\/pianta-ufficio-199x300.jpg 199w, https:\/\/greenhabitat.it\/wp-content\/uploads\/2021\/11\/pianta-ufficio-600x905.jpg 600w\" sizes=\"(max-width: 679px) 100vw, 679px\" \/>\t\t\t\t\t\t\t\t\t\t\t\t\t\t\t<\/div>\n\t\t\t\t<\/div>\n\t\t\t\t\t<\/div>\n\t\t<\/div>\n\t\t\t\t<div class=\"elementor-column elementor-col-50 elementor-top-column elementor-element elementor-element-5f3728ca\" data-id=\"5f3728ca\" data-element_type=\"column\" data-e-type=\"column\">\n\t\t\t<div class=\"elementor-widget-wrap elementor-element-populated\">\n\t\t\t\t\t\t<div class=\"elementor-element elementor-element-4b046fb3 elementor-widget elementor-widget-image\" data-id=\"4b046fb3\" data-element_type=\"widget\" data-e-type=\"widget\" data-widget_type=\"image.default\">\n\t\t\t\t<div class=\"elementor-widget-container\">\n\t\t\t\t\t\t\t\t\t\t\t\t\t\t\t<img decoding=\"async\" width=\"682\" height=\"1024\" src=\"https:\/\/greenhabitat.it\/wp-content\/uploads\/2021\/11\/fioriera-ufficio-verde.jpg\" class=\"attachment-full size-full wp-image-7971\" alt=\"\" srcset=\"https:\/\/greenhabitat.it\/wp-content\/uploads\/2021\/11\/fioriera-ufficio-verde.jpg 682w, https:\/\/greenhabitat.it\/wp-content\/uploads\/2021\/11\/fioriera-ufficio-verde-200x300.jpg 200w, https:\/\/greenhabitat.it\/wp-content\/uploads\/2021\/11\/fioriera-ufficio-verde-600x901.jpg 600w\" sizes=\"(max-width: 682px) 100vw, 682px\" \/>\t\t\t\t\t\t\t\t\t\t\t\t\t\t\t<\/div>\n\t\t\t\t<\/div>\n\t\t\t\t\t<\/div>\n\t\t<\/div>\n\t\t\t\t\t<\/div>\n\t\t<\/section>\n\t\t\t\t<section class=\"elementor-section elementor-top-section elementor-element elementor-element-4e5a6dc1 elementor-section-boxed elementor-section-height-default elementor-section-height-default\" data-id=\"4e5a6dc1\" data-element_type=\"section\" data-e-type=\"section\">\n\t\t\t\t\t\t<div class=\"elementor-container elementor-column-gap-default\">\n\t\t\t\t\t<div class=\"elementor-column elementor-col-50 elementor-top-column elementor-element elementor-element-29b557a8\" data-id=\"29b557a8\" data-element_type=\"column\" data-e-type=\"column\">\n\t\t\t<div class=\"elementor-widget-wrap elementor-element-populated\">\n\t\t\t\t\t\t<div class=\"elementor-element elementor-element-3e668299 elementor-widget elementor-widget-image\" data-id=\"3e668299\" data-element_type=\"widget\" data-e-type=\"widget\" data-widget_type=\"image.default\">\n\t\t\t\t<div class=\"elementor-widget-container\">\n\t\t\t\t\t\t\t\t\t\t\t\t\t\t\t<img decoding=\"async\" width=\"800\" height=\"521\" src=\"https:\/\/greenhabitat.it\/wp-content\/uploads\/2021\/11\/fioriera-stabilizzata.jpg\" class=\"attachment-full size-full wp-image-7972\" alt=\"\" srcset=\"https:\/\/greenhabitat.it\/wp-content\/uploads\/2021\/11\/fioriera-stabilizzata.jpg 800w, https:\/\/greenhabitat.it\/wp-content\/uploads\/2021\/11\/fioriera-stabilizzata-300x195.jpg 300w, https:\/\/greenhabitat.it\/wp-content\/uploads\/2021\/11\/fioriera-stabilizzata-768x500.jpg 768w, https:\/\/greenhabitat.it\/wp-content\/uploads\/2021\/11\/fioriera-stabilizzata-600x391.jpg 600w\" sizes=\"(max-width: 800px) 100vw, 800px\" \/>\t\t\t\t\t\t\t\t\t\t\t\t\t\t\t<\/div>\n\t\t\t\t<\/div>\n\t\t\t\t\t<\/div>\n\t\t<\/div>\n\t\t\t\t<div class=\"elementor-column elementor-col-50 elementor-top-column elementor-element elementor-element-7d09970a\" data-id=\"7d09970a\" data-element_type=\"column\" data-e-type=\"column\">\n\t\t\t<div class=\"elementor-widget-wrap elementor-element-populated\">\n\t\t\t\t\t\t<div class=\"elementor-element elementor-element-113b40ad elementor-widget elementor-widget-heading\" data-id=\"113b40ad\" data-element_type=\"widget\" data-e-type=\"widget\" data-widget_type=\"heading.default\">\n\t\t\t\t<div class=\"elementor-widget-container\">\n\t\t\t\t\t<h3 class=\"elementor-heading-title elementor-size-default\">Bl\u00fcte mit nat\u00fcrlich stabilisierten Pflanzen.<\/h3>\t\t\t\t<\/div>\n\t\t\t\t<\/div>\n\t\t\t\t<div class=\"elementor-element elementor-element-4d57f223 elementor-widget elementor-widget-text-editor\" data-id=\"4d57f223\" data-element_type=\"widget\" data-e-type=\"widget\" data-widget_type=\"text-editor.default\">\n\t\t\t\t<div class=\"elementor-widget-container\">\n\t\t\t\t\t\t\t\t\t<p><span style=\"color: var( --e-global-color-text );\">Die Pflanzgef\u00e4\u00dfe mit stabilisierten Pflanzen von Green Habitat sind Kompositionen mit nat\u00fcrlicher stabilisierter Vegetation, bestehend aus einer Mischung von Essenzen wie: Hedera, Marantus, Hydrangea und je nach Jahreszeit verschiedene, am Boden mit nat\u00fcrlichem stabilisiertem Rasen wie in der Natur. All dies in Pflanzgef\u00e4\u00dfen, die der Kunde zur Verf\u00fcgung stellt, oder in den verschiedenen Modellen, die Green Habitat anbietet.<\/span><\/p>\n\t\t\t\t\t\t\t\t<\/div>\n\t\t\t\t<\/div>\n\t\t\t\t\t<\/div>\n\t\t<\/div>\n\t\t\t\t\t<\/div>\n\t\t<\/section>\n\t\t\t\t<section class=\"elementor-section elementor-top-section elementor-element elementor-element-4836f40f elementor-section-boxed elementor-section-height-default elementor-section-height-default\" data-id=\"4836f40f\" data-element_type=\"section\" data-e-type=\"section\">\n\t\t\t\t\t\t<div class=\"elementor-container elementor-column-gap-default\">\n\t\t\t\t\t<div class=\"elementor-column elementor-col-100 elementor-top-column elementor-element elementor-element-136c07c3\" data-id=\"136c07c3\" data-element_type=\"column\" data-e-type=\"column\">\n\t\t\t<div class=\"elementor-widget-wrap elementor-element-populated\">\n\t\t\t\t\t\t<div class=\"elementor-element elementor-element-57d1f572 elementor-widget elementor-widget-image\" data-id=\"57d1f572\" data-element_type=\"widget\" data-e-type=\"widget\" data-widget_type=\"image.default\">\n\t\t\t\t<div class=\"elementor-widget-container\">\n\t\t\t\t\t\t\t\t\t\t\t\t\t\t\t<img loading=\"lazy\" decoding=\"async\" width=\"1024\" height=\"626\" src=\"https:\/\/greenhabitat.it\/wp-content\/uploads\/2021\/11\/piante-ufficio-interni.jpg\" class=\"attachment-full size-full wp-image-7973\" alt=\"\" srcset=\"https:\/\/greenhabitat.it\/wp-content\/uploads\/2021\/11\/piante-ufficio-interni.jpg 1024w, https:\/\/greenhabitat.it\/wp-content\/uploads\/2021\/11\/piante-ufficio-interni-300x183.jpg 300w, https:\/\/greenhabitat.it\/wp-content\/uploads\/2021\/11\/piante-ufficio-interni-768x470.jpg 768w, https:\/\/greenhabitat.it\/wp-content\/uploads\/2021\/11\/piante-ufficio-interni-600x367.jpg 600w\" sizes=\"(max-width: 1024px) 100vw, 1024px\" \/>\t\t\t\t\t\t\t\t\t\t\t\t\t\t\t<\/div>\n\t\t\t\t<\/div>\n\t\t\t\t\t<\/div>\n\t\t<\/div>\n\t\t\t\t\t<\/div>\n\t\t<\/section>\n\t\t\t\t<section class=\"elementor-section elementor-top-section elementor-element elementor-element-5da79321 elementor-section-boxed elementor-section-height-default elementor-section-height-default\" data-id=\"5da79321\" data-element_type=\"section\" data-e-type=\"section\">\n\t\t\t\t\t\t<div class=\"elementor-container elementor-column-gap-default\">\n\t\t\t\t\t<div class=\"elementor-column elementor-col-50 elementor-top-column elementor-element elementor-element-41a7a07e\" data-id=\"41a7a07e\" data-element_type=\"column\" data-e-type=\"column\">\n\t\t\t<div class=\"elementor-widget-wrap elementor-element-populated\">\n\t\t\t\t\t\t<div class=\"elementor-element elementor-element-7c6e34cf elementor-widget elementor-widget-image\" data-id=\"7c6e34cf\" data-element_type=\"widget\" data-e-type=\"widget\" data-widget_type=\"image.default\">\n\t\t\t\t<div class=\"elementor-widget-container\">\n\t\t\t\t\t\t\t\t\t\t\t\t\t\t\t\t<a href=\"https:\/\/greenhabitat.it\/wp-content\/uploads\/2021\/11\/fioriere-verde-stabilizzato.jpg\" data-elementor-open-lightbox=\"yes\" data-e-action-hash=\"#elementor-action%3Aaction%3Dlightbox%26settings%3DeyJpZCI6Nzk3NCwidXJsIjoiaHR0cHM6XC9cL2dyZWVuaGFiaXRhdC5pdFwvd3AtY29udGVudFwvdXBsb2Fkc1wvMjAyMVwvMTFcL2Zpb3JpZXJlLXZlcmRlLXN0YWJpbGl6emF0by5qcGcifQ%3D%3D\">\n\t\t\t\t\t\t\t<img loading=\"lazy\" decoding=\"async\" width=\"1200\" height=\"750\" src=\"https:\/\/greenhabitat.it\/wp-content\/uploads\/2021\/11\/fioriere-verde-stabilizzato.jpg\" class=\"attachment-full size-full wp-image-7974\" alt=\"\" srcset=\"https:\/\/greenhabitat.it\/wp-content\/uploads\/2021\/11\/fioriere-verde-stabilizzato.jpg 1200w, https:\/\/greenhabitat.it\/wp-content\/uploads\/2021\/11\/fioriere-verde-stabilizzato-300x188.jpg 300w, https:\/\/greenhabitat.it\/wp-content\/uploads\/2021\/11\/fioriere-verde-stabilizzato-1024x640.jpg 1024w, https:\/\/greenhabitat.it\/wp-content\/uploads\/2021\/11\/fioriere-verde-stabilizzato-768x480.jpg 768w, https:\/\/greenhabitat.it\/wp-content\/uploads\/2021\/11\/fioriere-verde-stabilizzato-600x375.jpg 600w\" sizes=\"(max-width: 1200px) 100vw, 1200px\" \/>\t\t\t\t\t\t\t\t<\/a>\n\t\t\t\t\t\t\t\t\t\t\t\t\t\t\t<\/div>\n\t\t\t\t<\/div>\n\t\t\t\t\t<\/div>\n\t\t<\/div>\n\t\t\t\t<div class=\"elementor-column elementor-col-50 elementor-top-column elementor-element elementor-element-3e06147e\" data-id=\"3e06147e\" data-element_type=\"column\" data-e-type=\"column\">\n\t\t\t<div class=\"elementor-widget-wrap elementor-element-populated\">\n\t\t\t\t\t\t<div class=\"elementor-element elementor-element-21844b61 elementor-widget elementor-widget-image\" data-id=\"21844b61\" data-element_type=\"widget\" data-e-type=\"widget\" data-widget_type=\"image.default\">\n\t\t\t\t<div class=\"elementor-widget-container\">\n\t\t\t\t\t\t\t\t\t\t\t\t\t\t\t\t<a href=\"https:\/\/greenhabitat.it\/wp-content\/uploads\/2021\/11\/fioriera-ufficio-blu.jpg\" data-elementor-open-lightbox=\"yes\" data-e-action-hash=\"#elementor-action%3Aaction%3Dlightbox%26settings%3DeyJpZCI6Nzk3NSwidXJsIjoiaHR0cHM6XC9cL2dyZWVuaGFiaXRhdC5pdFwvd3AtY29udGVudFwvdXBsb2Fkc1wvMjAyMVwvMTFcL2Zpb3JpZXJhLXVmZmljaW8tYmx1LmpwZyJ9\">\n\t\t\t\t\t\t\t<img loading=\"lazy\" decoding=\"async\" width=\"1200\" height=\"800\" src=\"https:\/\/greenhabitat.it\/wp-content\/uploads\/2021\/11\/fioriera-ufficio-blu.jpg\" class=\"attachment-full size-full wp-image-7975\" alt=\"\" srcset=\"https:\/\/greenhabitat.it\/wp-content\/uploads\/2021\/11\/fioriera-ufficio-blu.jpg 1200w, https:\/\/greenhabitat.it\/wp-content\/uploads\/2021\/11\/fioriera-ufficio-blu-300x200.jpg 300w, https:\/\/greenhabitat.it\/wp-content\/uploads\/2021\/11\/fioriera-ufficio-blu-1024x683.jpg 1024w, https:\/\/greenhabitat.it\/wp-content\/uploads\/2021\/11\/fioriera-ufficio-blu-768x512.jpg 768w, https:\/\/greenhabitat.it\/wp-content\/uploads\/2021\/11\/fioriera-ufficio-blu-600x400.jpg 600w\" sizes=\"(max-width: 1200px) 100vw, 1200px\" \/>\t\t\t\t\t\t\t\t<\/a>\n\t\t\t\t\t\t\t\t\t\t\t\t\t\t\t<\/div>\n\t\t\t\t<\/div>\n\t\t\t\t\t<\/div>\n\t\t<\/div>\n\t\t\t\t\t<\/div>\n\t\t<\/section>\n\t\t\t\t<section class=\"elementor-section elementor-top-section elementor-element elementor-element-5b6fbeaf elementor-section-boxed elementor-section-height-default elementor-section-height-default\" data-id=\"5b6fbeaf\" data-element_type=\"section\" data-e-type=\"section\">\n\t\t\t\t\t\t<div class=\"elementor-container elementor-column-gap-default\">\n\t\t\t\t\t<div class=\"elementor-column elementor-col-50 elementor-top-column elementor-element elementor-element-6943ad0\" data-id=\"6943ad0\" data-element_type=\"column\" data-e-type=\"column\">\n\t\t\t<div class=\"elementor-widget-wrap elementor-element-populated\">\n\t\t\t\t\t\t<div class=\"elementor-element elementor-element-5bcbac6d elementor-widget elementor-widget-image\" data-id=\"5bcbac6d\" data-element_type=\"widget\" data-e-type=\"widget\" data-widget_type=\"image.default\">\n\t\t\t\t<div class=\"elementor-widget-container\">\n\t\t\t\t\t\t\t\t\t\t\t\t\t\t\t\t<a href=\"https:\/\/greenhabitat.it\/wp-content\/uploads\/2021\/11\/divisorio-sala-daspetto.jpg\" data-elementor-open-lightbox=\"yes\" data-e-action-hash=\"#elementor-action%3Aaction%3Dlightbox%26settings%3DeyJpZCI6Nzk3NiwidXJsIjoiaHR0cHM6XC9cL2dyZWVuaGFiaXRhdC5pdFwvd3AtY29udGVudFwvdXBsb2Fkc1wvMjAyMVwvMTFcL2Rpdmlzb3Jpby1zYWxhLWRhc3BldHRvLmpwZyJ9\">\n\t\t\t\t\t\t\t<img loading=\"lazy\" decoding=\"async\" width=\"796\" height=\"1200\" src=\"https:\/\/greenhabitat.it\/wp-content\/uploads\/2021\/11\/divisorio-sala-daspetto.jpg\" class=\"attachment-full size-full wp-image-7976\" alt=\"\" srcset=\"https:\/\/greenhabitat.it\/wp-content\/uploads\/2021\/11\/divisorio-sala-daspetto.jpg 796w, https:\/\/greenhabitat.it\/wp-content\/uploads\/2021\/11\/divisorio-sala-daspetto-199x300.jpg 199w, https:\/\/greenhabitat.it\/wp-content\/uploads\/2021\/11\/divisorio-sala-daspetto-679x1024.jpg 679w, https:\/\/greenhabitat.it\/wp-content\/uploads\/2021\/11\/divisorio-sala-daspetto-768x1158.jpg 768w, https:\/\/greenhabitat.it\/wp-content\/uploads\/2021\/11\/divisorio-sala-daspetto-600x905.jpg 600w\" sizes=\"(max-width: 796px) 100vw, 796px\" \/>\t\t\t\t\t\t\t\t<\/a>\n\t\t\t\t\t\t\t\t\t\t\t\t\t\t\t<\/div>\n\t\t\t\t<\/div>\n\t\t\t\t\t<\/div>\n\t\t<\/div>\n\t\t\t\t<div class=\"elementor-column elementor-col-50 elementor-top-column elementor-element elementor-element-d8b0724\" data-id=\"d8b0724\" data-element_type=\"column\" data-e-type=\"column\">\n\t\t\t<div class=\"elementor-widget-wrap elementor-element-populated\">\n\t\t\t\t\t\t<div class=\"elementor-element elementor-element-43c9d5fb elementor-widget elementor-widget-image\" data-id=\"43c9d5fb\" data-element_type=\"widget\" data-e-type=\"widget\" data-widget_type=\"image.default\">\n\t\t\t\t<div class=\"elementor-widget-container\">\n\t\t\t\t\t\t\t\t\t\t\t\t\t\t\t\t<a href=\"https:\/\/greenhabitat.it\/wp-content\/uploads\/2021\/11\/fioriera-stabilizzato.jpg\" data-elementor-open-lightbox=\"yes\" data-e-action-hash=\"#elementor-action%3Aaction%3Dlightbox%26settings%3DeyJpZCI6Nzk3NywidXJsIjoiaHR0cHM6XC9cL2dyZWVuaGFiaXRhdC5pdFwvd3AtY29udGVudFwvdXBsb2Fkc1wvMjAyMVwvMTFcL2Zpb3JpZXJhLXN0YWJpbGl6emF0by5qcGcifQ%3D%3D\">\n\t\t\t\t\t\t\t<img loading=\"lazy\" decoding=\"async\" width=\"796\" height=\"1200\" src=\"https:\/\/greenhabitat.it\/wp-content\/uploads\/2021\/11\/fioriera-stabilizzato.jpg\" class=\"attachment-full size-full wp-image-7977\" alt=\"\" srcset=\"https:\/\/greenhabitat.it\/wp-content\/uploads\/2021\/11\/fioriera-stabilizzato.jpg 796w, https:\/\/greenhabitat.it\/wp-content\/uploads\/2021\/11\/fioriera-stabilizzato-199x300.jpg 199w, https:\/\/greenhabitat.it\/wp-content\/uploads\/2021\/11\/fioriera-stabilizzato-679x1024.jpg 679w, https:\/\/greenhabitat.it\/wp-content\/uploads\/2021\/11\/fioriera-stabilizzato-768x1158.jpg 768w, https:\/\/greenhabitat.it\/wp-content\/uploads\/2021\/11\/fioriera-stabilizzato-600x905.jpg 600w\" sizes=\"(max-width: 796px) 100vw, 796px\" \/>\t\t\t\t\t\t\t\t<\/a>\n\t\t\t\t\t\t\t\t\t\t\t\t\t\t\t<\/div>\n\t\t\t\t<\/div>\n\t\t\t\t\t<\/div>\n\t\t<\/div>\n\t\t\t\t\t<\/div>\n\t\t<\/section>\n\t\t\t\t<\/div>\n\t\t","protected":false},"excerpt":{"rendered":"<p>Pflanzgef\u00e4\u00dfe mit stabilisierter Begr\u00fcnung Bl\u00fcte mit nat\u00fcrlich stabilisierten Pflanzen. Die Pflanzgef\u00e4\u00dfe mit stabilisierten Pflanzen von Green Habitat sind Kompositionen mit nat\u00fcrlicher stabilisierter Vegetation, bestehend aus einer Mischung von Essenzen wie: Hedera, Marantus, Hydrangea und je nach Jahreszeit verschiedene, am Boden mit nat\u00fcrlichem stabilisiertem Rasen wie in der Natur. All dies in Pflanzgef\u00e4\u00dfen, die der Kunde [&hellip;]<\/p>\n","protected":false},"author":3,"featured_media":0,"parent":0,"menu_order":0,"comment_status":"closed","ping_status":"closed","template":"","meta":{"_acf_changed":false,"content-type":"","footnotes":""},"class_list":["post-8304","page","type-page","status-publish","hentry"],"acf":[],"_links":{"self":[{"href":"https:\/\/greenhabitat.it\/de\/wp-json\/wp\/v2\/pages\/8304","targetHints":{"allow":["GET"]}}],"collection":[{"href":"https:\/\/greenhabitat.it\/de\/wp-json\/wp\/v2\/pages"}],"about":[{"href":"https:\/\/greenhabitat.it\/de\/wp-json\/wp\/v2\/types\/page"}],"author":[{"embeddable":true,"href":"https:\/\/greenhabitat.it\/de\/wp-json\/wp\/v2\/users\/3"}],"replies":[{"embeddable":true,"href":"https:\/\/greenhabitat.it\/de\/wp-json\/wp\/v2\/comments?post=8304"}],"version-history":[{"count":2,"href":"https:\/\/greenhabitat.it\/de\/wp-json\/wp\/v2\/pages\/8304\/revisions"}],"predecessor-version":[{"id":8313,"href":"https:\/\/greenhabitat.it\/de\/wp-json\/wp\/v2\/pages\/8304\/revisions\/8313"}],"wp:attachment":[{"href":"https:\/\/greenhabitat.it\/de\/wp-json\/wp\/v2\/media?parent=8304"}],"curies":[{"name":"wp","href":"https:\/\/api.w.org\/{rel}","templated":true}]}}