{"id":8288,"date":"2021-06-07T13:42:28","date_gmt":"2021-06-07T13:42:28","guid":{"rendered":"https:\/\/greenhabitat.it\/verkaufsbedingungen-und-konditionen\/"},"modified":"2023-03-27T13:31:28","modified_gmt":"2023-03-27T13:31:28","slug":"verkaufsbedingungen-und-konditionen","status":"publish","type":"page","link":"https:\/\/greenhabitat.it\/de\/verkaufsbedingungen-und-konditionen\/","title":{"rendered":"Verkaufsbedingungen und Konditionen"},"content":{"rendered":"\t\t<div data-elementor-type=\"wp-page\" data-elementor-id=\"8288\" class=\"elementor elementor-8288 elementor-2828\" data-elementor-post-type=\"page\">\n\t\t\t\t\t\t<section class=\"elementor-section elementor-top-section elementor-element elementor-element-675718da elementor-section-boxed elementor-section-height-default elementor-section-height-default\" data-id=\"675718da\" data-element_type=\"section\">\n\t\t\t\t\t\t<div class=\"elementor-container elementor-column-gap-default\">\n\t\t\t\t\t<div class=\"elementor-column elementor-col-100 elementor-top-column elementor-element elementor-element-54879909\" data-id=\"54879909\" data-element_type=\"column\">\n\t\t\t<div class=\"elementor-widget-wrap elementor-element-populated\">\n\t\t\t\t\t\t<div class=\"elementor-element elementor-element-ed1583e elementor-widget elementor-widget-heading\" data-id=\"ed1583e\" data-element_type=\"widget\" data-widget_type=\"heading.default\">\n\t\t\t\t<div class=\"elementor-widget-container\">\n\t\t\t\t\t<h1 class=\"elementor-heading-title elementor-size-default\">Verkaufsbedingungen und Konditionen<\/h1>\t\t\t\t<\/div>\n\t\t\t\t<\/div>\n\t\t\t\t<div class=\"elementor-element elementor-element-1730c511 elementor-widget elementor-widget-text-editor\" data-id=\"1730c511\" data-element_type=\"widget\" data-widget_type=\"text-editor.default\">\n\t\t\t\t<div class=\"elementor-widget-container\">\n\t\t\t\t\t\t\t\t\t<p>Die vorliegenden allgemeinen Gesch\u00e4ftsbedingungen f\u00fcr den Online-Verkauf regeln den Kaufvertrag (im Folgenden der &#8222;Vertrag&#8220;) von Produkten (im Folgenden das &#8222;Produkt&#8220; oder die &#8222;Produkte&#8220;), die von GREEN HABITAT SRL via Fiume Vecchio 128\/A &#8211; 40062 Molinella (Bo) &#8211; Italien, CF\/VAT Nr. 03460751203, &#8211; \u00fcber ihre Internetseite http:\/\/www.greenhabitat.it (im Folgenden die &#8222;Seite&#8220;) den Benutzern der Seite (im Folgenden die &#8222;Kunden&#8220; oder der &#8222;Kunde&#8220;) angeboten werden. Die vorliegenden allgemeinen Verkaufsbedingungen gelten ausschlie\u00dflich f\u00fcr Kunden, die als &#8222;Verbraucher&#8220; im Sinne von Art. 3(1)(a) des Gesetzesdekrets Nr. 6. September 2005, Nr. 206, d. h. &#8222;nat\u00fcrliche Personen, die zu Zwecken handeln, die nicht im Zusammenhang mit ihrer gewerblichen oder beruflichen T\u00e4tigkeit stehen&#8220;. Alle Informationen auf der Website sind auf Italienisch. Der Kunde erkl\u00e4rt, dass er alle oben genannten Informationen und allgemeinen Verkaufsbedingungen gelesen hat, bevor er die Bestellung aufgibt. Der Kunde erkl\u00e4rt au\u00dferdem, dass er rechtsf\u00e4hig ist, sich gem\u00e4\u00df den vorliegenden allgemeinen Gesch\u00e4ftsbedingungen zu verpflichten.<\/p>\n<ol>\n<li><strong>Objekt<\/strong>\n<p>Der Zweck dieser allgemeinen Verkaufsbedingungen ist es, die Rechte und Pflichten der Parteien im Rahmen eines Fernabsatzes von Waren, die im Online-Shop http:\/\/www.greenhabitat.it angeboten werden, zu definieren.<\/p>\n<\/li>\n<li><strong>Abdeckung des Gebiets und des Angebots<\/strong>\n<p>Diese Version der allgemeinen Verkaufsbedingungen bezieht sich ausschlie\u00dflich auf Verk\u00e4ufe an Verbraucher, die ihren Wohnsitz oder Aufenthalt in Italien haben.<\/p>\n<\/li>\n<li><strong>Vertragsunterlagen<\/strong>\n<p>Dieser Vertrag besteht aus den folgenden Dokumenten:1. diese allgemeinen Verkaufsbedingungen 2. die Auftragsbest\u00e4tigung. Die Fotos, die die Produkte auf der Website illustrieren, sind nicht Gegenstand des Vertrags und dienen lediglich der Veranschaulichung.<\/p>\n<\/li>\n<li><strong>Entgegennahme von Auftr\u00e4gen<\/strong>\n<p>Jede durch den Validierungsklick unterzeichnete Auftragsbest\u00e4tigung stellt eine unwiderrufliche Verpflichtung des Kunden dar, die nur in den in diesem Vertrag in den Artikeln &#8222;R\u00fccktrittsrecht&#8220; und &#8222;Ausf\u00fchrung der Bestellung&#8220; vorgesehenen F\u00e4llen in Frage gestellt werden kann. Wenn der Nutzer mit einer der in den allgemeinen Verkaufsbedingungen aufgef\u00fchrten Bedingungen nicht einverstanden ist, wird er gebeten, die Bestellung nicht aufzugeben und sich mit den Mitarbeitern von GREEN HABITAT SRL in Verbindung zu setzen, um eine Kl\u00e4rung herbeizuf\u00fchren.<\/p>\n<\/li>\n<li><strong>Annahme der Bestellung<\/strong>\n<p>Der Vertrag kommt erst mit der Best\u00e4tigung der Bestellung durch GREEN HABITAT SRL zustande. Der Kunde erh\u00e4lt eine Empfangsbest\u00e4tigung per E-Mail, die die Bestellbest\u00e4tigung mit allen Vertragsbestandteilen (u.a. bestellte Produkte, Preise, Liefertermine, Versandkosten) enth\u00e4lt. GREEN HABITAT SRL beh\u00e4lt sich das Recht vor, eine Bestellung aus irgendeinem Grund nicht zu best\u00e4tigen, insbesondere bei Lieferschwierigkeiten des Produkts oder bei Problemen mit der eingegangenen Bestellung. GREEN HABITAT SRL haftet nicht f\u00fcr Lieferfehler aufgrund von Ungenauigkeiten oder Unvollst\u00e4ndigkeiten bei der Ausf\u00fcllung der Bestellung durch den Kunden. Dar\u00fcber hinaus kann GREEN HABITAT SRL nicht f\u00fcr Sch\u00e4den an den Produkten, die nach der \u00dcbergabe an den Spediteur auftreten, oder f\u00fcr Lieferverz\u00f6gerungen, die diesem zuzuschreiben sind, haftbar gemacht werden.<\/p>\n<\/li>\n<li><strong>Verf\u00fcgbarkeit der Produkte<\/strong>\n<p>Die Angebote auf dieser Website sind g\u00fcltig, solange die aufgef\u00fchrten Produkte online sind und solange der Vorrat reicht. GREEN HABITAT beh\u00e4lt sich au\u00dferdem das Recht vor, den Kunden innerhalb von 20 Tagen nach dem Kauf \u00fcber die mit seinem Profil verkn\u00fcpfte E-Mail-Adresse \u00fcber die m\u00f6gliche Nichtverf\u00fcgbarkeit eines oder mehrerer der gekauften Produkte zu informieren. Im Falle des Kaufs eines Produkts, das nicht mehr verf\u00fcgbar ist, erstattet GREEN HABITAT SRL (auf die vom Kunden beim Kauf angegebene Zahlungskarte oder das Pay Pal-Konto oder per Bank\u00fcberweisung, deren Einzelheiten nach der Registrierung mitgeteilt werden) den Preis und die vom Kunden getragenen Versandkosten. Die Nichtverf\u00fcgbarkeit eines oder mehrerer der bestellten Produkte berechtigt den Kunden jedoch nicht, die gesamte Bestellung zu stornieren.<\/p>\n<\/li>\n<li><strong>Preise &#8211; Rechnung<\/strong>\n<p>Die Preise sind in Euro angegeben und enthalten die Mehrwertsteuer von 4 %, 10 % oder 22 %, je nach Art der Ware. Der dem K\u00e4ufer garantierte Preis ist der zum Zeitpunkt der Bestellung auf der Website ver\u00f6ffentlichte Preis. Die Produktpreise sind endg\u00fcltig. Sie enthalten keine Lieferkosten, die in der Auftragsbest\u00e4tigung angegeben werden. Bei Aktionspreisen oder Rabatten ist der Ausgangspreis, auf den der Rabatt oder die Aktion angewendet wird, der von der Marke angegebene offizielle Listenpreis.<\/p>\n<\/li>\n<li><strong>Zahlung<\/strong>\n<p>Der Kunde, der mit dem Kauf der Produkte fortfahren m\u00f6chte, muss diesen Wunsch durch eine Anfrage direkt auf der Website in dem daf\u00fcr vorgesehenen Bereich zum Ausdruck bringen, wo er nach den dort angegebenen Verfahren seine Bestellung abschickt und die Zahlung vornimmt. Die Zahlung ist ab dem Zeitpunkt der Bestellung f\u00e4llig. Der Kunde verpflichtet sich, den vereinbarten Preis f\u00fcr das auf der Website bestellte Produkt (Preis der Produkte und Transport) mit den verf\u00fcgbaren Zahlungsmitteln zu bezahlen. Der Kunde garantiert GREEN HABITAT SRL, dass er \u00fcber die notwendigen Berechtigungen zur Nutzung des in der Bestellung angegebenen Zahlungsmittels verf\u00fcgt. Sollte GREEN HABITAT SRL keine Zahlung erhalten, beh\u00e4lt sich GREEN HABITAT SRL das Recht vor, die Bestellung zu stornieren. Im Falle einer Zahlung per Kreditkarte beh\u00e4lt sich GREEN HABITAT SRL das Recht vor, innerhalb von 24 Stunden die Zusendung einer Kopie des Ausweises zu verlangen, der den tats\u00e4chlichen Besitz der verwendeten Kreditkarte belegt, wobei GREEN HABITAT SRL bei Fehlen der geforderten Vorlage die Zahlung verweigern und die Bestellung stornieren kann. Die Zahlungsdaten werden \u00fcber eine sichere Server-zu-Server-Verbindung unter Verwendung des SSL-Protokolls (Secure Sockets Layer) verarbeitet.<\/p>\n<\/li>\n<li><strong>Risikotransfer<\/strong>\n<p>Der Gefahren\u00fcbergang auf den Kunden erfolgt mit der \u00dcbergabe der Produkte an den Spediteur durch GREEN HABITAT SRL. W\u00e4hrend der in Artikel 13 genannten Widerrufsfrist ist der Kunde als Verwahrer f\u00fcr den Gegenstand verantwortlich. Im Falle einer Besch\u00e4digung oder Zerst\u00f6rung des Produkts, w\u00e4hrend es sich im Gewahrsam des Kunden befindet, tr\u00e4gt der Kunde alle Folgen.<\/p>\n<\/li>\n<li><strong>Ausf\u00fchrung der Bestellung<\/strong>\n<p>Die Bestellung wird zu den auf der Website angegebenen Bedingungen und nach Annahme der Bestellung durch GREEN HABITAT SRL und in jedem Fall innerhalb von 30 Tagen nach Best\u00e4tigung der Bestellung ausgef\u00fchrt, vorbehaltlich der Verf\u00fcgbarkeit des bestellten Produkts und sofern keine besondere Vereinbarung zwischen den Parteien besteht. Im Falle der Ersch\u00f6pfung der Lagerbest\u00e4nde oder der Nichtverf\u00fcgbarkeit des bestellten Produkts verpflichtet sich GREEN HABITAT SRL, den Kunden so schnell wie m\u00f6glich zu informieren und eine m\u00f6gliche Frist f\u00fcr die erneute Verf\u00fcgbarkeit anzugeben. Siehe Artikel 6 \u00fcber die Verf\u00fcgbarkeit von Produkten.<\/p>\n<\/li>\n<li><strong>Lieferung<\/strong>\n<p>Das geografische Liefergebiet entspricht dem geografischen Verbreitungsgebiet des Angebots. Die Zustellung erfolgt von Montag bis Freitag. Die Produkte werden an die vom Kunden angegebene Adresse geliefert. Die Lieferung erfolgt auf Stra\u00dfenniveau. Sofern beim Kauf nicht anders angegeben, bietet GREEN HABITAT SRL keinen Installationsservice f\u00fcr die verkauften Produkte an. GREEN HABITAT SRL , vorbehaltlich der Bestimmungen von Art. 6, verpflichtet sich, die Produkte an die vom Kunden in der Bestellung angegebene Adresse zu liefern, und zwar durch das mit ihrem Transport beauftragte Transportunternehmen. GREEN HABITAT SRL haftet nicht f\u00fcr Lieferfehler aufgrund von Ungenauigkeiten oder Unvollst\u00e4ndigkeiten bei der Ausf\u00fcllung der Bestellung durch den Kunden. Dar\u00fcber hinaus kann GREEN HABITAT SRL nicht f\u00fcr eventuelle Sch\u00e4den an den Produkten nach der \u00dcbergabe an den Spediteur, der f\u00fcr den Transport verantwortlich ist, oder f\u00fcr Lieferverz\u00f6gerungen, die diesem zuzuschreiben sind, haftbar gemacht werden. GREEN HABITAT SRL liefert in ganz Italien. Bei Lieferungen an ung\u00fcnstige Postleitzahlen kann es zu Abweichungen von den angegebenen Transportpreisen kommen. Die Lieferung erfolgt durch einen von GREEN HABITAT SRL ausgew\u00e4hlten Kurierdienst; Postf\u00e4cher gelten nicht als g\u00fcltige Lieferadresse. Der vom Spediteur ausgestellte, datierte und vom Kunden bei der Lieferung des Produkts unterzeichnete Lieferschein gilt als Nachweis f\u00fcr den Transport und die Freigabe der Waren. Bei der Lieferung muss der Kunde den Inhalt, die Konformit\u00e4t und den Zustand des Produkts\/der Produkte \u00fcberpr\u00fcfen. Im Falle von Versp\u00e4tungen, Pannen, vollst\u00e4ndigem oder teilweisem Verlust oder anderen Problemen hat der Kunde das Recht, den Spediteur in Anspruch zu nehmen, ohne dass GREEN HABITAT SRL jemals haftbar gemacht werden kann. Daher empfiehlt GREEN HABITAT SRL dem Kunden, bei der Lieferung den Zustand der gelieferten Produkte zu \u00fcberpr\u00fcfen, bevor er die Empfangsbest\u00e4tigung unterschreibt. Werden Unregelm\u00e4\u00dfigkeiten festgestellt, muss der Kunde die Annahme der Produkte verweigern oder seine Vorbehalte schriftlich, detailliert und datiert, geltend machen. Solche Reservierungen m\u00fcssen GREEN HABITAT SRL per Einschreiben mit R\u00fcckschein innerhalb von drei (3) Werktagen nach Lieferung der Produkte best\u00e4tigt werden.<\/p>\n<\/li>\n<li><strong>R\u00fccknahme von Produkten im Falle der Abwesenheit des Kunden<\/strong>\n<p>Ist der Empf\u00e4nger bei der Zustellung abwesend, hinterl\u00e4sst der Zusteller eine Nachricht an der vom Kunden angegebenen Lieferadresse. Ist der Empf\u00e4nger auch beim zweiten Zustellungsversuch abwesend, werden die Waren an der vom Bef\u00f6rderer angegebenen Adresse und in der von ihm angegebenen Weise abgeholt. Falls die Produkte nicht innerhalb der vom Spediteur gesetzten Frist abgeholt werden, werden sie an GREEN HABITAT SRL zur\u00fcckgeschickt, die sich das Recht vorbeh\u00e4lt, den Preis der Produkte zu erstatten, abz\u00fcglich der vom Kunden getragenen Lager- und R\u00fccksendekosten.<\/p>\n<\/li>\n<li><strong>Recht auf Widerruf<\/strong>\n<p>Der Kunde hat das Recht, vom Vertrag zur\u00fcckzutreten, ohne Strafe und ohne Angabe von Gr\u00fcnden, ab Erhalt der Auftragsbest\u00e4tigung von GREEN HABITAT SRL innerhalb von und nicht sp\u00e4ter als vierzehn (14) Tage nach Erhalt des Produkts an der angegebenen Adresse f\u00fcr die Lieferung. Der vollst\u00e4ndige Nachweis des Empfangs ist das Datum auf dem Lieferschein. Der Kunde kann das Widerrufsrecht \u00fcber das entsprechende gef\u00fchrte Verfahren auf der Website im Abschnitt &#8222;Ihr Profil&#8220; oder alternativ \u00fcber die E-Mail-Adresse businnes@greenhabitat.it aus\u00fcben. Wenn das Produkt bereits geliefert wurde, muss der Kunde es an GREEN HABITAT SRL zur\u00fccksenden. Zu diesem Zweck: 1. Die Frist f\u00fcr die R\u00fccksendung der Ware betr\u00e4gt vierzehn Tage ab Erhalt der Ware; das Datum des Lieferscheins gilt als vollst\u00e4ndiger Nachweis. F\u00fcr die Zwecke der Frist gilt das Produkt in dem Moment als zur\u00fcckgegeben, in dem es der annehmenden Poststelle \u00fcbergeben wird. 2. bei Lieferung der Ware ist die wesentliche Unversehrtheit der zur\u00fcckzusendenden Ware eine wesentliche Voraussetzung f\u00fcr die Aus\u00fcbung des Widerrufsrechts. der Kunde muss das Produkt ordnungsgem\u00e4\u00df verpackt und verpackt zu senden; GREEN HABITAT SRL wird nicht akzeptieren, besch\u00e4digte R\u00fccksendungen, sondern in einem normalen Zustand der Erhaltung, mit der Verwendung von normalen Sorgfalt gelagert. Produkte, die durch Reinigungsmittel\/Zusatzstoffe oder durch Unerfahrenheit des Kunden besch\u00e4digt werden, werden nicht ersetzt oder erstattet. Der Kunde muss eine Kopie des erhaltenen Lieferscheins in den Verpackungskarton legen. Das Transportrisiko f\u00fcr die R\u00fccksendung der Produkte geht vollst\u00e4ndig zu Lasten des Kunden. 3. Die Kosten f\u00fcr die R\u00fccksendung der Ware an GREEN HABITAT SRL gehen zu Lasten des Kunden. Wenn der Kunde das Widerrufsrecht gem\u00e4\u00df den Bestimmungen dieser Verkaufsbedingungen aus\u00fcbt, erstattet GREEN HABITAT SRL die vom Kunden gezahlten Betr\u00e4ge auf das Kreditkarten- oder Pay Pal-Konto oder \u00fcber die von diesem mitgeteilte Bankverbindung zur\u00fcck. Die R\u00fcckerstattung erfolgt kostenlos innerhalb von 14 Tagen ab dem Datum, an dem GREEN HABITAT SRL von der Aus\u00fcbung des R\u00fccktrittsrechts durch den Kunden Kenntnis erhalten hat. Wie im Gesetzesdekret Nr. 6\/9\/2005 vorgesehen. 206 und Artikel 55 des Verbraucherschutzgesetzes gilt das in diesen Verkaufsbedingungen geregelte Widerrufsrecht nicht f\u00fcr Waren, die nach Ma\u00df angefertigt oder eindeutig auf die pers\u00f6nlichen Bed\u00fcrfnisse zugeschnitten sind oder die aufgrund ihrer Beschaffenheit nicht f\u00fcr eine R\u00fccksendung geeignet sind oder schnell verderben oder sich ver\u00e4ndern k\u00f6nnen.<\/p>\n<\/li>\n<li><strong>Garantien und Ausschlussklauseln<\/strong>\n<p>GREEN HABITAT garantiert die Produkte im Rahmen der gesetzlichen Bestimmungen. Eine Haftung von GREEN HABITAT als Verk\u00e4ufer f\u00fcr Sch\u00e4den, die nicht durch zwingende gesetzliche Vorschriften vorgesehen sind, ist ausgeschlossen.<br>Der K\u00e4ufer verpflichtet sich, die Produkte nur f\u00fcr die Zwecke zu verwenden, f\u00fcr die sie bestimmt und geeignet sind, und die von GREEN HABITAT zusammen mit den Produkten gelieferten Anweisungen f\u00fcr deren Verwendung, Installation und Wartung zu befolgen, bei sonstigem Verlust der im vorstehenden Absatz genannten Garantie.<br>Der K\u00e4ufer entbindet GREEN HABITAT von der Haftung f\u00fcr Unterholzger\u00fcche und Farbtonver\u00e4nderungen, die auf den nat\u00fcrlichen Ursprung des Produkts zur\u00fcckzuf\u00fchren sind, insbesondere bei &#8222;stabilisiertem Naturgr\u00fcn&#8220;.<br>Auch in Bezug auf die Lieferung von &#8222;stabilisiertem Naturgr\u00fcn&#8220; wird der K\u00e4ufer durch seine Unterschrift unter diese allgemeinen Verkaufsbedingungen darauf hingewiesen, dass er das Produkt nicht der direkten Sonneneinstrahlung aussetzen darf, dass er das Produkt nicht in Kontakt mit W\u00e4rmequellen oder Heizungsanlagen bringen darf, dass er das Produkt nicht mit Wasser bew\u00e4ssern oder bespr\u00fchen oder reinigen darf dass das Produkt nur in Innenr\u00e4umen mit einer Luftfeuchtigkeit von mindestens 40 % verwendet werden kann; folglich entbindet der K\u00e4ufer GREEN HABITAT von jeglicher Verantwortung f\u00fcr eine von den Angaben von GREEN HABITAT abweichende Verwendung und\/oder Lagerung des Produkts.<\/p>\n<\/li>\n<li><strong>Nutzung der Website<\/strong>\n<p>Die Produktbeschreibungen und Bilder auf der Website entsprechen denen, die GREEN HABITAT SRL von seinen Lieferanten zur Verf\u00fcgung gestellt werden. Die Fotos und Videos, die die Produkte zusammen mit den beschreibenden Informationen zeigen, werden auf der Website als Beschreibung ver\u00f6ffentlicht, wobei ber\u00fccksichtigt wird, dass die Qualit\u00e4t der Bilder, einschlie\u00dflich der genauen Darstellung der Farbvarianten, von der Software und den Computerwerkzeugen abh\u00e4ngen kann, die der Kunde zum Zeitpunkt der Verbindung mit der Website verwendet. GREEN HABITAT SRL \u00fcbernimmt keine Verantwortung f\u00fcr Probleme, die dem Kunden durch die Nutzung der Website und der verwendeten Technologien entstehen, da diese au\u00dferhalb ihrer Kontrolle liegen.<\/p>\n<\/li>\n<li><strong>Rechte an geistigem und gewerblichem Eigentum<\/strong>\n<p>GREEN HABITAT SRL weist darauf hin, dass die Website sowie alle Marken und Unterscheidungszeichen, die im Zusammenhang mit dem Verkauf der angebotenen Produkte verwendet werden, durch die geltenden Rechte des geistigen und gewerblichen Eigentums gesch\u00fctzt sind und dass jede Vervielf\u00e4ltigung, Mitteilung, Verbreitung, Ver\u00f6ffentlichung, Ver\u00e4nderung oder Umgestaltung in jeglicher Form und zu jeglichem Zweck verboten ist. GREEN HABITAT SRL beh\u00e4lt sich das Recht vor, rechtliche Schritte zum Schutz dieser Aspekte einzuleiten. GREEN HABITAT SRL \u00fcbernimmt keine Verantwortung f\u00fcr die Marken und andere Unterscheidungszeichen, die auf den von ihr auf der Website vermarkteten Produkten erscheinen und an denen der Kunde nach Abschluss des Vertrags keine Rechte erwirbt.<\/p>\n<\/li>\n<li><strong>Schutz personenbezogener Daten<\/strong>\n<p>GREEN HABITAT SRL ist der Eigent\u00fcmer der pers\u00f6nlichen Daten, die bei der Registrierung auf der Website erfasst werden, sowie derjenigen, die sp\u00e4ter beim Kauf durch den Kunden mitgeteilt werden, mit Ausnahme der Daten, die sich auf den Zahlungsvorgang beziehen, f\u00fcr den auf die Bankinstitute verwiesen wird, \u00fcber die die Transaktion erfolgt. F\u00fcr Informationen \u00fcber die Verarbeitung personenbezogener Daten, einschlie\u00dflich der Rechte nach Art. 7 des Gesetzesdekrets 196\/03 entnehmen Sie bitte den ausf\u00fchrlichen Informationen, die Sie bereits bei der Anmeldung unter http:\/\/www.greenhabitat.it erhalten.<\/p>\n<\/li>\n<li><strong>Elektronische Unterschrift<\/strong>\n<p>Der &#8222;Best\u00e4tigungsklick&#8220; stellt eine elektronische Signatur dar. Diese elektronische Signatur hat zwischen den Parteien den gleichen Wert wie eine handschriftliche Unterschrift.<\/p>\n<\/li>\n<li><strong>Integrit\u00e4t des Vertrags<\/strong>\n<p>Die vorliegenden allgemeinen Gesch\u00e4ftsbedingungen stellen die gesamten Verpflichtungen der Parteien dar. Andere allgemeine oder besondere Bedingungen, die der Kunde mitteilt, k\u00f6nnen nicht in diese allgemeinen Bedingungen aufgenommen werden oder von ihnen abweichen.<\/p>\n<\/li>\n<li><strong>Nichtigkeit<\/strong>\n<p>Sollten eine oder mehrere Bestimmungen dieser allgemeinen Gesch\u00e4ftsbedingungen als ung\u00fcltig erachtet oder durch Anwendung eines Gesetzes, einer Verordnung oder infolge einer endg\u00fcltigen Entscheidung eines zust\u00e4ndigen Gerichts f\u00fcr ung\u00fcltig erkl\u00e4rt werden, so behalten die \u00fcbrigen Bestimmungen ihre G\u00fcltigkeit und Wirkung.<\/p>\n<\/li>\n<li><strong>Kommunikation<\/strong>\n<p>F\u00fcr jegliche Kommunikation wenden Sie sich bitte an GREEN HABITAT SRL unter den folgenden Adressen: GREEN HABITAT SRL via Fiume Vecchio 128\/A &#8211; 40062 Molinella (Bo) &#8211; E-Mail: business@greenhabitat.it<\/p>\n<\/li>\n<li><strong>Bilder und Produktbeschreibungen<\/strong>\n<p>Bilder und Produktbeschreibungen sind rein indikativ und daher m\u00f6glicherweise nicht vollst\u00e4ndig repr\u00e4sentativ f\u00fcr Produkteigenschaften, die sich in Farbe, Gr\u00f6\u00dfe oder Zubeh\u00f6r unterscheiden.<\/p>\n<\/li>\n<li><strong>Anwendbares Recht<\/strong>\n<p>Der Kaufvertrag zwischen dem Kunden und GREEN HABITAT SRL wird in Italien geschlossen und unterliegt dem italienischen Recht.<\/p>\n<\/li>\n<\/ol>\t\t\t\t\t\t\t\t<\/div>\n\t\t\t\t<\/div>\n\t\t\t\t\t<\/div>\n\t\t<\/div>\n\t\t\t\t\t<\/div>\n\t\t<\/section>\n\t\t\t\t<\/div>\n\t\t","protected":false},"excerpt":{"rendered":"<p>Verkaufsbedingungen und Konditionen Die vorliegenden allgemeinen Gesch\u00e4ftsbedingungen f\u00fcr den Online-Verkauf regeln den Kaufvertrag (im Folgenden der &#8222;Vertrag&#8220;) von Produkten (im Folgenden das &#8222;Produkt&#8220; oder die &#8222;Produkte&#8220;), die von GREEN HABITAT SRL via Fiume Vecchio 128\/A &#8211; 40062 Molinella (Bo) &#8211; Italien, CF\/VAT Nr. 03460751203, &#8211; \u00fcber ihre Internetseite http:\/\/www.greenhabitat.it (im Folgenden die &#8222;Seite&#8220;) den Benutzern [&hellip;]<\/p>\n","protected":false},"author":3,"featured_media":0,"parent":0,"menu_order":0,"comment_status":"closed","ping_status":"closed","template":"","meta":{"_acf_changed":false,"content-type":"","footnotes":""},"class_list":["post-8288","page","type-page","status-publish","hentry"],"acf":[],"_links":{"self":[{"href":"https:\/\/greenhabitat.it\/de\/wp-json\/wp\/v2\/pages\/8288","targetHints":{"allow":["GET"]}}],"collection":[{"href":"https:\/\/greenhabitat.it\/de\/wp-json\/wp\/v2\/pages"}],"about":[{"href":"https:\/\/greenhabitat.it\/de\/wp-json\/wp\/v2\/types\/page"}],"author":[{"embeddable":true,"href":"https:\/\/greenhabitat.it\/de\/wp-json\/wp\/v2\/users\/3"}],"replies":[{"embeddable":true,"href":"https:\/\/greenhabitat.it\/de\/wp-json\/wp\/v2\/comments?post=8288"}],"version-history":[{"count":2,"href":"https:\/\/greenhabitat.it\/de\/wp-json\/wp\/v2\/pages\/8288\/revisions"}],"predecessor-version":[{"id":8293,"href":"https:\/\/greenhabitat.it\/de\/wp-json\/wp\/v2\/pages\/8288\/revisions\/8293"}],"wp:attachment":[{"href":"https:\/\/greenhabitat.it\/de\/wp-json\/wp\/v2\/media?parent=8288"}],"curies":[{"name":"wp","href":"https:\/\/api.w.org\/{rel}","templated":true}]}}